{"id":161671,"date":"2025-12-19T01:50:45","date_gmt":"2025-12-18T22:50:45","guid":{"rendered":"https:\/\/baldumarket.lt\/product\/front-zmywarki-60-cm-d60fzn-langen-grey\/"},"modified":"2026-02-08T11:32:13","modified_gmt":"2026-02-08T08:32:13","slug":"front-zmywarki-60-cm-d60fzn-langen-grey","status":"publish","type":"product","link":"https:\/\/baldumarket.lt\/lt\/product\/front-zmywarki-60-cm-d60fzn-langen-grey\/","title":{"rendered":"Indaplov\u0117 su priekine dalimi, 60 cm, D60FZN, pilka"},"content":{"rendered":"<p>\u012esivaizduokite savo virtuv\u0117s interjer\u0105, praturtint\u0105 elegancija ir modernumu, d\u0117ka pilkos \u201eLangen\u201c indaplov\u0117s priekin\u0117s dalies. Sukurtas garsaus \u201eGa\u0142a Meble\u201c prek\u0117s \u017eenklo, \u0161is stilingas priekinis skydelis suteiks charakterio bet kuriam kambariui. Matin\u0117 pilka spalva spinduliuoja subtil\u0173 \u017eaves\u012f, u\u017etikrina universalum\u0105 ir lengv\u0105 pritaikym\u0105 \u012fvairioms interjero dizaino tendencijoms. Patikimumas ir atsparumas pa\u017eeidimams yra \u0161io gaminio skiriamieji bruo\u017eai. Nepaisant minimalistin\u0117s i\u0161vaizdos, MDF plok\u0161t\u0117, i\u0161 kurios pagaminta priekin\u0117 dalis, yra itin patvari. Tai u\u017etikrina ilgalaik\u0119 estetik\u0105 neprarandant funkcionalumo. Rafinuota estetika puikiai dera su moderniais prietaisais ir spalvomis, sukurdama darni\u0105 visum\u0105 j\u016bs\u0173 virtuv\u0117je. \u0160io priekinio skydelio funkcionalumo negalima pervertinti. Juodos metalin\u0117s ranken\u0117l\u0117s arba modernios atidarymo spustel\u0117jus sistemos pasirinkimas leid\u017eia pritaikyti priekin\u0119 dal\u012f pagal individualius poreikius ir pageidavimus. Nepriklausomai nuo j\u016bs\u0173 pasirinkimo, abu variantai si\u016blo paprast\u0105 naudojim\u0105 ir didel\u012f valdymo komfort\u0105.<\/p>","protected":false},"excerpt":{"rendered":"<p>Plotis (cm): 60<br \/>\n\u016agis (cm): 57<br \/>\nKolekcija: Langen Grey Kitchen<\/p>","protected":false},"featured_media":161672,"comment_status":"open","ping_status":"open","template":"","meta":[],"product_brand":[],"product_cat":[9449,1043,4106],"product_tag":[],"class_list":{"0":"post-161671","1":"product","2":"type-product","3":"status-publish","4":"has-post-thumbnail","6":"product_cat-kitchen-system-langen-beige-dab-artisan","7":"product_cat-extras","8":"product_cat-gala-meble","10":"first","11":"instock","12":"purchasable","13":"product-type-simple"},"_links":{"self":[{"href":"https:\/\/baldumarket.lt\/lt\/wp-json\/wp\/v2\/product\/161671","targetHints":{"allow":["GET"]}}],"collection":[{"href":"https:\/\/baldumarket.lt\/lt\/wp-json\/wp\/v2\/product"}],"about":[{"href":"https:\/\/baldumarket.lt\/lt\/wp-json\/wp\/v2\/types\/product"}],"replies":[{"embeddable":true,"href":"https:\/\/baldumarket.lt\/lt\/wp-json\/wp\/v2\/comments?post=161671"}],"wp:featuredmedia":[{"embeddable":true,"href":"https:\/\/baldumarket.lt\/lt\/wp-json\/wp\/v2\/media\/161672"}],"wp:attachment":[{"href":"https:\/\/baldumarket.lt\/lt\/wp-json\/wp\/v2\/media?parent=161671"}],"wp:term":[{"taxonomy":"product_brand","embeddable":true,"href":"https:\/\/baldumarket.lt\/lt\/wp-json\/wp\/v2\/product_brand?post=161671"},{"taxonomy":"product_cat","embeddable":true,"href":"https:\/\/baldumarket.lt\/lt\/wp-json\/wp\/v2\/product_cat?post=161671"},{"taxonomy":"product_tag","embeddable":true,"href":"https:\/\/baldumarket.lt\/lt\/wp-json\/wp\/v2\/product_tag?post=161671"}],"curies":[{"name":"wp","href":"https:\/\/api.w.org\/{rel}","templated":true}]}}