{"id":161668,"date":"2025-12-19T01:50:37","date_gmt":"2025-12-18T22:50:37","guid":{"rendered":"https:\/\/baldumarket.lt\/product\/front-zmywarki-60-cm-d60fzn-linea-grey-szary-mat\/"},"modified":"2026-02-08T10:43:20","modified_gmt":"2026-02-08T07:43:20","slug":"front-zmywarki-60-cm-d60fzn-linea-grey-szary-mat","status":"publish","type":"product","link":"https:\/\/baldumarket.lt\/lt\/product\/front-zmywarki-60-cm-d60fzn-linea-grey-szary-mat\/","title":{"rendered":"Indaplov\u0117s priekin\u0117 dalis 60 cm D60FZN Linea pilka matin\u0117"},"content":{"rendered":"<p>Pakelkite savo virtuv\u0119 \u012f kit\u0105 lyg\u012f su m\u016bs\u0173 D60FZN Linea indaplov\u0117s priekiu. U\u017etenka vieno \u017evilgsnio, kad pamatytum\u0117te, kaip matin\u0117 pilka apdaila subtiliai suteikia elegancijos bet kokiam interjerui. D\u0117l stilingo dizaino ji puikiai tinka tiek moderniam, tiek klasikiniam interjerui. Tai puikus pasirinkimas tiems, kurie vertina paprastum\u0105 ir rafinuotum\u0105.<\/p>\n<p>D\u0117l \u0161io elemento gerai apgalvoto funkcionalumo kasdienis virtuv\u0117s naudojimas taps malonumu. \u0160iuolaiki\u0161ka, ta\u010diau nesenstanti estetika kiekvien\u0105 patiekal\u0105 paver\u010dia unikalia patirtimi. Jis si\u016blo harmoning\u0105 spalv\u0173 ir tekst\u016br\u0173 derin\u012f, suteikiant\u012f net papras\u010diausiems daiktams stiling\u0105 akcent\u0105.<\/p>\n<p>Juodo metalo rankena suteikia modernumo ir pabr\u0117\u017eia pilko MDF subtilum\u0105. \u0160is derinys garantuoja, kad kiekviena erdv\u0117 \u012fgaus eleganti\u0161k\u0105 i\u0161vaizd\u0105, i\u0161laikant individual\u0173 stili\u0173. Sukurta atsi\u017evelgiant \u012f \u0161iuolaikines tendencijas, \u0161i indaplov\u0117s priekin\u0117 dalis leid\u017eia sukurti vientis\u0105 ir harmoning\u0105 interjer\u0105.<\/p>\n<p>Sukurkite erdv\u0119, kurioje kiekvienas dekoratyvinis elementas atitikt\u0173 j\u016bs\u0173 gro\u017eio ir prakti\u0161kumo vizij\u0105. D60FZN Linea fasadas \u2013 patikimas b\u016bdas esteti\u0161kai integruoti prietaisus \u012f j\u016bs\u0173 virtuv\u0119. \u0160varios linijos ir unikalios spalvos suteiks j\u016bs\u0173 virtuvei modern\u0173 charakter\u012f ir kartu u\u017etikrins jos funkcionalum\u0105.<\/p>\n<p>Intuityviai sukurti savaranki\u0161kam surinkimui, jie leid\u017eia greitai ir lengvai pakeisti virtuv\u0117s bald\u0173 i\u0161vaizd\u0105. M\u016bs\u0173 asortimentas ne tik pagerina i\u0161vaizd\u0105, bet, svarbiausia, padidina kasdienio naudojimo komfort\u0105.<\/p>","protected":false},"excerpt":{"rendered":"<p>Plotis (cm): 60<br \/>\n\u016agis (cm): 57<br \/>\nKolekcija: \u201eLinea Grey\u201c virtuv\u0117<\/p>","protected":false},"featured_media":161669,"comment_status":"open","ping_status":"open","template":"","meta":[],"product_brand":[],"product_cat":[9448,9251,9441,4106],"product_tag":[],"class_list":{"0":"post-161668","1":"product","2":"type-product","3":"status-publish","4":"has-post-thumbnail","6":"product_cat-kitchen-system-linea-grey","7":"product_cat-musor","8":"product_cat-white","9":"product_cat-gala-meble","11":"first","12":"instock","13":"purchasable","14":"product-type-simple"},"_links":{"self":[{"href":"https:\/\/baldumarket.lt\/lt\/wp-json\/wp\/v2\/product\/161668","targetHints":{"allow":["GET"]}}],"collection":[{"href":"https:\/\/baldumarket.lt\/lt\/wp-json\/wp\/v2\/product"}],"about":[{"href":"https:\/\/baldumarket.lt\/lt\/wp-json\/wp\/v2\/types\/product"}],"replies":[{"embeddable":true,"href":"https:\/\/baldumarket.lt\/lt\/wp-json\/wp\/v2\/comments?post=161668"}],"wp:featuredmedia":[{"embeddable":true,"href":"https:\/\/baldumarket.lt\/lt\/wp-json\/wp\/v2\/media\/161669"}],"wp:attachment":[{"href":"https:\/\/baldumarket.lt\/lt\/wp-json\/wp\/v2\/media?parent=161668"}],"wp:term":[{"taxonomy":"product_brand","embeddable":true,"href":"https:\/\/baldumarket.lt\/lt\/wp-json\/wp\/v2\/product_brand?post=161668"},{"taxonomy":"product_cat","embeddable":true,"href":"https:\/\/baldumarket.lt\/lt\/wp-json\/wp\/v2\/product_cat?post=161668"},{"taxonomy":"product_tag","embeddable":true,"href":"https:\/\/baldumarket.lt\/lt\/wp-json\/wp\/v2\/product_tag?post=161668"}],"curies":[{"name":"wp","href":"https:\/\/api.w.org\/{rel}","templated":true}]}}