{"id":161664,"date":"2025-12-19T01:50:30","date_gmt":"2025-12-18T22:50:30","guid":{"rendered":"https:\/\/baldumarket.lt\/product\/front-zmywarki-60-cm-d60fzn-linea-white-bialy-mat\/"},"modified":"2026-02-06T13:27:12","modified_gmt":"2026-02-06T10:27:12","slug":"front-zmywarki-60-cm-d60fzn-linea-white-bialy-mat","status":"publish","type":"product","link":"https:\/\/baldumarket.lt\/lt\/product\/front-zmywarki-60-cm-d60fzn-linea-white-bialy-mat\/","title":{"rendered":"Indaplov\u0117s priekin\u0117 dalis 60 cm D60FZN Linea balta matin\u0117"},"content":{"rendered":"<p>Atraskite elegancij\u0105 ir modernum\u0105 su \u201eGa\u0142a Meble\u201c matin\u0117s baltos spalvos \u201eLinea White D60FZN\u201c indaplov\u0117s priekiu. \u0160is stilingas virtuv\u0117s elementas traukia d\u0117mes\u012f subtilia, ta\u010diau rafinuota i\u0161vaizda, puikiai tinkan\u010dia bet kuriai moderniai virtuvei. Matin\u0117s baltos spalvos priekis sukuria harmoning\u0105 visum\u0105, suteikian\u010di\u0105 interjerui lengvumo ir gaivumo.<\/p>\n<p>Meistri\u0161kai pagaminta i\u0161 auk\u0161tos kokyb\u0117s MDF plok\u0161t\u0117s, \u201eLinea White\u201c indaplov\u0117s priekin\u0117 dalis pasi\u017eymi ne tik estetiniu patrauklumu, bet ir patvarumu bei atsparumu kasdieniam d\u0117v\u0117jimuisi. Matin\u0117 apdaila suteikia jai elegancijos ir suma\u017eina smulki\u0173 nusid\u0117v\u0117jimo po\u017eymi\u0173 matomum\u0105. Tai puikus sprendimas tiems, kurie vertina gro\u017e\u012f kiekvienoje detal\u0117je.<\/p>\n<p>Auksin\u0117s metalin\u0117s ranken\u0117l\u0117s suteikia priekiui unikal\u0173 charakter\u012f ir subtil\u0173 blizges\u012f, kontrastuojan\u010di\u0105 su baltu fonu. \u0160is unikalus spalv\u0173 derinys suteikia virtuvei prabangos prisilietim\u0105, i\u0161laikant modern\u0173 paprastum\u0105. Rankenos, pagamintos i\u0161 patvaraus metalo, yra patogios naudoti ir puikiai dera su kitais virtuv\u0117s dizaino elementais.<\/p>\n<p>\u201eLinea White\u201c indaplov\u0117s priekin\u0117s dalies montavimas patiems nereikalauja joki\u0173 speciali\u0173 \u012fg\u016bd\u017ei\u0173, tod\u0117l tai idealus pasirinkimas \u201epasidaryk pats\u201c entuziastams. Pridedami visi reikalingi komponentai ir instrukcijos, tod\u0117l gal\u0117site greitai ir be vargo integruoti \u012frengin\u012f \u012f savo virtuv\u0117s erdv\u0119. Tai rei\u0161kia, kad gal\u0117site m\u0117gautis nauja i\u0161vaizda akimirksniu.<\/p>\n<p>Nelaukite ilgiau ir suteikite savo virtuvei neprilygstamos elegancijos su \u201eLinea White D60FZN\u201c indaplov\u0117s priekiu. \u0160is stilingas ir funkcionalus elementas neabejotinai suteiks j\u016bs\u0173 virtuvei unikalaus charakterio ir pavers kasdienius darbus malonumu. Rinkit\u0117s kokyb\u0119 ir dizain\u0105, kurie d\u017eiugins j\u016bs\u0173 akis ilgus metus!<\/p>","protected":false},"excerpt":{"rendered":"<p>Plotis (cm): 60<br \/>\n\u016agis (cm): 57<br \/>\nGylis (cm): 59,6<\/p>","protected":false},"featured_media":161665,"comment_status":"open","ping_status":"open","template":"","meta":[],"product_brand":[],"product_cat":[9446,9251,4106],"product_tag":[],"class_list":{"0":"post-161664","1":"product","2":"type-product","3":"status-publish","4":"has-post-thumbnail","6":"product_cat-kitchen-system-linea-white","7":"product_cat-musor","8":"product_cat-gala-meble","10":"first","11":"instock","12":"purchasable","13":"product-type-simple"},"_links":{"self":[{"href":"https:\/\/baldumarket.lt\/lt\/wp-json\/wp\/v2\/product\/161664","targetHints":{"allow":["GET"]}}],"collection":[{"href":"https:\/\/baldumarket.lt\/lt\/wp-json\/wp\/v2\/product"}],"about":[{"href":"https:\/\/baldumarket.lt\/lt\/wp-json\/wp\/v2\/types\/product"}],"replies":[{"embeddable":true,"href":"https:\/\/baldumarket.lt\/lt\/wp-json\/wp\/v2\/comments?post=161664"}],"wp:featuredmedia":[{"embeddable":true,"href":"https:\/\/baldumarket.lt\/lt\/wp-json\/wp\/v2\/media\/161665"}],"wp:attachment":[{"href":"https:\/\/baldumarket.lt\/lt\/wp-json\/wp\/v2\/media?parent=161664"}],"wp:term":[{"taxonomy":"product_brand","embeddable":true,"href":"https:\/\/baldumarket.lt\/lt\/wp-json\/wp\/v2\/product_brand?post=161664"},{"taxonomy":"product_cat","embeddable":true,"href":"https:\/\/baldumarket.lt\/lt\/wp-json\/wp\/v2\/product_cat?post=161664"},{"taxonomy":"product_tag","embeddable":true,"href":"https:\/\/baldumarket.lt\/lt\/wp-json\/wp\/v2\/product_tag?post=161664"}],"curies":[{"name":"wp","href":"https:\/\/api.w.org\/{rel}","templated":true}]}}