{"id":161660,"date":"2025-12-19T01:50:22","date_gmt":"2025-12-18T22:50:22","guid":{"rendered":"https:\/\/baldumarket.lt\/product\/front-zmywarki-60-cm-d60fzw-aspen-grey-szary-polysk\/"},"modified":"2026-02-08T10:19:00","modified_gmt":"2026-02-08T07:19:00","slug":"front-zmywarki-60-cm-d60fzw-aspen-grey-szary-polysk","status":"publish","type":"product","link":"https:\/\/baldumarket.lt\/lt\/product\/front-zmywarki-60-cm-d60fzw-aspen-grey-szary-polysk\/","title":{"rendered":"Indaplov\u0117 su priekine dalimi, 60 cm, D60FZW, blizgi drebul\u0117s pilkumo"},"content":{"rendered":"<p>Papuo\u0161kite savo virtuv\u0119 moderniu, stilingu akcentu su \u201eAspen Grey\u201c indaplov\u0117s priekiu su blizgia pilka apdaila i\u0161 \u201eGa\u0142a Meble\u201c. \u0160is eleganti\u0161kas pavir\u0161ius yra tikras meno k\u016brinys tarp fasad\u0173, i\u0161siskiriantis rafinuota estetika ir nepriekai\u0161tinga apdaila. Blizgi pilka spalva ne tik papildo daugum\u0105 \u0161iuolaikini\u0173 interjer\u0173, bet ir suteikia jiems modern\u0173 charakter\u012f, sukurdama tobul\u0105 fon\u0105 kitiems baldams.<\/p>\n<p>Nesvarbu, ar m\u0117gstate \u0161aunius, minimalistinius dizainus, ar \u0161ilt\u0105, skandinavi\u0161k\u0105 atmosfer\u0105, \u201eAspen Grey\u201c fasadas puikiai papildys bet kok\u012f interjer\u0105, suteikdamas jam subtilaus \u017eavesio. Klasikin\u0117 pilka spalva dera su \u012fvairiomis spalvomis ir tekst\u016bromis, tod\u0117l j\u0105 lengva integruoti \u012f esam\u0105 virtuv\u0117s erdv\u0119.<\/p>\n<p>\u0160ios fasado prakti\u0161kumas neatsiejamas nuo i\u0161skirtinio gro\u017eio. Pagamintas i\u0161 auk\u0161tos kokyb\u0117s MDF plok\u0161t\u0117s, jis u\u017etikrina ilgaam\u017ei\u0161kum\u0105 ir atsparum\u0105 kasdieniam naudojimui. Tod\u0117l tai idealus sprendimas tiems, kurie savo namuose skiria d\u0117mesio kiekvienai detalei, taip pat ir tiems, kurie vertina unikalius interjero dizaino sprendimus.<\/p>\n<p>Be to, \u201epasidaryk pats\u201c surinkimo sistema yra sumaniai suprojektuota, tod\u0117l montavimas yra greitas ir paprastas net tiems, kurie paprastai n\u0117ra \u201epasidaryk pats\u201c entuziastai. D\u0117l to \u201eAspen Grey\u201c fasadas yra ne tik pilnai funkcionalus pirkinys, bet ir suteikia pasitenkinim\u0105 u\u017ebaigus dar vien\u0105 nam\u0173 projekt\u0105.<\/p>","protected":false},"excerpt":{"rendered":"<p>Plotis (cm): 60<br \/>\n\u016agis (cm): 71,3<br \/>\nKolekcija: Aspen Grey virtuv\u0117<\/p>","protected":false},"featured_media":161661,"comment_status":"open","ping_status":"open","template":"","meta":[],"product_brand":[],"product_cat":[9451,9251,4106],"product_tag":[],"class_list":{"0":"post-161660","1":"product","2":"type-product","3":"status-publish","4":"has-post-thumbnail","6":"product_cat-kitchen-system-aspen-grey","7":"product_cat-musor","8":"product_cat-gala-meble","10":"first","11":"instock","12":"purchasable","13":"product-type-simple"},"_links":{"self":[{"href":"https:\/\/baldumarket.lt\/lt\/wp-json\/wp\/v2\/product\/161660","targetHints":{"allow":["GET"]}}],"collection":[{"href":"https:\/\/baldumarket.lt\/lt\/wp-json\/wp\/v2\/product"}],"about":[{"href":"https:\/\/baldumarket.lt\/lt\/wp-json\/wp\/v2\/types\/product"}],"replies":[{"embeddable":true,"href":"https:\/\/baldumarket.lt\/lt\/wp-json\/wp\/v2\/comments?post=161660"}],"wp:featuredmedia":[{"embeddable":true,"href":"https:\/\/baldumarket.lt\/lt\/wp-json\/wp\/v2\/media\/161661"}],"wp:attachment":[{"href":"https:\/\/baldumarket.lt\/lt\/wp-json\/wp\/v2\/media?parent=161660"}],"wp:term":[{"taxonomy":"product_brand","embeddable":true,"href":"https:\/\/baldumarket.lt\/lt\/wp-json\/wp\/v2\/product_brand?post=161660"},{"taxonomy":"product_cat","embeddable":true,"href":"https:\/\/baldumarket.lt\/lt\/wp-json\/wp\/v2\/product_cat?post=161660"},{"taxonomy":"product_tag","embeddable":true,"href":"https:\/\/baldumarket.lt\/lt\/wp-json\/wp\/v2\/product_tag?post=161660"}],"curies":[{"name":"wp","href":"https:\/\/api.w.org\/{rel}","templated":true}]}}