{"id":161657,"date":"2025-12-19T01:50:17","date_gmt":"2025-12-18T22:50:17","guid":{"rendered":"https:\/\/baldumarket.lt\/product\/front-zmywarki-60-cm-d60fzw-aspen-white-bialy-polysk\/"},"modified":"2026-02-08T11:24:02","modified_gmt":"2026-02-08T08:24:02","slug":"front-zmywarki-60-cm-d60fzw-aspen-white-bialy-polysk","status":"publish","type":"product","link":"https:\/\/baldumarket.lt\/lt\/product\/front-zmywarki-60-cm-d60fzw-aspen-white-bialy-polysk\/","title":{"rendered":"Indaplov\u0117 su priekine rankena, 60 cm, D60FZW, drebul\u0117s baltumo blizgi balta"},"content":{"rendered":"<p>Atraskite elegancij\u0105 ir funkcionalum\u0105 su garsaus \u201eGa\u0142a Meble\u201c prek\u0117s \u017eenklo D60FZW Aspen White indaplov\u0117s priekiu. Blizgi balta apdaila papuo\u0161 bet kuri\u0105 virtuv\u0119, suteikdama jai modern\u0173 ir gaiv\u0173 vaizd\u0105. \u0160i unikali priekin\u0117 dalis puikiai tinka tiems, kurie vertina stili\u0173 ir d\u0117mes\u012f detal\u0117ms \u2013 paprastumo ir rafinuotumo derin\u012f, kuris niekada nei\u0161eina i\u0161 mados.<\/p>\n<p>\u0160io elemento akcentas \u2013 nepriekai\u0161tinga balta spalva, kuri atspindi \u0161vies\u0105, tod\u0117l virtuv\u0117s erdv\u0117 tampa \u0161viesesn\u0117 ir erdvesn\u0117. Jis puikiai dera su \u012fvairiais interjero stiliais \u2013 nuo minimalistinio iki klasikinio, tod\u0117l yra ne\u012ftik\u0117tinai universalus pasirinkimas. Blizgi balta spalva taip pat lengvai valoma, tod\u0117l j\u016bs\u0173 virtuv\u0117 visada atrodo \u0161vari.<\/p>\n<p>\u0160is fasadas pagamintas i\u0161 patvarios MDF plok\u0161t\u0117s, u\u017etikrinan\u010dios jo ilgaam\u017ei\u0161kum\u0105 ir atsparum\u0105 kasdieniam naudojimui. \u0160i med\u017eiaga taip pat yra lengva, tod\u0117l j\u0105 lengva sumontuoti. J\u012f galite lengvai sumontuoti patys, o tai dar labiau padidina jo prakti\u0161kum\u0105 ir prieinamum\u0105.<\/p>\n<p>Suteikite savo virtuvei nauj\u0105 stiliaus ir komforto dimensij\u0105! Indaplov\u0117s priekin\u0117 dalis, kurios plotis yra 60 cm, o auk\u0161tis \u2013 71,3 cm, puikiai tiks j\u016bs\u0173 nam\u0173 erdv\u0117je. \u201eGa\u0142a Meble\u201c \u2013 tai kokyb\u0117s ir modernaus dizaino sinonimas, tod\u0117l jos gaminiai yra populiarus pasirinkimas tarp t\u0173, kurie vertina gro\u017e\u012f ir funkcionalum\u0105. Investuokite \u012f gamin\u012f, kuris suteiks j\u016bs\u0173 interjerui klas\u0117s ir pavers kasdienius darbus malonumu.<\/p>","protected":false},"excerpt":{"rendered":"<p>Plotis (cm): 60<br \/>\n\u016agis (cm): 71,3<br \/>\nKolekcija: Aspen White virtuv\u0117<\/p>","protected":false},"featured_media":161658,"comment_status":"open","ping_status":"open","template":"","meta":[],"product_brand":[],"product_cat":[9445,9251,4106],"product_tag":[],"class_list":{"0":"post-161657","1":"product","2":"type-product","3":"status-publish","4":"has-post-thumbnail","6":"product_cat-kitchen-system-aspen-white","7":"product_cat-musor","8":"product_cat-gala-meble","10":"first","11":"instock","12":"purchasable","13":"product-type-simple"},"_links":{"self":[{"href":"https:\/\/baldumarket.lt\/lt\/wp-json\/wp\/v2\/product\/161657","targetHints":{"allow":["GET"]}}],"collection":[{"href":"https:\/\/baldumarket.lt\/lt\/wp-json\/wp\/v2\/product"}],"about":[{"href":"https:\/\/baldumarket.lt\/lt\/wp-json\/wp\/v2\/types\/product"}],"replies":[{"embeddable":true,"href":"https:\/\/baldumarket.lt\/lt\/wp-json\/wp\/v2\/comments?post=161657"}],"wp:featuredmedia":[{"embeddable":true,"href":"https:\/\/baldumarket.lt\/lt\/wp-json\/wp\/v2\/media\/161658"}],"wp:attachment":[{"href":"https:\/\/baldumarket.lt\/lt\/wp-json\/wp\/v2\/media?parent=161657"}],"wp:term":[{"taxonomy":"product_brand","embeddable":true,"href":"https:\/\/baldumarket.lt\/lt\/wp-json\/wp\/v2\/product_brand?post=161657"},{"taxonomy":"product_cat","embeddable":true,"href":"https:\/\/baldumarket.lt\/lt\/wp-json\/wp\/v2\/product_cat?post=161657"},{"taxonomy":"product_tag","embeddable":true,"href":"https:\/\/baldumarket.lt\/lt\/wp-json\/wp\/v2\/product_tag?post=161657"}],"curies":[{"name":"wp","href":"https:\/\/api.w.org\/{rel}","templated":true}]}}