{"id":161654,"date":"2025-12-19T01:50:11","date_gmt":"2025-12-18T22:50:11","guid":{"rendered":"https:\/\/baldumarket.lt\/product\/front-zmywarki-60-cm-d60fzw-langen-artisan\/"},"modified":"2026-02-06T12:56:47","modified_gmt":"2026-02-06T09:56:47","slug":"front-zmywarki-60-cm-d60fzw-langen-artisan","status":"publish","type":"product","link":"https:\/\/baldumarket.lt\/lt\/product\/front-zmywarki-60-cm-d60fzw-langen-artisan\/","title":{"rendered":"Indaplov\u0117 su priekine 60 cm konstrukcija D60FZW Langen Artisan"},"content":{"rendered":"<p>Pristatome \u201eLangen Artisan 60 cm D60FZW\u201c indaplov\u0117s priekin\u0119 dal\u012f \u2013 puik\u0173 pasirinkim\u0105 visiems, norintiems savo virtuvei suteikti elegancijos ir funkcionalumo. \u0160i unikali priekin\u0117 dalis buvo sukurta tiems, kurie vertina klasikin\u012f gro\u017e\u012f ir modernius, prakti\u0161kus sprendimus. \u201eArtisan Oak\u201c apdaila suteiks j\u016bs\u0173 virtuvei nauj\u0105 dimensij\u0105, harmoningai derindama med\u017eio \u0161ilum\u0105 su moderniu dizainu.<\/p>\n<p>\u0160is unikalus dizainas pasi\u017eymi nat\u016bralia i\u0161vaizda, kuri \u017eavi savo paprastumu ir elegancija. Laminuotas priekis yra atsparus kasdieniams pa\u017eeidimams, tod\u0117l idealiai tinka net ir reikliausioms virtuv\u0117s aplinkoms. Blizgi juoda metalin\u0117 rankena suteikia klasikinio \u017eavesio ir puikiai papildo \u0161iltus med\u017eio atspalvius, sukurdama darni\u0105 ir stiling\u0105 i\u0161vaizd\u0105.<\/p>\n<p>Pasirinkdami klasikin\u0119 ranken\u0105 arba atidarymo spustel\u0117jus sistem\u0105, turite visi\u0161k\u0105 laisv\u0119 pritaikyti indaplov\u0117s priek\u012f pagal savo individualius poreikius ir pageidavimus. Tai puikus sprendimas tiems, kurie nori moderni\u0173 sprendim\u0173 ir vertina paprast\u0105 naudojim\u0105. Surinkimas patiems leid\u017eia greitai ir be vargo sumontuoti.<\/p>\n<p>U\u017etikrinkite savo virtuv\u0117s estetik\u0105 ir rinkit\u0117s \u201eLangen Artisan\u201c indaplov\u0117s priekin\u0119 dal\u012f, kuri pabr\u0117\u0161 unikal\u0173 j\u016bs\u0173 interjero charakter\u012f. Palepinkite save prabangos ir komforto prisilietimu, pasirinkdami gamin\u012f, kuris derina gro\u017e\u012f ir ilgaam\u017ei\u0161kum\u0105, kuris kasdien d\u017eiugins j\u016bs\u0173 ak\u012f ir supaprastins kasdienius darbus.<\/p>","protected":false},"excerpt":{"rendered":"<p>Plotis (cm): 60<br \/>\n\u016agis (cm): 71,3<br \/>\nKolekcijaLangen Artisan Kitchen<\/p>","protected":false},"featured_media":161655,"comment_status":"open","ping_status":"open","template":"","meta":[],"product_brand":[],"product_cat":[9442,9251,4106],"product_tag":[],"class_list":{"0":"post-161654","1":"product","2":"type-product","3":"status-publish","4":"has-post-thumbnail","6":"product_cat-kitchen-system-langen-dab-artisan","7":"product_cat-musor","8":"product_cat-gala-meble","10":"first","11":"instock","12":"purchasable","13":"product-type-simple"},"_links":{"self":[{"href":"https:\/\/baldumarket.lt\/lt\/wp-json\/wp\/v2\/product\/161654","targetHints":{"allow":["GET"]}}],"collection":[{"href":"https:\/\/baldumarket.lt\/lt\/wp-json\/wp\/v2\/product"}],"about":[{"href":"https:\/\/baldumarket.lt\/lt\/wp-json\/wp\/v2\/types\/product"}],"replies":[{"embeddable":true,"href":"https:\/\/baldumarket.lt\/lt\/wp-json\/wp\/v2\/comments?post=161654"}],"wp:featuredmedia":[{"embeddable":true,"href":"https:\/\/baldumarket.lt\/lt\/wp-json\/wp\/v2\/media\/161655"}],"wp:attachment":[{"href":"https:\/\/baldumarket.lt\/lt\/wp-json\/wp\/v2\/media?parent=161654"}],"wp:term":[{"taxonomy":"product_brand","embeddable":true,"href":"https:\/\/baldumarket.lt\/lt\/wp-json\/wp\/v2\/product_brand?post=161654"},{"taxonomy":"product_cat","embeddable":true,"href":"https:\/\/baldumarket.lt\/lt\/wp-json\/wp\/v2\/product_cat?post=161654"},{"taxonomy":"product_tag","embeddable":true,"href":"https:\/\/baldumarket.lt\/lt\/wp-json\/wp\/v2\/product_tag?post=161654"}],"curies":[{"name":"wp","href":"https:\/\/api.w.org\/{rel}","templated":true}]}}