{"id":161650,"date":"2025-12-19T01:50:04","date_gmt":"2025-12-18T22:50:04","guid":{"rendered":"https:\/\/baldumarket.lt\/product\/front-zmywarki-60-cm-d60fzw-langen-beige\/"},"modified":"2026-02-06T13:41:51","modified_gmt":"2026-02-06T10:41:51","slug":"front-zmywarki-60-cm-d60fzw-langen-beige","status":"publish","type":"product","link":"https:\/\/baldumarket.lt\/lt\/product\/front-zmywarki-60-cm-d60fzw-langen-beige\/","title":{"rendered":"Indaplov\u0117s priekis 60 cm D60FZW Langen Beige"},"content":{"rendered":"<p>Atraskite garsaus \u201eGa\u0142a Meble\u201c prek\u0117s \u017eenklo \u201eLangen Beige\u201c 60 cm indaplov\u0117s priekin\u0119 dal\u012f ir suteikite savo virtuvei \u0161ilumos bei elegancijos. \u0160is stilingas apdailos elementas diskreti\u0161kai suvienodina kambario estetik\u0105 ir suteikia unikalaus charakterio. Subtilus matinis sm\u0117lio spalvos atspalvis leid\u017eia lengvai integruotis \u012f daugum\u0105 interjer\u0173, o prislopinti atspalviai sukuria rami\u0105 ir jauki\u0105 atmosfer\u0105.<\/p>\n<p>\u201eGa\u0142a Meble\u201c indaplov\u0117s priekin\u0117s dalies stipryb\u0117 \u2013 modernus, ta\u010diau klasikinis dizainas, kuris patraukia ak\u012f i\u0161 pirmo \u017evilgsnio. Idealus 60 cm plotis leid\u017eia jai puikiai der\u0117ti prie kit\u0173 virtuv\u0117s element\u0173 ir tapti neatsiejama jos dalimi. Puikios proporcijos garantuoja harmonij\u0105 ir funkcionalum\u0105, o surinkimas u\u017etrunka minimaliai.<\/p>\n<p>\u0160is gaminys i\u0161siskiria ne tik estetika, bet ir funkcionalumu. Tvirta MDF konstrukcija u\u017etikrina ilgaam\u017ei\u0161kum\u0105, tod\u0117l priekin\u0117 dalis lengvai atlaiko kasdien\u012f naudojim\u0105. \u0160is sprendimas skirtas reikliems klientams, kurie vertina ne tik i\u0161vaizd\u0105, bet ir prakti\u0161kum\u0105 bei patikimum\u0105.<\/p>\n<p>Subtilus kontrastas sukuriamas juodo metalo rankenos, kuri suteikia bendram dizainui modernumo. Naudojimo malonumas yra vienas i\u0161 daugelio aspekt\u0173, d\u0117l kuri\u0173 \u0161i indaplov\u0117s priekin\u0117 dalis yra unikali. \u012esivaizduokite, kad lengvai atidarote ir u\u017edarote indaplov\u0119, m\u0117gaudamiesi jus supan\u010dios virtuv\u0117s erdv\u0117s gro\u017eiu ir harmonija.<\/p>\n<p>\u201eGa\u0142a Meble\u201c \u017eino, kaip suderinti estetik\u0105 su funkcionalumu, si\u016blydama gaminius, kurie ne tik puikiai atrodo, bet ir tarnauja ilgus metus. \u201eLangen Beige\u201c indaplov\u0117s priekin\u0117 dalis yra puikus pasirinkimas, pateisinantis net ir reikliausi\u0173 klient\u0173, siekian\u010di\u0173 tobulumo kiekvienoje detal\u0117je, l\u016bkes\u010dius.<\/p>","protected":false},"excerpt":{"rendered":"<p>Plotis (cm): 60<br \/>\n\u016agis (cm): 71,3<br \/>\nKolekcija: Langen Beige Kitchen<\/p>","protected":false},"featured_media":161651,"comment_status":"open","ping_status":"open","template":"","meta":[],"product_brand":[],"product_cat":[9449,9251,4106],"product_tag":[],"class_list":{"0":"post-161650","1":"product","2":"type-product","3":"status-publish","4":"has-post-thumbnail","6":"product_cat-kitchen-system-langen-beige-dab-artisan","7":"product_cat-musor","8":"product_cat-gala-meble","10":"first","11":"instock","12":"purchasable","13":"product-type-simple"},"_links":{"self":[{"href":"https:\/\/baldumarket.lt\/lt\/wp-json\/wp\/v2\/product\/161650","targetHints":{"allow":["GET"]}}],"collection":[{"href":"https:\/\/baldumarket.lt\/lt\/wp-json\/wp\/v2\/product"}],"about":[{"href":"https:\/\/baldumarket.lt\/lt\/wp-json\/wp\/v2\/types\/product"}],"replies":[{"embeddable":true,"href":"https:\/\/baldumarket.lt\/lt\/wp-json\/wp\/v2\/comments?post=161650"}],"wp:featuredmedia":[{"embeddable":true,"href":"https:\/\/baldumarket.lt\/lt\/wp-json\/wp\/v2\/media\/161651"}],"wp:attachment":[{"href":"https:\/\/baldumarket.lt\/lt\/wp-json\/wp\/v2\/media?parent=161650"}],"wp:term":[{"taxonomy":"product_brand","embeddable":true,"href":"https:\/\/baldumarket.lt\/lt\/wp-json\/wp\/v2\/product_brand?post=161650"},{"taxonomy":"product_cat","embeddable":true,"href":"https:\/\/baldumarket.lt\/lt\/wp-json\/wp\/v2\/product_cat?post=161650"},{"taxonomy":"product_tag","embeddable":true,"href":"https:\/\/baldumarket.lt\/lt\/wp-json\/wp\/v2\/product_tag?post=161650"}],"curies":[{"name":"wp","href":"https:\/\/api.w.org\/{rel}","templated":true}]}}