{"id":161647,"date":"2025-12-19T01:49:58","date_gmt":"2025-12-18T22:49:58","guid":{"rendered":"https:\/\/baldumarket.lt\/product\/front-zmywarki-60-cm-d60fzw-linea-grey-szary-mat\/"},"modified":"2026-02-08T10:29:22","modified_gmt":"2026-02-08T07:29:22","slug":"front-zmywarki-60-cm-d60fzw-linea-grey-szary-mat","status":"publish","type":"product","link":"https:\/\/baldumarket.lt\/lt\/product\/front-zmywarki-60-cm-d60fzw-linea-grey-szary-mat\/","title":{"rendered":"Indaplov\u0117 su priekine dalimi, 60 cm, D60FZW Linea, matin\u0117 pilka"},"content":{"rendered":"<p>Suteikite savo virtuvei unikalaus stiliaus ir elegancijos su matin\u0117s pilkos spalvos \u201eLinea Grey\u201c indaplov\u0117s priekiu. \u0160is esteti\u0161kas garsaus \u201eGa\u0142a Meble\u201c prek\u0117s \u017eenklo papildymas puikiai dera prie modernaus interjero dizaino, suteikdamas jam unikalaus charakterio. Pilkos spalvos matin\u0117 apdaila subtiliai pabr\u0117\u017eia modern\u0173 paprastum\u0105 ir kartu sukuria jaukumo bei ramyb\u0117s poj\u016bt\u012f.<\/p>\n<p>\u0160i 60 cm plo\u010dio indaplov\u0117s priekin\u0117 dalis skland\u017eiai integruojasi \u012f j\u016bs\u0173 virtuv\u0117s erdv\u0119, u\u017etikrindama harmoning\u0105 vaizd\u0105. Nesvarbu, ar jums labiau patinka minimalistinis interjeras, ar labiau industrinis dizainas, d\u0117l universalaus dizaino ji idealiai tinka \u012fvairiems stiliams. Funkcionalumas dera su gro\u017eiu, o matin\u0117 tekst\u016bra suteikia subtilumo visam interjerui.<\/p>\n<p>Dar vienas \u0161io gaminio privalumas \u2013 prakti\u0161kumas. Surinkimas yra greitas ir paprastas, o tai rei\u0161kia, kad galite lengvai sumontuoti priekin\u0119 dal\u012f pagal savo poreikius ir pageidavimus. Juoda metalin\u0117 rankena suteikia modernumo ir u\u017etikrina patog\u0173 kasdien\u012f naudojim\u0105. \u0160is tobulas stiliaus ir funkcijos derinys sukuria bald\u0105, kuris atitinka tiek vizualinius, tiek praktinius reikalavimus.<\/p>\n<p>Rinkit\u0117s auk\u0161tos kokyb\u0117s ir patvarias med\u017eiagas. MDF fasadas u\u017etikrina patvarum\u0105 ir atsparum\u0105 kasdieniam naudojimui, tod\u0117l tai ilgalaik\u0117 investicija. Tvirt\u0173 med\u017eiag\u0173 ir eleganti\u0161ko dizaino derinys daro tai idealiu pasirinkimu tiems, kurie vertina estetik\u0105 ir funkcionalum\u0105. \u201eGa\u0142a Meble\u201c gaminiai \u017einomi d\u0117l savo patikimumo, o \u201eLinea Grey\u201c \u2013 tai j\u0173 pa\u017eangaus dizaino \u012frodymas.<\/p>","protected":false},"excerpt":{"rendered":"<p>Plotis (cm): 60<br \/>\n\u016agis (cm): 71,3<br \/>\nKolekcija: \u201eLinea Grey\u201c virtuv\u0117<\/p>","protected":false},"featured_media":161648,"comment_status":"open","ping_status":"open","template":"","meta":[],"product_brand":[],"product_cat":[9448,9251,9441,4106],"product_tag":[],"class_list":{"0":"post-161647","1":"product","2":"type-product","3":"status-publish","4":"has-post-thumbnail","6":"product_cat-kitchen-system-linea-grey","7":"product_cat-musor","8":"product_cat-white","9":"product_cat-gala-meble","11":"first","12":"instock","13":"purchasable","14":"product-type-simple"},"_links":{"self":[{"href":"https:\/\/baldumarket.lt\/lt\/wp-json\/wp\/v2\/product\/161647","targetHints":{"allow":["GET"]}}],"collection":[{"href":"https:\/\/baldumarket.lt\/lt\/wp-json\/wp\/v2\/product"}],"about":[{"href":"https:\/\/baldumarket.lt\/lt\/wp-json\/wp\/v2\/types\/product"}],"replies":[{"embeddable":true,"href":"https:\/\/baldumarket.lt\/lt\/wp-json\/wp\/v2\/comments?post=161647"}],"wp:featuredmedia":[{"embeddable":true,"href":"https:\/\/baldumarket.lt\/lt\/wp-json\/wp\/v2\/media\/161648"}],"wp:attachment":[{"href":"https:\/\/baldumarket.lt\/lt\/wp-json\/wp\/v2\/media?parent=161647"}],"wp:term":[{"taxonomy":"product_brand","embeddable":true,"href":"https:\/\/baldumarket.lt\/lt\/wp-json\/wp\/v2\/product_brand?post=161647"},{"taxonomy":"product_cat","embeddable":true,"href":"https:\/\/baldumarket.lt\/lt\/wp-json\/wp\/v2\/product_cat?post=161647"},{"taxonomy":"product_tag","embeddable":true,"href":"https:\/\/baldumarket.lt\/lt\/wp-json\/wp\/v2\/product_tag?post=161647"}],"curies":[{"name":"wp","href":"https:\/\/api.w.org\/{rel}","templated":true}]}}