{"id":161643,"date":"2025-12-19T01:49:51","date_gmt":"2025-12-18T22:49:51","guid":{"rendered":"https:\/\/baldumarket.lt\/product\/front-zmywarki-60-cm-d60fzw-linea-white-bialy-mat\/"},"modified":"2026-02-08T10:29:04","modified_gmt":"2026-02-08T07:29:04","slug":"front-zmywarki-60-cm-d60fzw-linea-white-bialy-mat","status":"publish","type":"product","link":"https:\/\/baldumarket.lt\/lt\/product\/front-zmywarki-60-cm-d60fzw-linea-white-bialy-mat\/","title":{"rendered":"Indaplov\u0117 su priekine dalimi, 60 cm, D60FZW Linea, matin\u0117 balta"},"content":{"rendered":"<p>Eleganti\u0161kas \u201eGa\u0142a Meble\u201c indaplov\u0117s \u201eLinea White D60FZW\u201c priekis neabejotinai suteiks j\u016bs\u0173 virtuvei modernaus stiliaus ir rafinuoto estetikos. Matin\u0117s baltos spalvos apdaila \u2013 tai tobulas klasikos ir modernumo derinys, suteikiantis j\u016bs\u0173 virtuvei esteti\u0161kesn\u0119 i\u0161vaizd\u0105. Balta spalva ne tik suteikia erdvei lengvumo, bet ir suteikia interjerui harmonijos bei gaivumo.<\/p>\n<p>Indaplov\u0117s priekin\u0117 dalis pagaminta i\u0161 patvarios MDF plok\u0161t\u0117s, u\u017etikrinan\u010dios ilgaam\u017ei\u0161kum\u0105 ir atsparum\u0105 kasdieniam naudojimui. \u0160i med\u017eiaga puikiai i\u0161ry\u0161kina matin\u0119 apdail\u0105, suteikdama interjerui modern\u0173 charakter\u012f ir stili\u0173. Ji puikiai dera su kitais virtuv\u0117s elementais, sukurdama darni\u0105 ir eleganti\u0161k\u0105 kompozicij\u0105.<\/p>\n<p>Vienas ry\u0161kiausi\u0173 \u0161ios priekin\u0117s dalies bruo\u017e\u0173 \u2013 auksin\u0117s rankenos, kurios virtuvei suteikia prabangos. Auksu padengtos metalin\u0117s ranken\u0117l\u0117s ne tik suteikia blizgesio, bet ir u\u017etikrina komfort\u0105 bei paprast\u0105 naudojim\u0105. Rafinuotas j\u0173 dizainas pabr\u0117\u017eia priekin\u0117s dalies elegancij\u0105, tod\u0117l kasdien\u0117 veikla virtuv\u0117je tampa malonesn\u0117.<\/p>\n<p>\u201eLinea White D60FZW\u201c indaplov\u0117s priekin\u0117 dalis sukurta taip, kad j\u0105 b\u016bt\u0173 galima montuoti patiems, tod\u0117l j\u0105 gali greitai ir lengvai sumontuoti net ir tie, kurie neturi specializuot\u0173 \u017eini\u0173. Tai prakti\u0161kas sprendimas visiems, kurie vertina patogum\u0105 ir gro\u017e\u012f viename. D\u0117l paprasto montavimo galite akimirksniu m\u0117gautis stilinga nauja virtuv\u0117s i\u0161vaizda.<\/p>\n<p>Priekin\u0117s dalies matmenys (plotis 59,6 cm, auk\u0161tis 71,3 cm) sukurti taip, kad puikiai tikt\u0173 standartin\u0117ms indaplov\u0117ms, tod\u0117l tai prakti\u0161kas pasirinkimas bet kuriai virtuvei. Derinant estetik\u0105 ir funkcionalum\u0105, \u201eLinea White D60FZW\u201c priekin\u0117 dalis yra puikus pasirinkimas tiems, kurie nori savo virtuvei suteikti modernaus ir prabangaus akcento.<\/p>","protected":false},"excerpt":{"rendered":"<p>Plotis (cm): 60<br \/>\n\u016agis (cm): 71,3<br \/>\nGylis (cm): 59,6<\/p>","protected":false},"featured_media":161644,"comment_status":"open","ping_status":"open","template":"","meta":[],"product_brand":[],"product_cat":[9446,9251,4106],"product_tag":[],"class_list":{"0":"post-161643","1":"product","2":"type-product","3":"status-publish","4":"has-post-thumbnail","6":"product_cat-kitchen-system-linea-white","7":"product_cat-musor","8":"product_cat-gala-meble","10":"first","11":"instock","12":"purchasable","13":"product-type-simple"},"_links":{"self":[{"href":"https:\/\/baldumarket.lt\/lt\/wp-json\/wp\/v2\/product\/161643","targetHints":{"allow":["GET"]}}],"collection":[{"href":"https:\/\/baldumarket.lt\/lt\/wp-json\/wp\/v2\/product"}],"about":[{"href":"https:\/\/baldumarket.lt\/lt\/wp-json\/wp\/v2\/types\/product"}],"replies":[{"embeddable":true,"href":"https:\/\/baldumarket.lt\/lt\/wp-json\/wp\/v2\/comments?post=161643"}],"wp:featuredmedia":[{"embeddable":true,"href":"https:\/\/baldumarket.lt\/lt\/wp-json\/wp\/v2\/media\/161644"}],"wp:attachment":[{"href":"https:\/\/baldumarket.lt\/lt\/wp-json\/wp\/v2\/media?parent=161643"}],"wp:term":[{"taxonomy":"product_brand","embeddable":true,"href":"https:\/\/baldumarket.lt\/lt\/wp-json\/wp\/v2\/product_brand?post=161643"},{"taxonomy":"product_cat","embeddable":true,"href":"https:\/\/baldumarket.lt\/lt\/wp-json\/wp\/v2\/product_cat?post=161643"},{"taxonomy":"product_tag","embeddable":true,"href":"https:\/\/baldumarket.lt\/lt\/wp-json\/wp\/v2\/product_tag?post=161643"}],"curies":[{"name":"wp","href":"https:\/\/api.w.org\/{rel}","templated":true}]}}