{"id":161634,"date":"2025-12-19T01:49:34","date_gmt":"2025-12-18T22:49:34","guid":{"rendered":"https:\/\/baldumarket.lt\/product\/front-zmywarki-60-cm-niski-d60fzn-sycylia-andersen\/"},"modified":"2026-02-06T12:46:36","modified_gmt":"2026-02-06T09:46:36","slug":"front-zmywarki-60-cm-niski-d60fzn-sycylia-andersen","status":"publish","type":"product","link":"https:\/\/baldumarket.lt\/lt\/product\/front-zmywarki-60-cm-niski-d60fzn-sycylia-andersen\/","title":{"rendered":"Indaplov\u0117 su priekine rankena, 60 cm, \u017eema, D60FZN, Sicily Andersen"},"content":{"rendered":"<p>Suteikite savo interjerui elegancijos ir funkcionalumo su garsaus \u201eGa\u0142a Meble\u201c prek\u0117s \u017eenklo \u201eSycylia\u201c serijos indaplov\u0117s priekiu. Anderseno pu\u0161ies apdaila suteikia j\u016bs\u0173 virtuvei harmonijos ir nat\u016bralaus lengvumo, lengvai prisitaikydama prie bet kokio interjero stiliaus. Subtilus ra\u0161tas ir \u0161viesus tonas suteikia \u0161iai med\u017eiagai i\u0161skirtinai subtili\u0105, ta\u010diau eleganti\u0161k\u0105 i\u0161vaizd\u0105.<\/p>\n<p>\u0160i priekin\u0117 dalis \u2013 puikus pasirinkimas tiems, kurie vertina unikal\u0173 dizain\u0105 ir prakti\u0161kum\u0105. D\u0117l 57 cm auk\u0161\u010dio ir 60 cm plo\u010dio ji puikiai dera su standartin\u0117mis indaplov\u0117mis, u\u017etikrindama vienod\u0105 visos virtuv\u0117s i\u0161vaizd\u0105. Tai u\u017etikrina, kad kiekvienas virtuv\u0117s elementas harmoningai papildys vienas kit\u0105.<\/p>\n<p>Pagaminta i\u0161 tvirtos MDF plok\u0161t\u0117s, priekin\u0117 dalis yra patvari ir atspari kasdieniams virtuv\u0117s i\u0161\u0161\u016bkiams. \u0160is gaminys yra ne tik esteti\u0161kai patrauklus, bet ir prakti\u0161kas, skirtas ilgalaikiam naudojimui. Sidabrin\u0117 plastikin\u0117 rankena suteikia indaplovei modernumo, tod\u0117l j\u0105 lengva atidaryti ir naudoti.<\/p>\n<p>Papildomas privalumas yra savaranki\u0161ko surinkimo galimyb\u0117, leid\u017eianti lengvai pritaikyti gamin\u012f prie individuali\u0173 poreiki\u0173 ir pageidavim\u0173. Montavimui nereikia speciali\u0173 \u017eini\u0173, tod\u0117l galite lengvai pakeisti savo virtuv\u0117s i\u0161vaizd\u0105, sukurdami jauki\u0105 ir organizuot\u0105 erdv\u0119. Rinkit\u0117s \u201eGa\u0142a Meble\u201c \u201eSicylia\u201c serijos fasad\u0105, kad gal\u0117tum\u0117te m\u0117gautis ne tik puikiu funkcionalumu, bet ir auk\u0161\u010diausios klas\u0117s estetika.<\/p>","protected":false},"excerpt":{"rendered":"<p>Plotis (cm): 60<br \/>\n\u016agis (cm): 57<br \/>\nKolekcija: Sicilijos virtuv\u0117 Andersen<\/p>","protected":false},"featured_media":161635,"comment_status":"open","ping_status":"open","template":"","meta":[],"product_brand":[],"product_cat":[9440,9251,9441,4106],"product_tag":[],"class_list":{"0":"post-161634","1":"product","2":"type-product","3":"status-publish","4":"has-post-thumbnail","6":"product_cat-kitchen-system-sycylia-sosna-andersen","7":"product_cat-musor","8":"product_cat-white","9":"product_cat-gala-meble","11":"first","12":"instock","13":"purchasable","14":"product-type-simple"},"_links":{"self":[{"href":"https:\/\/baldumarket.lt\/lt\/wp-json\/wp\/v2\/product\/161634","targetHints":{"allow":["GET"]}}],"collection":[{"href":"https:\/\/baldumarket.lt\/lt\/wp-json\/wp\/v2\/product"}],"about":[{"href":"https:\/\/baldumarket.lt\/lt\/wp-json\/wp\/v2\/types\/product"}],"replies":[{"embeddable":true,"href":"https:\/\/baldumarket.lt\/lt\/wp-json\/wp\/v2\/comments?post=161634"}],"wp:featuredmedia":[{"embeddable":true,"href":"https:\/\/baldumarket.lt\/lt\/wp-json\/wp\/v2\/media\/161635"}],"wp:attachment":[{"href":"https:\/\/baldumarket.lt\/lt\/wp-json\/wp\/v2\/media?parent=161634"}],"wp:term":[{"taxonomy":"product_brand","embeddable":true,"href":"https:\/\/baldumarket.lt\/lt\/wp-json\/wp\/v2\/product_brand?post=161634"},{"taxonomy":"product_cat","embeddable":true,"href":"https:\/\/baldumarket.lt\/lt\/wp-json\/wp\/v2\/product_cat?post=161634"},{"taxonomy":"product_tag","embeddable":true,"href":"https:\/\/baldumarket.lt\/lt\/wp-json\/wp\/v2\/product_tag?post=161634"}],"curies":[{"name":"wp","href":"https:\/\/api.w.org\/{rel}","templated":true}]}}