{"id":161630,"date":"2025-12-19T01:49:27","date_gmt":"2025-12-18T22:49:27","guid":{"rendered":"https:\/\/baldumarket.lt\/product\/front-zmywarki-60-cm-niski-d60fzn-sycylia-orzech\/"},"modified":"2026-02-06T14:32:26","modified_gmt":"2026-02-06T11:32:26","slug":"front-zmywarki-60-cm-niski-d60fzn-sycylia-orzech","status":"publish","type":"product","link":"https:\/\/baldumarket.lt\/lt\/product\/front-zmywarki-60-cm-niski-d60fzn-sycylia-orzech\/","title":{"rendered":"Indaplov\u0117s priekin\u0117 dalis 60 cm \u017eema D60FZN Sicily Walnut"},"content":{"rendered":"<p>Atraskite unikal\u0173 \u017eaves\u012f, kur\u012f j\u016bs\u0173 virtuvei suteikia \u201eGa\u0142a Meble\u201c indaplov\u0117s priekin\u0117 dalis \u201eSicylia Walnut\u201c. \u0160is eleganti\u0161kas j\u016bs\u0173 interjero papildymas derina stili\u0173 ir funkcionalum\u0105, tikrai pritraukdamas tiek \u0161eimos, tiek sve\u010di\u0173 d\u0117mes\u012f. Pagaminta i\u0161 patvarios MDF plok\u0161t\u0117s, ji suteikia puik\u0173 fon\u0105 kuriant virtuv\u0117s dizain\u0105, kuris d\u017eiugins savo unikaliu dizainu.<\/p>\n<p>\u201eMilano Walnut\u201c fasadas sukuria jauki\u0105 ir \u0161ilt\u0105 atmosfer\u0105, primenan\u010di\u0105 saul\u0117t\u0105j\u0105 Sicilij\u0105. Subtil\u016bs atspalviai ir klasikin\u0117 elegancija yra jo skiriamieji bruo\u017eai. Tai puikus sprendimas tiems, kurie vertina harmoning\u0105 erdv\u0119, kurioje kruop\u0161\u010diai apgalvota kiekviena detal\u0117. \u201eSicylia Walnut\u201c indaplov\u0117s fasadas yra daugiau nei tik virtuv\u0117s elementas \u2013 tai gro\u017eis, kuriuo galite gro\u017e\u0117tis kiekvien\u0105 dien\u0105.<\/p>\n<p>Be patrauklios i\u0161vaizdos, \u0161is gaminys taip pat pasi\u017eymi apgalvotu funkcionalumu. Tai detal\u0117, kuri pad\u0117s i\u0161laikyti j\u016bs\u0173 virtuv\u0117s stili\u0173, nepriklausomai nuo to, ar ji dekoruota moderniu, ar tradiciniu stiliumi. D\u0117l savaranki\u0161ko surinkimo galite lengvai pritaikyti j\u012f prie savo poreiki\u0173 ir tobulo interjero vizijos.<\/p>\n<p>Sidabrin\u0117 plastikin\u0117 rankena suteikia modernumo, kontrastuojan\u010dio su \u0161iltu rie\u0161utmed\u017eio atspalviu. Prakti\u0161kumas ir esteti\u0161kas dizainas i\u0161skiria \u0161\u012f gamin\u012f i\u0161 kit\u0173, tod\u0117l tai puikus pasirinkimas tiems, kurie nori suderinti gro\u017e\u012f ir prakti\u0161kum\u0105. Indaplov\u0117s priekin\u0117 dalis \u201eSicylia Walnut\u201c pakels j\u016bs\u0173 virtuv\u0119 \u012f nauj\u0105 elegancijos ir funkcionalumo lygmen\u012f.<\/p>","protected":false},"excerpt":{"rendered":"<p>Plotis (cm): 60<br \/>\n\u016agis (cm): 57<br \/>\nKolekcija: Virtuv\u0117 Sicily Walnut<\/p>","protected":false},"featured_media":161631,"comment_status":"open","ping_status":"open","template":"","meta":[],"product_brand":[],"product_cat":[9450,9251,4106],"product_tag":[],"class_list":{"0":"post-161630","1":"product","2":"type-product","3":"status-publish","4":"has-post-thumbnail","6":"product_cat-kitchen-system-sycylia-orzech-milano","7":"product_cat-musor","8":"product_cat-gala-meble","10":"first","11":"instock","12":"purchasable","13":"product-type-simple"},"_links":{"self":[{"href":"https:\/\/baldumarket.lt\/lt\/wp-json\/wp\/v2\/product\/161630","targetHints":{"allow":["GET"]}}],"collection":[{"href":"https:\/\/baldumarket.lt\/lt\/wp-json\/wp\/v2\/product"}],"about":[{"href":"https:\/\/baldumarket.lt\/lt\/wp-json\/wp\/v2\/types\/product"}],"replies":[{"embeddable":true,"href":"https:\/\/baldumarket.lt\/lt\/wp-json\/wp\/v2\/comments?post=161630"}],"wp:featuredmedia":[{"embeddable":true,"href":"https:\/\/baldumarket.lt\/lt\/wp-json\/wp\/v2\/media\/161631"}],"wp:attachment":[{"href":"https:\/\/baldumarket.lt\/lt\/wp-json\/wp\/v2\/media?parent=161630"}],"wp:term":[{"taxonomy":"product_brand","embeddable":true,"href":"https:\/\/baldumarket.lt\/lt\/wp-json\/wp\/v2\/product_brand?post=161630"},{"taxonomy":"product_cat","embeddable":true,"href":"https:\/\/baldumarket.lt\/lt\/wp-json\/wp\/v2\/product_cat?post=161630"},{"taxonomy":"product_tag","embeddable":true,"href":"https:\/\/baldumarket.lt\/lt\/wp-json\/wp\/v2\/product_tag?post=161630"}],"curies":[{"name":"wp","href":"https:\/\/api.w.org\/{rel}","templated":true}]}}