{"id":161626,"date":"2025-12-19T01:49:19","date_gmt":"2025-12-18T22:49:19","guid":{"rendered":"https:\/\/baldumarket.lt\/product\/front-zmywarki-60-cm-sorento-d60fzw-baltic-storm\/"},"modified":"2026-02-05T13:58:16","modified_gmt":"2026-02-05T10:58:16","slug":"front-zmywarki-60-cm-sorento-d60fzw-baltic-storm","status":"publish","type":"product","link":"https:\/\/baldumarket.lt\/lt\/product\/front-zmywarki-60-cm-sorento-d60fzw-baltic-storm\/","title":{"rendered":"Indaplov\u0117 su priekine 60 cm \u201eSorento D60FZW\u201c \u201eBaltijos audra\u201c"},"content":{"rendered":"<p>Atraskite \u017eaving\u0105 ir stiling\u0105 60 cm plo\u010dio \u201eSorento D60FZW\u201c indaplov\u0117s priekin\u0119 dal\u012f su \u201eBaltic Storm\u201c spalva i\u0161 garsaus prek\u0117s \u017eenklo \u201eGa\u0142a Meble\u201c. \u0160i eleganti\u0161ka apdailos detal\u0117 taps ne tik prakti\u0161ka detale j\u016bs\u0173 virtuv\u0117je, bet ir reik\u0161mingu vizualiniu akcentu. Intensyvi \u201eBaltic Storm\u201c spalva puikiai dera su moderniomis tendencijomis, suteikdama bet kokiam interjerui rafinuotumo ir klas\u0117s.<\/p>\n<p>Pagaminta i\u0161 auk\u0161tos kokyb\u0117s laminuotos plok\u0161t\u0117s, indaplov\u0117s priekin\u0117 dalis pasi\u017eymi i\u0161skirtiniu atsparumu pa\u017eeidimams, tod\u0117l puikiai tinka da\u017enai naudojamoms patalpoms. 18 mm storis u\u017etikrina stabilum\u0105 ir ilgaam\u017ei\u0161kum\u0105, o gaminys daugel\u012f met\u0173 i\u0161laikys estetin\u012f patrauklum\u0105. Eleganti\u0161ka juoda metalin\u0117 rankena papildo bendr\u0105 dizain\u0105, harmoningai der\u0117dama prie ry\u0161kios priekin\u0117s dalies spalvos.<\/p>\n<p>\u012erengus \u201eSorento\u201c indaplov\u0117s priekin\u0119 dal\u012f virtuv\u0117je, ne tik pager\u0117ja funkcionalumas, bet ir sukuriamas vientisas vaizdas. Minimalistinis dizainas dera prie \u012fvairi\u0173 interjero stili\u0173 \u2013 nuo modernaus iki skandinavi\u0161ko. Nepriklausomai nuo j\u016bs\u0173 pageidaujamos estetikos, \u0161i priekaba suteiks j\u016bs\u0173 virtuvei charakterio, paversdama j\u0105 stilinga ir patogia erdve.<\/p>\n<p>Priekin\u0117s dalies montavimas yra labai paprastas, tod\u0117l galite j\u0105 sumontuoti patys ir greitai m\u0117gautis nauja virtuv\u0117s i\u0161vaizda. D\u0117l i\u0161sami\u0173 instrukcij\u0173 ir gerai apgalvoto dizaino galite \u012fsigyti gamin\u012f u\u017etikrintai, kad jo montavimas bus sklandus ir be r\u016bpes\u010di\u0173. Be to, pasirinkus \u0161\u012f model\u012f, \u017eengiamas \u017eingsnis link ekologi\u0161kumo, nes naudojamos auk\u0161tos kokyb\u0117s med\u017eiagos.<\/p>\n<p>Daugiau nelaukite! I\u0161sirinkite \u201eSorento D60FZW\u201c indaplov\u0117s priekin\u0119 dal\u012f \u201eBaltic Storm\u201c spalvos ir paverskite savo virtuv\u0119 eleganti\u0161ka ir funkcionalia erdve. Investuokite \u012f baldus, kurie derina estetik\u0105 ir prakti\u0161kum\u0105, sukurdami darni\u0105 visum\u0105, kuria did\u017eiuosit\u0117s.<\/p>","protected":false},"excerpt":{"rendered":"<p>Plotis (cm): 60<br \/>\n\u016agis (cm): 71<br \/>\nGylis (cm): 18<\/p>","protected":false},"featured_media":161627,"comment_status":"open","ping_status":"open","template":"","meta":[],"product_brand":[],"product_cat":[9436,9251,4106],"product_tag":[],"class_list":{"0":"post-161626","1":"product","2":"type-product","3":"status-publish","4":"has-post-thumbnail","6":"product_cat-kitchen-system-sorento","7":"product_cat-musor","8":"product_cat-gala-meble","10":"first","11":"instock","12":"purchasable","13":"product-type-simple"},"_links":{"self":[{"href":"https:\/\/baldumarket.lt\/lt\/wp-json\/wp\/v2\/product\/161626","targetHints":{"allow":["GET"]}}],"collection":[{"href":"https:\/\/baldumarket.lt\/lt\/wp-json\/wp\/v2\/product"}],"about":[{"href":"https:\/\/baldumarket.lt\/lt\/wp-json\/wp\/v2\/types\/product"}],"replies":[{"embeddable":true,"href":"https:\/\/baldumarket.lt\/lt\/wp-json\/wp\/v2\/comments?post=161626"}],"wp:featuredmedia":[{"embeddable":true,"href":"https:\/\/baldumarket.lt\/lt\/wp-json\/wp\/v2\/media\/161627"}],"wp:attachment":[{"href":"https:\/\/baldumarket.lt\/lt\/wp-json\/wp\/v2\/media?parent=161626"}],"wp:term":[{"taxonomy":"product_brand","embeddable":true,"href":"https:\/\/baldumarket.lt\/lt\/wp-json\/wp\/v2\/product_brand?post=161626"},{"taxonomy":"product_cat","embeddable":true,"href":"https:\/\/baldumarket.lt\/lt\/wp-json\/wp\/v2\/product_cat?post=161626"},{"taxonomy":"product_tag","embeddable":true,"href":"https:\/\/baldumarket.lt\/lt\/wp-json\/wp\/v2\/product_tag?post=161626"}],"curies":[{"name":"wp","href":"https:\/\/api.w.org\/{rel}","templated":true}]}}