{"id":161622,"date":"2025-12-19T01:49:12","date_gmt":"2025-12-18T22:49:12","guid":{"rendered":"https:\/\/baldumarket.lt\/product\/front-zmywarki-60-cm-sorento-d60fzw-baltic-storm-green\/"},"modified":"2026-02-05T13:58:16","modified_gmt":"2026-02-05T10:58:16","slug":"front-zmywarki-60-cm-sorento-d60fzw-baltic-storm-green","status":"publish","type":"product","link":"https:\/\/baldumarket.lt\/lt\/product\/front-zmywarki-60-cm-sorento-d60fzw-baltic-storm-green\/","title":{"rendered":"Indaplov\u0117 su priekine dalimi, 60 cm, Sorento D60FZW, \u201eBaltic Storm Green\u201c"},"content":{"rendered":"<p>Suteikite savo virtuvei charakterio su eleganti\u0161ka matin\u0117s \u017ealios spalvos \u201eSorento D60FZW\u201c indaplov\u0117s priekine dalimi. \u0160i esteti\u0161kai patraukli ir moderni apdaila derina stili\u0173 ir funkcionalum\u0105, suteikdama bet kokiam virtuv\u0117s dizainui gaivumo ir modernumo. Unikalus \u017ealios spalvos atspalvis puikiai dera su nat\u016braliais elementais, sukurdamas jauki\u0105 ir darni\u0105 erdv\u0119.<\/p>\n<p>Itin patvari laminuota plok\u0161t\u0117, i\u0161 kurios pagaminta priekin\u0117 dalis, yra atspari kasdieniam virtuv\u0117s d\u0117v\u0117jimuisi. Tai rei\u0161kia, kad gal\u0117site m\u0117gautis jos gro\u017eiu ir funkcionalumu ilgus metus. Metalin\u0117 rankena su klasikine juoda apdaila suteikia elegancijos ir yra patogus sprendimas kasdieniam naudojimui. Rinkit\u0117s sprendimus, atitinkan\u010dius j\u016bs\u0173 gyvenimo b\u016bd\u0105.<\/p>\n<p>\u0160ios indaplov\u0117s priekin\u0117s dalies savaranki\u0161kas surinkimas yra papildomas privalumas, leid\u017eiantis j\u0105 individualiai pritaikyti prie j\u016bs\u0173 virtuv\u0117s. D\u0117l paprasto dizaino ir intuityvi\u0173 surinkimo instrukcij\u0173 montavimo procesas yra greitas ir nesud\u0117tingas. Tai puikus pasirinkimas tiems, kurie vertina k\u016brybi\u0161k\u0105 po\u017ei\u016br\u012f \u012f interjero dizain\u0105 ir gali skirti \u0161iek tiek laiko savaranki\u0161kam montavimui.<\/p>\n<p>Jei ie\u0161kote virtuv\u0117s, kuri b\u016bt\u0173 ne tik prakti\u0161ka, bet ir esteti\u0161kai patraukli, \u201eSorento\u201c indaplov\u0117 su priekine durimis D60FZW apjungia geriausias savybes: patvarum\u0105, eleganti\u0161k\u0105 dizain\u0105 ir paprast\u0105 naudojim\u0105. Kadangi ji dera prie \u012fvairi\u0173 interjero stili\u0173, j\u016bs\u0173 virtuv\u0117 visada \u012fgaus unikal\u0173 charakter\u012f. Pasitik\u0117kite auk\u0161tos kokyb\u0117s med\u017eiagomis ir m\u0117gaukit\u0117s puikiu pasirinkimu kiekvien\u0105 dien\u0105!<\/p>","protected":false},"excerpt":{"rendered":"<p>Plotis (cm): 60<br \/>\n\u016agis (cm): 71,3<br \/>\nGylis (cm): 18<\/p>","protected":false},"featured_media":161623,"comment_status":"open","ping_status":"open","template":"","meta":[],"product_brand":[],"product_cat":[9436,9251,4106],"product_tag":[],"class_list":{"0":"post-161622","1":"product","2":"type-product","3":"status-publish","4":"has-post-thumbnail","6":"product_cat-kitchen-system-sorento","7":"product_cat-musor","8":"product_cat-gala-meble","10":"first","11":"instock","12":"purchasable","13":"product-type-simple"},"_links":{"self":[{"href":"https:\/\/baldumarket.lt\/lt\/wp-json\/wp\/v2\/product\/161622","targetHints":{"allow":["GET"]}}],"collection":[{"href":"https:\/\/baldumarket.lt\/lt\/wp-json\/wp\/v2\/product"}],"about":[{"href":"https:\/\/baldumarket.lt\/lt\/wp-json\/wp\/v2\/types\/product"}],"replies":[{"embeddable":true,"href":"https:\/\/baldumarket.lt\/lt\/wp-json\/wp\/v2\/comments?post=161622"}],"wp:featuredmedia":[{"embeddable":true,"href":"https:\/\/baldumarket.lt\/lt\/wp-json\/wp\/v2\/media\/161623"}],"wp:attachment":[{"href":"https:\/\/baldumarket.lt\/lt\/wp-json\/wp\/v2\/media?parent=161622"}],"wp:term":[{"taxonomy":"product_brand","embeddable":true,"href":"https:\/\/baldumarket.lt\/lt\/wp-json\/wp\/v2\/product_brand?post=161622"},{"taxonomy":"product_cat","embeddable":true,"href":"https:\/\/baldumarket.lt\/lt\/wp-json\/wp\/v2\/product_cat?post=161622"},{"taxonomy":"product_tag","embeddable":true,"href":"https:\/\/baldumarket.lt\/lt\/wp-json\/wp\/v2\/product_tag?post=161622"}],"curies":[{"name":"wp","href":"https:\/\/api.w.org\/{rel}","templated":true}]}}