{"id":161618,"date":"2025-12-19T01:49:04","date_gmt":"2025-12-18T22:49:04","guid":{"rendered":"https:\/\/baldumarket.lt\/product\/front-zmywarki-60-cm-sorento-d60fzw-bezowy-mat\/"},"modified":"2026-02-05T13:58:16","modified_gmt":"2026-02-05T10:58:16","slug":"front-zmywarki-60-cm-sorento-d60fzw-bezowy-mat","status":"publish","type":"product","link":"https:\/\/baldumarket.lt\/lt\/product\/front-zmywarki-60-cm-sorento-d60fzw-bezowy-mat\/","title":{"rendered":"Indaplov\u0117s priekin\u0117 dalis 60 cm Sorento D60FZW matin\u0117s sm\u0117lio spalvos"},"content":{"rendered":"<p>Pristatome jums matin\u0117s sm\u0117lio spalvos \u201eSorento D60FZW\u201c indaplov\u0117s priekin\u0119 dal\u012f \u2013 puik\u0173 pasirinkim\u0105 tiems, kurie savo virtuv\u0117je ie\u0161ko elegancijos ir modernaus stiliaus. Subtilus, ta\u010diau rafinuotas sm\u0117lio spalvos atspalvis puikiai der\u0117s prie bet kokio interjero dizaino, suteikdamas jaukumo ir \u0161ilumos. D\u0117l kruop\u0161\u010diai parinktos spalvos \u0161i priekin\u0117 dalis taps ne tik funkcionaliu elementu, bet ir ry\u0161kiu virtuv\u0117s dekoro papildymu.<\/p>\n<p>Unikal\u0173 priekin\u0117s dalies dizain\u0105 pabr\u0117\u017eia juoda metalin\u0117 rankena, suteikianti modernumo. Metalin\u0117 rankena ne tik palengvina kasdien\u012f naudojim\u0105, bet ir sukuria estetin\u012f kontrast\u0105 su sm\u0117lio spalvos fonu. Spalv\u0173 ir med\u017eiag\u0173 balansas sukuria harmoning\u0105 kompozicij\u0105, kuri tikrai patrauks kiekvieno lankytojo ak\u012f.<\/p>\n<p>\u0160io elemento funkcionalumas taip pat \u012fsp\u016bdingas. Laminuota plok\u0161t\u0117, i\u0161 kurios pagaminta priekin\u0117 dalis, u\u017etikrina patvarum\u0105 ir atsparum\u0105 \u012fbr\u0117\u017eimams, garantuodama estetin\u012f patrauklum\u0105 daugel\u012f met\u0173. \u201eGa\u0142a Meble\u201c gaminiai yra patikimumo sinonimai, tod\u0117l \u0161ios priekin\u0117s dalies \u012fsigijimas yra ilgalaik\u0117 investicija. Prakti\u0161kas, bet stilingas sprendimas, puikiai atitinkantis \u0161iuolaikini\u0173 nam\u0173 \u016bki\u0173 poreikius.<\/p>\n<p>\u0160is gaminys skirtas savaranki\u0161kam surinkimui, tod\u0117l tai puikus pasirinkimas visiems, kurie vertina prakti\u0161k\u0105 ir ekonomi\u0161k\u0105 po\u017ei\u016br\u012f \u012f savo nam\u0173 \u012frengim\u0105. Komplekte yra visi reikalingi komponentai, kad b\u016bt\u0173 lengva sumontuoti. D\u0117l gerai apgalvoto dizaino montavimas tampa paprasta ir malonia u\u017eduotimi, kuriai nereikia joki\u0173 speciali\u0173 \u012fg\u016bd\u017ei\u0173.<\/p>\n<p>Kai virtuv\u0117je svarbiausia estetika ir funkcionalumas, \u201eSorento D60FZW Matte Beige\u201c indaplov\u0117s priekin\u0117 dalis yra sprendimas, kuris tikrai patenkins net ir reikliausi\u0173 vartotoj\u0173 l\u016bkes\u010dius. Leiskite sau pasiduoti jos unikaliam \u017eavesiui ir susikurkite savo svajoni\u0173 virtuv\u0119, derindami stili\u0173 ir patog\u0173 ind\u0173 laikym\u0105 viename gaminyje.<\/p>","protected":false},"excerpt":{"rendered":"<p>Plotis (cm): 60<br \/>\n\u016agis (cm): 71,3<br \/>\nGylis (cm): 18<\/p>","protected":false},"featured_media":161619,"comment_status":"open","ping_status":"open","template":"","meta":[],"product_brand":[],"product_cat":[9436,9251,4106],"product_tag":[],"class_list":{"0":"post-161618","1":"product","2":"type-product","3":"status-publish","4":"has-post-thumbnail","6":"product_cat-kitchen-system-sorento","7":"product_cat-musor","8":"product_cat-gala-meble","10":"first","11":"instock","12":"purchasable","13":"product-type-simple"},"_links":{"self":[{"href":"https:\/\/baldumarket.lt\/lt\/wp-json\/wp\/v2\/product\/161618","targetHints":{"allow":["GET"]}}],"collection":[{"href":"https:\/\/baldumarket.lt\/lt\/wp-json\/wp\/v2\/product"}],"about":[{"href":"https:\/\/baldumarket.lt\/lt\/wp-json\/wp\/v2\/types\/product"}],"replies":[{"embeddable":true,"href":"https:\/\/baldumarket.lt\/lt\/wp-json\/wp\/v2\/comments?post=161618"}],"wp:featuredmedia":[{"embeddable":true,"href":"https:\/\/baldumarket.lt\/lt\/wp-json\/wp\/v2\/media\/161619"}],"wp:attachment":[{"href":"https:\/\/baldumarket.lt\/lt\/wp-json\/wp\/v2\/media?parent=161618"}],"wp:term":[{"taxonomy":"product_brand","embeddable":true,"href":"https:\/\/baldumarket.lt\/lt\/wp-json\/wp\/v2\/product_brand?post=161618"},{"taxonomy":"product_cat","embeddable":true,"href":"https:\/\/baldumarket.lt\/lt\/wp-json\/wp\/v2\/product_cat?post=161618"},{"taxonomy":"product_tag","embeddable":true,"href":"https:\/\/baldumarket.lt\/lt\/wp-json\/wp\/v2\/product_tag?post=161618"}],"curies":[{"name":"wp","href":"https:\/\/api.w.org\/{rel}","templated":true}]}}