{"id":161613,"date":"2025-12-19T01:48:54","date_gmt":"2025-12-18T22:48:54","guid":{"rendered":"https:\/\/baldumarket.lt\/product\/front-zmywarki-60-cm-sorento-d60fzw-bialy-mat\/"},"modified":"2026-02-05T13:58:16","modified_gmt":"2026-02-05T10:58:16","slug":"front-zmywarki-60-cm-sorento-d60fzw-bialy-mat","status":"publish","type":"product","link":"https:\/\/baldumarket.lt\/lt\/product\/front-zmywarki-60-cm-sorento-d60fzw-bialy-mat\/","title":{"rendered":"Indaplov\u0117s priekin\u0117 dalis 60 cm Sorento D60FZW matin\u0117 balta"},"content":{"rendered":"<p>Atraskite neprilygstam\u0105 \u201eSorento D60FZW Matte White\u201c indaplov\u0117s priekio elegancij\u0105 ir estetik\u0105, kuris suteiks j\u016bs\u0173 virtuvei modernaus \u017eavesio. Subtilus matin\u0117s baltos spalvos elementas harmoningai \u012fsilies \u012f bet kok\u012f interjero dizain\u0105, suteikdamas erdvei gaivumo ir erdvumo poj\u016bt\u012f. Su \u0161iuo unikaliu priekiu galite lengvai sukurti \u0161varos ir tvarkos \u012fsp\u016bd\u012f, kurie yra svarb\u016bs bet kurioje virtuv\u0117je. \u201eSorento\u201c priekis pasi\u017eymi minimalistiniu dizainu, kur\u012f pabr\u0117\u017eia auksin\u0117s rankenos detal\u0117s, suteikian\u010dios rafinuotumo. Auksin\u0117s rankenos yra ne tik funkcionalios, bet ir estetinis akcentas, pritraukiantis kiekvieno nam\u0173 \u016bkio nario ir sve\u010dio d\u0117mes\u012f. J\u0173 tvirtum\u0105 ir ilgaam\u017ei\u0161kum\u0105 garantuoja med\u017eiaga, i\u0161 kurios jos pagamintos \u2013 auk\u0161tos kokyb\u0117s metalas. MDF priekio pasirinkimas yra ne tik modernios i\u0161vaizdos, bet ir ilgaam\u017ei\u0161kumo bei atsparumo kasdieniam naudojimui klausimas. MDF \u2013 tai med\u017eiaga, kuri puikiai tinka virtuv\u0117je, pasi\u017eyminti tvirtumu ir patrauklia i\u0161vaizda. Laminuota korpuso plok\u0161t\u0117 yra papildomas privalumas, u\u017etikrinantis lengv\u0105 valym\u0105, kur\u012f tikrai \u012fvertins kiekviena nam\u0173 \u0161eiminink\u0117.<\/p>","protected":false},"excerpt":{"rendered":"<p>Plotis (cm): 60<br \/>\n\u016agis (cm): 71,3<br \/>\nGylis (cm): 18<\/p>","protected":false},"featured_media":161614,"comment_status":"open","ping_status":"open","template":"","meta":[],"product_brand":[],"product_cat":[9436,9251,4106],"product_tag":[],"class_list":{"0":"post-161613","1":"product","2":"type-product","3":"status-publish","4":"has-post-thumbnail","6":"product_cat-kitchen-system-sorento","7":"product_cat-musor","8":"product_cat-gala-meble","10":"first","11":"instock","12":"purchasable","13":"product-type-simple"},"_links":{"self":[{"href":"https:\/\/baldumarket.lt\/lt\/wp-json\/wp\/v2\/product\/161613","targetHints":{"allow":["GET"]}}],"collection":[{"href":"https:\/\/baldumarket.lt\/lt\/wp-json\/wp\/v2\/product"}],"about":[{"href":"https:\/\/baldumarket.lt\/lt\/wp-json\/wp\/v2\/types\/product"}],"replies":[{"embeddable":true,"href":"https:\/\/baldumarket.lt\/lt\/wp-json\/wp\/v2\/comments?post=161613"}],"wp:featuredmedia":[{"embeddable":true,"href":"https:\/\/baldumarket.lt\/lt\/wp-json\/wp\/v2\/media\/161614"}],"wp:attachment":[{"href":"https:\/\/baldumarket.lt\/lt\/wp-json\/wp\/v2\/media?parent=161613"}],"wp:term":[{"taxonomy":"product_brand","embeddable":true,"href":"https:\/\/baldumarket.lt\/lt\/wp-json\/wp\/v2\/product_brand?post=161613"},{"taxonomy":"product_cat","embeddable":true,"href":"https:\/\/baldumarket.lt\/lt\/wp-json\/wp\/v2\/product_cat?post=161613"},{"taxonomy":"product_tag","embeddable":true,"href":"https:\/\/baldumarket.lt\/lt\/wp-json\/wp\/v2\/product_tag?post=161613"}],"curies":[{"name":"wp","href":"https:\/\/api.w.org\/{rel}","templated":true}]}}