{"id":161609,"date":"2025-12-19T01:48:47","date_gmt":"2025-12-18T22:48:47","guid":{"rendered":"https:\/\/baldumarket.lt\/product\/front-zmywarki-60-cm-sorento-d60fzw-bialy-mat-ramka\/"},"modified":"2026-02-05T13:58:16","modified_gmt":"2026-02-05T10:58:16","slug":"front-zmywarki-60-cm-sorento-d60fzw-bialy-mat-ramka","status":"publish","type":"product","link":"https:\/\/baldumarket.lt\/lt\/product\/front-zmywarki-60-cm-sorento-d60fzw-bialy-mat-ramka\/","title":{"rendered":"Indaplov\u0117s priekin\u0117 dalis 60 cm Sorento D60FZW matin\u0117s baltos spalvos r\u0117melis"},"content":{"rendered":"<p>Suteikite savo virtuvei nauj\u0105 elegancijos dimensij\u0105 su matin\u0117s baltos spalvos \u201eSorento\u201c 60 cm indaplov\u0117s priekiu. \u0160is priekis, sukurtas suteikti j\u016bs\u0173 erdvei subtil\u0173, bet kartu ir rafinuot\u0105 akcent\u0105, pavers bet kuri\u0105 virtuv\u0119 tikru stiliaus centru. Balta spalva suteikia interjerui gaivumo, harmoningumo ir vientisumo poj\u016bt\u012f.<\/p>\n<p>Pagaminta i\u0161 tvirtos MDF plok\u0161t\u0117s, \u201eSorento\u201c fasadas derina patvarum\u0105 ir estetik\u0105. Lygus, matinis pavir\u0161ius ne tik malonus liesti, bet ir lengvai pri\u017ei\u016brimas \u2013 ne\u012fkainojamas privalumas kasdien naudojant. Be to, \u0161i fasadin\u0117 dalis puikiai dera su kitais virtuv\u0117s elementais, sukurdama darni\u0105 ir moderni\u0105 i\u0161vaizd\u0105.<\/p>\n<p>Aukso spalvos metalo panaudojimas rankenose suteikia dizainui prabangos. \u0160is unikalus baltos ir aukso derinys sukuria eleganti\u0161k\u0105 harmonij\u0105, puikiai atitinkan\u010di\u0105 dabartines interjero dizaino tendencijas. \u0160ios rankenos ne tik palengvina indaplov\u0117s naudojim\u0105, bet ir yra dekoratyvin\u0117 detal\u0117, patraukianti ak\u012f.<\/p>\n<p>\u201eSorento\u201c priekin\u0117 dalis \u2013 puikus sprendimas tiems, kurie vertina individual\u0173 montavim\u0105. Paprasta tvirtinimo sistema leid\u017eia lengvai sumontuoti, tod\u0117l galite akimirksniu m\u0117gautis nauja virtuv\u0117s i\u0161vaizda. U\u017ebaikite savo virtuv\u0117s erdv\u0119 elementu, kuris auk\u0161\u010diausiu lygiu derina funkcionalum\u0105 ir estetik\u0105.<\/p>","protected":false},"excerpt":{"rendered":"<p>Plotis (cm): 60<br \/>\n\u016agis (cm): 71,3<br \/>\nGylis (cm): 18<\/p>","protected":false},"featured_media":161610,"comment_status":"open","ping_status":"open","template":"","meta":[],"product_brand":[],"product_cat":[9436,9251,4106],"product_tag":[],"class_list":{"0":"post-161609","1":"product","2":"type-product","3":"status-publish","4":"has-post-thumbnail","6":"product_cat-kitchen-system-sorento","7":"product_cat-musor","8":"product_cat-gala-meble","10":"first","11":"instock","12":"purchasable","13":"product-type-simple"},"_links":{"self":[{"href":"https:\/\/baldumarket.lt\/lt\/wp-json\/wp\/v2\/product\/161609","targetHints":{"allow":["GET"]}}],"collection":[{"href":"https:\/\/baldumarket.lt\/lt\/wp-json\/wp\/v2\/product"}],"about":[{"href":"https:\/\/baldumarket.lt\/lt\/wp-json\/wp\/v2\/types\/product"}],"replies":[{"embeddable":true,"href":"https:\/\/baldumarket.lt\/lt\/wp-json\/wp\/v2\/comments?post=161609"}],"wp:featuredmedia":[{"embeddable":true,"href":"https:\/\/baldumarket.lt\/lt\/wp-json\/wp\/v2\/media\/161610"}],"wp:attachment":[{"href":"https:\/\/baldumarket.lt\/lt\/wp-json\/wp\/v2\/media?parent=161609"}],"wp:term":[{"taxonomy":"product_brand","embeddable":true,"href":"https:\/\/baldumarket.lt\/lt\/wp-json\/wp\/v2\/product_brand?post=161609"},{"taxonomy":"product_cat","embeddable":true,"href":"https:\/\/baldumarket.lt\/lt\/wp-json\/wp\/v2\/product_cat?post=161609"},{"taxonomy":"product_tag","embeddable":true,"href":"https:\/\/baldumarket.lt\/lt\/wp-json\/wp\/v2\/product_tag?post=161609"}],"curies":[{"name":"wp","href":"https:\/\/api.w.org\/{rel}","templated":true}]}}