{"id":161605,"date":"2025-12-19T01:48:39","date_gmt":"2025-12-18T22:48:39","guid":{"rendered":"https:\/\/baldumarket.lt\/product\/front-zmywarki-60-cm-sorento-d60fzw-puccini\/"},"modified":"2026-02-05T13:58:16","modified_gmt":"2026-02-05T10:58:16","slug":"front-zmywarki-60-cm-sorento-d60fzw-puccini","status":"publish","type":"product","link":"https:\/\/baldumarket.lt\/lt\/product\/front-zmywarki-60-cm-sorento-d60fzw-puccini\/","title":{"rendered":"Indaplov\u0117 su priekine 60 cm \u201eSorento D60FZW Puccini\u201c"},"content":{"rendered":"<p>\u201eSorento\u201c 60 cm indaplov\u0117s priekin\u0117 dalis \u201ePuccini\u201c spalvos \u2013 puikus pasirinkimas tiems, kurie nori modernizuoti savo virtuv\u0119. Eleganti\u0161kas dizainas ir \u0161iltos spalvos suteiks interjerui jaukumo, ta\u010diau modernumo. Subtil\u016bs atspalviai dera su pla\u010diu spalv\u0173 ir med\u017eiag\u0173 gamu, tod\u0117l priekin\u0117 dalis yra universalus bet kokio interjero papildymas.<\/p>\n<p>Laminuotos plok\u0161t\u0117s apdaila ne tik atrodo i\u0161skirtinai esteti\u0161kai, bet ir yra atspari pa\u017eeidimams, tod\u0117l priekin\u0117 dalis yra patvari ir lengvai pri\u017ei\u016brima. Funkcionalumas kartu su elegancija atitinka \u0161iuolaikini\u0173 virtuvi\u0173 poreikius, kur estetika ir prakti\u0161kumas yra vienodai svarb\u016bs. D\u0117l \u0161i\u0173 savybi\u0173 indaplov\u0117s priekin\u0117 dalis gali atlaikyti kasdien\u012f naudojim\u0105 nebijant pa\u017eeidim\u0173.<\/p>\n<p>Juodo metalo rankena suteikia modernumo ir pabr\u0117\u017eia minimalistin\u0119 priekin\u0117s dalies form\u0105. Ji puikiai dera su madingais, tamsiais aksesuarais, sukurdama darn\u0173 ir harmoning\u0105 vaizd\u0105. \u0160is sprendimas patiks tiems, kurie m\u0117gsta modern\u0173, bet jauk\u0173 interjer\u0105.<\/p>\n<p>\u201eSorento\u201c indaplov\u0117s priekin\u0117 dalis sukurta lengvam montavimui, tod\u0117l nauja virtuv\u0117s i\u0161vaizda gal\u0117site m\u0117gautis vos per kelias akimirkas. \u201ePasidaryk pats\u201c montavimas \u2013 puikus sprendimas tiems, kurie vertina galimyb\u0119 detales pritaikyti pagal savo pageidavimus. Subtilus gro\u017eis ir paprastumas pavers j\u0105 nepakei\u010diama j\u016bs\u0173 virtuv\u0117s detale.<\/p>","protected":false},"excerpt":{"rendered":"<p>Plotis (cm): 60<br \/>\n\u016agis (cm): 71,3<br \/>\nGylis (cm): 18<\/p>","protected":false},"featured_media":161606,"comment_status":"open","ping_status":"open","template":"","meta":[],"product_brand":[],"product_cat":[9436,9251,4106],"product_tag":[],"class_list":{"0":"post-161605","1":"product","2":"type-product","3":"status-publish","4":"has-post-thumbnail","6":"product_cat-kitchen-system-sorento","7":"product_cat-musor","8":"product_cat-gala-meble","10":"first","11":"instock","12":"purchasable","13":"product-type-simple"},"_links":{"self":[{"href":"https:\/\/baldumarket.lt\/lt\/wp-json\/wp\/v2\/product\/161605","targetHints":{"allow":["GET"]}}],"collection":[{"href":"https:\/\/baldumarket.lt\/lt\/wp-json\/wp\/v2\/product"}],"about":[{"href":"https:\/\/baldumarket.lt\/lt\/wp-json\/wp\/v2\/types\/product"}],"replies":[{"embeddable":true,"href":"https:\/\/baldumarket.lt\/lt\/wp-json\/wp\/v2\/comments?post=161605"}],"wp:featuredmedia":[{"embeddable":true,"href":"https:\/\/baldumarket.lt\/lt\/wp-json\/wp\/v2\/media\/161606"}],"wp:attachment":[{"href":"https:\/\/baldumarket.lt\/lt\/wp-json\/wp\/v2\/media?parent=161605"}],"wp:term":[{"taxonomy":"product_brand","embeddable":true,"href":"https:\/\/baldumarket.lt\/lt\/wp-json\/wp\/v2\/product_brand?post=161605"},{"taxonomy":"product_cat","embeddable":true,"href":"https:\/\/baldumarket.lt\/lt\/wp-json\/wp\/v2\/product_cat?post=161605"},{"taxonomy":"product_tag","embeddable":true,"href":"https:\/\/baldumarket.lt\/lt\/wp-json\/wp\/v2\/product_tag?post=161605"}],"curies":[{"name":"wp","href":"https:\/\/api.w.org\/{rel}","templated":true}]}}