{"id":161601,"date":"2025-12-19T01:48:32","date_gmt":"2025-12-18T22:48:32","guid":{"rendered":"https:\/\/baldumarket.lt\/product\/front-zmywarki-60-cm-sorento-d60fzw-zielony\/"},"modified":"2026-02-05T13:58:16","modified_gmt":"2026-02-05T10:58:16","slug":"front-zmywarki-60-cm-sorento-d60fzw-zielony","status":"publish","type":"product","link":"https:\/\/baldumarket.lt\/lt\/product\/front-zmywarki-60-cm-sorento-d60fzw-zielony\/","title":{"rendered":"Indaplov\u0117 su priekine dalimi, 60 cm, Sorento D60FZW, \u017ealia"},"content":{"rendered":"<p>Atraskite unikali\u0105 \u017eali\u0105 \u201eSorento D60FZW\u201c indaplov\u0117s priekin\u0119 dal\u012f, kuri suteiks j\u016bs\u0173 virtuvei i\u0161skirtinio charakterio. Subtilios linijos ir sodri spalva paver\u010dia \u0161i\u0105 priekin\u0119 dal\u012f i\u0161skirtiniu interjero dizaino elementu, suteikian\u010diu gaivumo ir elegancijos. Ji papildo modern\u0173 interjer\u0105, o jos dizainas leid\u017eia sukurti darni\u0105 ir harmoning\u0105 virtuv\u0117s erdv\u0119.<\/p>\n<p>\u017dalias indaplov\u0117s priekin\u0117s dalies atspalvis yra puikus pasirinkimas tiems, kurie trok\u0161ta gamtos prisilietimo savo namuose. \u0160i spalva, pary\u0161kinta matiniu pavir\u0161iumi, ne tik traukia ak\u012f, bet ir sukuria atsipalaidavimo bei ramyb\u0117s poj\u016bt\u012f. Tai puikus pasirinkimas tiems, kurie vertina ir stili\u0173, ir funkcionalum\u0105.<\/p>\n<p>Pagaminta i\u0161 patvarios laminuotos plok\u0161t\u0117s, \u201eSorento\u201c indaplov\u0117s priekin\u0117 dalis garantuoja atsparum\u0105 kasdieniams virtuv\u0117s i\u0161\u0161\u016bkiams. \u0160i med\u017eiaga derina estetik\u0105 ir prakti\u0161kum\u0105, tod\u0117l priekin\u0117 dalis atspari \u012fbr\u0117\u017eimams ir kitiems pa\u017eeidimams. Tai rei\u0161kia, kad gaunate gamin\u012f, kuris daugel\u012f met\u0173 i\u0161laikys savo nepriekai\u0161ting\u0105 i\u0161vaizd\u0105.<\/p>\n<p>Juodo metalo rankena ne tik dera su \u017ealuma priekin\u0117je dalyje, bet ir suteikia modern\u0173, industrin\u012f atspalv\u012f. Papildomas privalumas \u2013 galimyb\u0117 surinkti bald\u0105 savaranki\u0161kai, nes galite j\u012f pritaikyti tiksliai pagal savo poreikius ir pageidavimus. \u201eSorento D60FZW\u201c \u2013 tai daugiau nei funkcionalus baldas \u2013 tai investicija \u012f j\u016bs\u0173 nam\u0173 estetik\u0105.<\/p>","protected":false},"excerpt":{"rendered":"<p>Plotis (cm): 60<br \/>\n\u016agis (cm): 71,3<br \/>\nGylis (cm): 18<\/p>","protected":false},"featured_media":161602,"comment_status":"open","ping_status":"open","template":"","meta":[],"product_brand":[],"product_cat":[9436,9251,4106],"product_tag":[],"class_list":{"0":"post-161601","1":"product","2":"type-product","3":"status-publish","4":"has-post-thumbnail","6":"product_cat-kitchen-system-sorento","7":"product_cat-musor","8":"product_cat-gala-meble","10":"first","11":"instock","12":"purchasable","13":"product-type-simple"},"_links":{"self":[{"href":"https:\/\/baldumarket.lt\/lt\/wp-json\/wp\/v2\/product\/161601","targetHints":{"allow":["GET"]}}],"collection":[{"href":"https:\/\/baldumarket.lt\/lt\/wp-json\/wp\/v2\/product"}],"about":[{"href":"https:\/\/baldumarket.lt\/lt\/wp-json\/wp\/v2\/types\/product"}],"replies":[{"embeddable":true,"href":"https:\/\/baldumarket.lt\/lt\/wp-json\/wp\/v2\/comments?post=161601"}],"wp:featuredmedia":[{"embeddable":true,"href":"https:\/\/baldumarket.lt\/lt\/wp-json\/wp\/v2\/media\/161602"}],"wp:attachment":[{"href":"https:\/\/baldumarket.lt\/lt\/wp-json\/wp\/v2\/media?parent=161601"}],"wp:term":[{"taxonomy":"product_brand","embeddable":true,"href":"https:\/\/baldumarket.lt\/lt\/wp-json\/wp\/v2\/product_brand?post=161601"},{"taxonomy":"product_cat","embeddable":true,"href":"https:\/\/baldumarket.lt\/lt\/wp-json\/wp\/v2\/product_cat?post=161601"},{"taxonomy":"product_tag","embeddable":true,"href":"https:\/\/baldumarket.lt\/lt\/wp-json\/wp\/v2\/product_tag?post=161601"}],"curies":[{"name":"wp","href":"https:\/\/api.w.org\/{rel}","templated":true}]}}