{"id":161592,"date":"2025-12-19T01:48:16","date_gmt":"2025-12-18T22:48:16","guid":{"rendered":"https:\/\/baldumarket.lt\/product\/front-zmywarki-60-cm-wysoki-d60fzw-sycylia-andersen\/"},"modified":"2026-02-06T12:46:36","modified_gmt":"2026-02-06T09:46:36","slug":"front-zmywarki-60-cm-wysoki-d60fzw-sycylia-andersen","status":"publish","type":"product","link":"https:\/\/baldumarket.lt\/lt\/product\/front-zmywarki-60-cm-wysoki-d60fzw-sycylia-andersen\/","title":{"rendered":"Indaplov\u0117s priekin\u0117 dalis, 60 cm auk\u0161tis, D60FZW, Sicily Andersen"},"content":{"rendered":"<p>\u012ene\u0161kite \u012f savo virtuv\u0119 pietinio elegancijos estetik\u0105 su D60FZW indaplov\u0117s priekiu i\u0161 \u201eSicylia Andersen\u201c kolekcijos, kuri\u0105 suk\u016br\u0117 \u201eGa\u0142a Meble\u201c. \u012ekv\u0117ptas Italijos gamtos gro\u017eio, jis transformuojamas \u012f eleganti\u0161k\u0105 dizain\u0105, kuriame dera subtilios Anderseno pu\u0161ies spalvos su i\u0161skirtin\u0117mis sidabrin\u0117mis rankenomis. Jis puikiai der\u0117s prie modernaus interjero, suteikdamas rafinuotumo.<\/p>\n<p>Unikalus priekin\u0117s dalies dizainas pagerins bet kurios virtuv\u0117s stili\u0173 ir funkcionalum\u0105. MDF priekin\u0117 dalis yra patvari ir atspari kasdieniam naudojimui, u\u017etikrinant ilgalaik\u0119 estetik\u0105. Kompakti\u0161ki matmenys (60 cm plo\u010dio ir 72 cm auk\u0161\u010dio) puikiai dera su dauguma indaplovi\u0173, nes yra puikiai priglunda ir yra prakti\u0161ki.<\/p>\n<p>Unikali \u201eAndersen Pine\u201c spalv\u0173 gama suteikia virtuvei nat\u016bralaus \u0161ilumos ir ramyb\u0117s, puikiai dera su \u012fvairiais dekoro elementais. Sidabrin\u0117s plastikin\u0117s ranken\u0117l\u0117s pabr\u0117\u017eia modern\u0173, ta\u010diau eleganti\u0161k\u0105 vaizd\u0105 ir kartu yra prakti\u0161kas sprendimas kasdieniam naudojimui. \u0160is subtilumo ir funkcionalumo derinys \u2013 puikus pasirinkimas visiems, ie\u0161kantiems klasikinio, ta\u010diau eleganti\u0161ko modernaus sprendimo.<\/p>\n<p>Indaplov\u0117s D60FZW priekinis skydelis sukurtas paprastam ir intuityviam montavimui, tod\u0117l j\u0105 lengvai gali \u012fdiegti ir \u201epasidaryk pats\u201c m\u0117g\u0117jai. \u0160is sprendimas ypa\u010d patrauklus tiems, kurie vertina laiko taupym\u0105 ir laisv\u0119 interjero dizaino srityje. Rinkit\u0117s \u201eGa\u0142a Meble\u201c ir suteikite savo virtuvei itali\u0161kos elegancijos bei funkcionalumo.<\/p>","protected":false},"excerpt":{"rendered":"<p>Plotis (cm): 60<br \/>\n\u016agis (cm): 72<br \/>\nKolekcija: Sicilijos virtuv\u0117 Andersen<\/p>","protected":false},"featured_media":161593,"comment_status":"open","ping_status":"open","template":"","meta":[],"product_brand":[],"product_cat":[9440,9251,9441,4106],"product_tag":[],"class_list":{"0":"post-161592","1":"product","2":"type-product","3":"status-publish","4":"has-post-thumbnail","6":"product_cat-kitchen-system-sycylia-sosna-andersen","7":"product_cat-musor","8":"product_cat-white","9":"product_cat-gala-meble","11":"first","12":"instock","13":"purchasable","14":"product-type-simple"},"_links":{"self":[{"href":"https:\/\/baldumarket.lt\/lt\/wp-json\/wp\/v2\/product\/161592","targetHints":{"allow":["GET"]}}],"collection":[{"href":"https:\/\/baldumarket.lt\/lt\/wp-json\/wp\/v2\/product"}],"about":[{"href":"https:\/\/baldumarket.lt\/lt\/wp-json\/wp\/v2\/types\/product"}],"replies":[{"embeddable":true,"href":"https:\/\/baldumarket.lt\/lt\/wp-json\/wp\/v2\/comments?post=161592"}],"wp:featuredmedia":[{"embeddable":true,"href":"https:\/\/baldumarket.lt\/lt\/wp-json\/wp\/v2\/media\/161593"}],"wp:attachment":[{"href":"https:\/\/baldumarket.lt\/lt\/wp-json\/wp\/v2\/media?parent=161592"}],"wp:term":[{"taxonomy":"product_brand","embeddable":true,"href":"https:\/\/baldumarket.lt\/lt\/wp-json\/wp\/v2\/product_brand?post=161592"},{"taxonomy":"product_cat","embeddable":true,"href":"https:\/\/baldumarket.lt\/lt\/wp-json\/wp\/v2\/product_cat?post=161592"},{"taxonomy":"product_tag","embeddable":true,"href":"https:\/\/baldumarket.lt\/lt\/wp-json\/wp\/v2\/product_tag?post=161592"}],"curies":[{"name":"wp","href":"https:\/\/api.w.org\/{rel}","templated":true}]}}