{"id":161588,"date":"2025-12-19T01:48:09","date_gmt":"2025-12-18T22:48:09","guid":{"rendered":"https:\/\/baldumarket.lt\/product\/front-zmywarki-60-cm-wysoki-d60fzw-sycylia-orzech\/"},"modified":"2026-02-08T11:33:55","modified_gmt":"2026-02-08T08:33:55","slug":"front-zmywarki-60-cm-wysoki-d60fzw-sycylia-orzech","status":"publish","type":"product","link":"https:\/\/baldumarket.lt\/lt\/product\/front-zmywarki-60-cm-wysoki-d60fzw-sycylia-orzech\/","title":{"rendered":"Indaplov\u0117s priekin\u0117 dalis, 60 cm auk\u0161\u010dio, D60FZW, Sicilijos rie\u0161uto spalvos"},"content":{"rendered":"<p>Pristatome eleganti\u0161k\u0105 60 cm indaplov\u0117s priekin\u0119 dal\u012f, kuri taps unikaliu j\u016bs\u0173 virtuv\u0117s akcentu. Garsaus \u201eGa\u0142a Meble\u201c prek\u0117s \u017eenklo \u201eSicylia Walnut\u201c serija i\u0161siskiria rafinuotu stiliumi ir prabangia forma. \u201eMilano Walnut\u201c spalva \u2013 tai pasirinkimas tiems, kurie vertina klasikin\u0119 ir nat\u016brali\u0105 estetik\u0105, suteikian\u010di\u0105 bet kokiam interjerui \u0161ilumos ir jaukumo.<\/p>\n<p>\u0160i indaplov\u0117s priekin\u0117 dalis buvo sukurta galvojant apie estetik\u0105, siekiant virtuv\u0117s dizaino harmonijos ir darnos. Auk\u0161tos kokyb\u0117s MDF plok\u0161t\u0117 yra ne tik patvari, bet ir eleganti\u0161ka, tod\u0117l tai puikus sprendimas tiems, kurie vertina tvirtus sprendimus, kurie tarnaus ilgus metus. Intensyvus rie\u0161utmed\u017eio atspalvis puikiai dera su \u012fvairiais virtuv\u0117s stiliais \u2013 nuo klasikinio iki modernaus.<\/p>\n<p>Funkcionalumas yra pagrindinis kiekvieno virtuv\u0117s \u012frenginio aspektas, o m\u016bs\u0173 indaplov\u0117s priekin\u0117 dalis palengvina kasdien\u012f naudojim\u0105. Esteti\u0161ka sidabrin\u0117 plastikin\u0117 rankena yra ne tik prakti\u0161ka naudoti, bet ir suteikia elegancijos, pabr\u0117\u017eiant modern\u0173 priekin\u0117s dalies charakter\u012f. \u0160is gro\u017eio ir prakti\u0161kumo derinys tikrai patenkins net i\u0161rankiausi\u0173 klient\u0173 l\u016bkes\u010dius.<\/p>\n<p>Savaranki\u0161kas surinkimas yra paprastas ir intuityvus, tod\u0117l galite lengvai priderinti priekin\u0119 dal\u012f prie indaplov\u0117s. \u0160is sprendimas leid\u017eia pritaikyti virtuv\u0119 pagal individualius poreikius ir estetinius pageidavimus. Tai puikus pasirinkimas tiems, kurie vertina suasmeninimo patogum\u0105 be specialist\u0173 pagalbos.<\/p>","protected":false},"excerpt":{"rendered":"<p>Plotis (cm): 60<br \/>\n\u016agis (cm): 71,3<br \/>\nKolekcija: Virtuv\u0117 Sicily Walnut<\/p>","protected":false},"featured_media":161589,"comment_status":"open","ping_status":"open","template":"","meta":[],"product_brand":[],"product_cat":[9450,1043,4106],"product_tag":[],"class_list":{"0":"post-161588","1":"product","2":"type-product","3":"status-publish","4":"has-post-thumbnail","6":"product_cat-kitchen-system-sycylia-orzech-milano","7":"product_cat-extras","8":"product_cat-gala-meble","10":"first","11":"instock","12":"purchasable","13":"product-type-simple"},"_links":{"self":[{"href":"https:\/\/baldumarket.lt\/lt\/wp-json\/wp\/v2\/product\/161588","targetHints":{"allow":["GET"]}}],"collection":[{"href":"https:\/\/baldumarket.lt\/lt\/wp-json\/wp\/v2\/product"}],"about":[{"href":"https:\/\/baldumarket.lt\/lt\/wp-json\/wp\/v2\/types\/product"}],"replies":[{"embeddable":true,"href":"https:\/\/baldumarket.lt\/lt\/wp-json\/wp\/v2\/comments?post=161588"}],"wp:featuredmedia":[{"embeddable":true,"href":"https:\/\/baldumarket.lt\/lt\/wp-json\/wp\/v2\/media\/161589"}],"wp:attachment":[{"href":"https:\/\/baldumarket.lt\/lt\/wp-json\/wp\/v2\/media?parent=161588"}],"wp:term":[{"taxonomy":"product_brand","embeddable":true,"href":"https:\/\/baldumarket.lt\/lt\/wp-json\/wp\/v2\/product_brand?post=161588"},{"taxonomy":"product_cat","embeddable":true,"href":"https:\/\/baldumarket.lt\/lt\/wp-json\/wp\/v2\/product_cat?post=161588"},{"taxonomy":"product_tag","embeddable":true,"href":"https:\/\/baldumarket.lt\/lt\/wp-json\/wp\/v2\/product_tag?post=161588"}],"curies":[{"name":"wp","href":"https:\/\/api.w.org\/{rel}","templated":true}]}}