{"id":161584,"date":"2025-12-19T01:48:01","date_gmt":"2025-12-18T22:48:01","guid":{"rendered":"https:\/\/baldumarket.lt\/product\/front-zmywarki-niski-45-cm-d45fzn-sycylia-andersen\/"},"modified":"2026-02-06T12:46:36","modified_gmt":"2026-02-06T09:46:36","slug":"front-zmywarki-niski-45-cm-d45fzn-sycylia-andersen","status":"publish","type":"product","link":"https:\/\/baldumarket.lt\/lt\/product\/front-zmywarki-niski-45-cm-d45fzn-sycylia-andersen\/","title":{"rendered":"Indaplov\u0117 su priekine \u017eema konstrukcija, 45 cm, D45FZN, Sicily Andersen"},"content":{"rendered":"<p>Atraskite nauj\u0105 kokyb\u0117s lyg\u012f savo virtuv\u0117je su \u201eGa\u0142a Meble\u201c indaplov\u0117s priekiu \u201eAndersen D45FZN Sycylia\u201c. \u0160is unikalus elementas suteiks j\u016bs\u0173 interjerui elegancijos ir modernumo. Pagamintas i\u0161 itin patvaraus MDF, priekis yra ne tik gra\u017eus, bet ir ilgaam\u017eis, kuris tikrai patiks kiekvienam vartotojui.<\/p>\n<p>Anderseno pu\u0161ies spalvos fasadas \u2013 tai harmoningas tradicij\u0173 ir modernaus dizaino derinys. \u0160viesus med\u017eio atspalvis suteikia j\u016bs\u0173 interjerui \u0161ilumos ir jaukumo, suteikdamas unikalaus charakterio. Jis puikiai papildys skandinavi\u0161k\u0105, kaimi\u0161k\u0105 ar klasikin\u012f interjer\u0105 ir taps tikra j\u016bs\u0173 virtuv\u0117s puo\u0161mena.<\/p>\n<p>\u0160io gaminio funkcionalum\u0105 padidina paprastas savaranki\u0161kas surinkimas, tod\u0117l tai idealus sprendimas tiems, kurie vertina nepriklausomyb\u0119 ir laisv\u0119 interjero dizaino srityje. Kartu su lengva med\u017eiaga priekin\u0117 dalis yra lengvai montuojama, o ji i\u0161lieka stabili ir patvari ilgus metus. D\u0117l \u0161io i\u0161radingo sprendimo j\u016bs\u0173 indaplov\u0117 ne tik veiks efektyviai, bet ir taps neatsiejama j\u016bs\u0173 virtuv\u0117s dizaino dalimi.<\/p>\n<p>Sidabrin\u0117s spalvos plastikin\u0117 rankena yra prakti\u0161ka ir esteti\u0161kai patraukli, suteikianti bendram dizainui modernumo. Tai leid\u017eia detal\u0117ms \u012fgyti ypating\u0105 prasm\u0119, derinant funkcionalum\u0105 su eleganti\u0161ka i\u0161vaizda. Rinkit\u0117s \u201eAndersen D45FZN Sicylia\u201c indaplov\u0117s priek\u012f, kad kiekviena virtuv\u0117je praleista akimirka b\u016bt\u0173 gro\u017eio ir funkcionalumo malonumas.<\/p>","protected":false},"excerpt":{"rendered":"<p>Plotis (cm): 45<br \/>\n\u016agis (cm): 57<br \/>\nKolekcija: Sicilijos virtuv\u0117 Andersen<\/p>","protected":false},"featured_media":161585,"comment_status":"open","ping_status":"open","template":"","meta":[],"product_brand":[],"product_cat":[9440,9251,9441,4106],"product_tag":[],"class_list":{"0":"post-161584","1":"product","2":"type-product","3":"status-publish","4":"has-post-thumbnail","6":"product_cat-kitchen-system-sycylia-sosna-andersen","7":"product_cat-musor","8":"product_cat-white","9":"product_cat-gala-meble","11":"first","12":"instock","13":"purchasable","14":"product-type-simple"},"_links":{"self":[{"href":"https:\/\/baldumarket.lt\/lt\/wp-json\/wp\/v2\/product\/161584","targetHints":{"allow":["GET"]}}],"collection":[{"href":"https:\/\/baldumarket.lt\/lt\/wp-json\/wp\/v2\/product"}],"about":[{"href":"https:\/\/baldumarket.lt\/lt\/wp-json\/wp\/v2\/types\/product"}],"replies":[{"embeddable":true,"href":"https:\/\/baldumarket.lt\/lt\/wp-json\/wp\/v2\/comments?post=161584"}],"wp:featuredmedia":[{"embeddable":true,"href":"https:\/\/baldumarket.lt\/lt\/wp-json\/wp\/v2\/media\/161585"}],"wp:attachment":[{"href":"https:\/\/baldumarket.lt\/lt\/wp-json\/wp\/v2\/media?parent=161584"}],"wp:term":[{"taxonomy":"product_brand","embeddable":true,"href":"https:\/\/baldumarket.lt\/lt\/wp-json\/wp\/v2\/product_brand?post=161584"},{"taxonomy":"product_cat","embeddable":true,"href":"https:\/\/baldumarket.lt\/lt\/wp-json\/wp\/v2\/product_cat?post=161584"},{"taxonomy":"product_tag","embeddable":true,"href":"https:\/\/baldumarket.lt\/lt\/wp-json\/wp\/v2\/product_tag?post=161584"}],"curies":[{"name":"wp","href":"https:\/\/api.w.org\/{rel}","templated":true}]}}