{"id":161580,"date":"2025-12-19T01:47:54","date_gmt":"2025-12-18T22:47:54","guid":{"rendered":"https:\/\/baldumarket.lt\/product\/front-zmywarki-wysoki-45-cm-d45fzw-sycylia-andersen\/"},"modified":"2026-02-06T12:46:36","modified_gmt":"2026-02-06T09:46:36","slug":"front-zmywarki-wysoki-45-cm-d45fzw-sycylia-andersen","status":"publish","type":"product","link":"https:\/\/baldumarket.lt\/lt\/product\/front-zmywarki-wysoki-45-cm-d45fzw-sycylia-andersen\/","title":{"rendered":"Indaplov\u0117 su priekine vir\u0161utine dalimi, 45 cm, D45FZW, Sicily Andersen"},"content":{"rendered":"<p>Atraskite unikal\u0173 dizain\u0105, kuris j\u016bs\u0173 virtuvei suteiks elegancijos ir modernumo \u2013 45 cm D45FZW indaplov\u0117s priekin\u0119 dal\u012f i\u0161 \u201eAndersen Sicylia\u201c kolekcijos, priklausan\u010dios garsiam \u201eGa\u0142a Meble\u201c prek\u0117s \u017eenklui. \u0160is ry\u0161kus baldas derina stili\u0173 ir funkcionalum\u0105, puikiai dera su naujausiomis interjero dizaino tendencijomis. \u201eAndersen Pine\u201c spalva suteikia malon\u0173, ry\u0161k\u0173 vaizd\u0105 bet kurioje erdv\u0117je, papildydama tiek modern\u0173, tiek klasikin\u012f interjer\u0105.<\/p>\n<p>Pagrindinis \u0161io gaminio privalumas \u2013 i\u0161skirtin\u0117 estetika, i\u0161ry\u0161kinanti nat\u016bral\u0173 medienos gro\u017e\u012f. Pagaminta i\u0161 auk\u0161tos kokyb\u0117s MDF, indaplov\u0117s priekin\u0117 dalis yra patvari ir atspari kasdieniams pa\u017eeidimams. Subtilus pu\u0161ies atspalvis leid\u017eia priekinei daliai skland\u017eiai \u012fsilieti \u012f aplink\u0105, sukuriant harmoning\u0105 visum\u0105 su kitais virtuv\u0117s baldais. Tai puikus pasirinkimas erdv\u0117ms, kuriose svarbiausia harmonija ir stilius.<\/p>\n<p>Funkcionalumas \u2013 dar vienas \u0161io gaminio privalumas. D45FZW indaplov\u0117s priekin\u0117 dalis sukurta taip, kad j\u0105 b\u016bt\u0173 galima surinkti savaranki\u0161kai, tod\u0117l j\u0105 lengva ir patogu pritaikyti savo virtuvei. Paprastas dizainas u\u017etikrina, kad net ir neturintys bald\u0173 surinkimo patirties gali susidoroti su \u0161ia u\u017eduotimi. Pridedama eleganti\u0161kos sidabrin\u0117s spalvos plastikin\u0117 rankena puikiai papildo gamin\u012f, suteikdama jam modernaus blizgesio.<\/p>\n<p>\u201eGa\u0142a Meble\u201c indaplov\u0117s priekin\u0117 dalis D45FZW yra ne tik prakti\u0161ka, bet ir dekoratyvi. Lygus pavir\u0161ius ir tiksli apdaila paver\u010dia \u0161\u012f bald\u0105 puikiu bet kokio interjero papildymu. Rinkit\u0117s stiliaus ir funkcionalumo derin\u012f, pasirinkdami gamin\u012f, kuris pakeis j\u016bs\u0173 virtuv\u0117s erdv\u0119, sukurdamas \u0161ilumos ir elegancijos atmosfer\u0105.<\/p>","protected":false},"excerpt":{"rendered":"<p>Plotis (cm): 45<br \/>\n\u016agis (cm): 72<br \/>\nKolekcija: Sicilijos virtuv\u0117 Andersen<\/p>","protected":false},"featured_media":161581,"comment_status":"open","ping_status":"open","template":"","meta":[],"product_brand":[],"product_cat":[9440,9251,9441,4106],"product_tag":[],"class_list":{"0":"post-161580","1":"product","2":"type-product","3":"status-publish","4":"has-post-thumbnail","6":"product_cat-kitchen-system-sycylia-sosna-andersen","7":"product_cat-musor","8":"product_cat-white","9":"product_cat-gala-meble","11":"first","12":"instock","13":"purchasable","14":"product-type-simple"},"_links":{"self":[{"href":"https:\/\/baldumarket.lt\/lt\/wp-json\/wp\/v2\/product\/161580","targetHints":{"allow":["GET"]}}],"collection":[{"href":"https:\/\/baldumarket.lt\/lt\/wp-json\/wp\/v2\/product"}],"about":[{"href":"https:\/\/baldumarket.lt\/lt\/wp-json\/wp\/v2\/types\/product"}],"replies":[{"embeddable":true,"href":"https:\/\/baldumarket.lt\/lt\/wp-json\/wp\/v2\/comments?post=161580"}],"wp:featuredmedia":[{"embeddable":true,"href":"https:\/\/baldumarket.lt\/lt\/wp-json\/wp\/v2\/media\/161581"}],"wp:attachment":[{"href":"https:\/\/baldumarket.lt\/lt\/wp-json\/wp\/v2\/media?parent=161580"}],"wp:term":[{"taxonomy":"product_brand","embeddable":true,"href":"https:\/\/baldumarket.lt\/lt\/wp-json\/wp\/v2\/product_brand?post=161580"},{"taxonomy":"product_cat","embeddable":true,"href":"https:\/\/baldumarket.lt\/lt\/wp-json\/wp\/v2\/product_cat?post=161580"},{"taxonomy":"product_tag","embeddable":true,"href":"https:\/\/baldumarket.lt\/lt\/wp-json\/wp\/v2\/product_tag?post=161580"}],"curies":[{"name":"wp","href":"https:\/\/api.w.org\/{rel}","templated":true}]}}