{"id":161556,"date":"2025-12-19T01:47:12","date_gmt":"2025-12-18T22:47:12","guid":{"rendered":"https:\/\/baldumarket.lt\/product\/kora-andersen-kk4-komoda-4-drzwi-1-szuflady\/"},"modified":"2026-02-05T14:00:44","modified_gmt":"2026-02-05T11:00:44","slug":"kora-andersen-kk4-komoda-4-drzwi-1-szuflady","status":"publish","type":"product","link":"https:\/\/baldumarket.lt\/lt\/product\/kora-andersen-kk4-komoda-4-drzwi-1-szuflady\/","title":{"rendered":"Kora Andersen KK4 \u2013 komoda su 4 durel\u0117mis ir 1 stal\u010diumi"},"content":{"rendered":"","protected":false},"excerpt":{"rendered":"<p>\u016agis (cm): 97<br \/>\nPlotis (cm): 168<br \/>\nGylis (cm): 46<\/p>","protected":false},"featured_media":161557,"comment_status":"open","ping_status":"open","template":"","meta":[],"product_brand":[],"product_cat":[9437,1173,4106],"product_tag":[],"class_list":{"0":"post-161556","1":"product","2":"type-product","3":"status-publish","4":"has-post-thumbnail","6":"product_cat-furniture-system-kora","7":"product_cat-chests-of-drawers","8":"product_cat-gala-meble","10":"first","11":"instock","12":"purchasable","13":"product-type-simple"},"_links":{"self":[{"href":"https:\/\/baldumarket.lt\/lt\/wp-json\/wp\/v2\/product\/161556","targetHints":{"allow":["GET"]}}],"collection":[{"href":"https:\/\/baldumarket.lt\/lt\/wp-json\/wp\/v2\/product"}],"about":[{"href":"https:\/\/baldumarket.lt\/lt\/wp-json\/wp\/v2\/types\/product"}],"replies":[{"embeddable":true,"href":"https:\/\/baldumarket.lt\/lt\/wp-json\/wp\/v2\/comments?post=161556"}],"wp:featuredmedia":[{"embeddable":true,"href":"https:\/\/baldumarket.lt\/lt\/wp-json\/wp\/v2\/media\/161557"}],"wp:attachment":[{"href":"https:\/\/baldumarket.lt\/lt\/wp-json\/wp\/v2\/media?parent=161556"}],"wp:term":[{"taxonomy":"product_brand","embeddable":true,"href":"https:\/\/baldumarket.lt\/lt\/wp-json\/wp\/v2\/product_brand?post=161556"},{"taxonomy":"product_cat","embeddable":true,"href":"https:\/\/baldumarket.lt\/lt\/wp-json\/wp\/v2\/product_cat?post=161556"},{"taxonomy":"product_tag","embeddable":true,"href":"https:\/\/baldumarket.lt\/lt\/wp-json\/wp\/v2\/product_tag?post=161556"}],"curies":[{"name":"wp","href":"https:\/\/api.w.org\/{rel}","templated":true}]}}