{"id":161544,"date":"2025-12-19T01:46:50","date_gmt":"2025-12-18T22:46:50","guid":{"rendered":"https:\/\/baldumarket.lt\/product\/kora-andersen-kk6p-komoda-wysoka-3d3s-sosna-andersen\/"},"modified":"2026-02-05T14:00:53","modified_gmt":"2026-02-05T11:00:53","slug":"kora-andersen-kk6p-komoda-wysoka-3d3s-sosna-andersen","status":"publish","type":"product","link":"https:\/\/baldumarket.lt\/lt\/product\/kora-andersen-kk6p-komoda-wysoka-3d3s-sosna-andersen\/","title":{"rendered":"Kora Andersen KK6P \u2013 Auk\u0161ta komoda 3D3S Pu\u0161is Andersen"},"content":{"rendered":"<p>Kiekviename m\u016bs\u0173 nam\u0173 kambaryje yra element\u0173, kurie daro \u012ftak\u0105 jo dekorui, vieni labiau nei kiti, pabr\u0117\u017eiantys \u0161eiminink\u0173 stili\u0173 ir skon\u012f. Jei ie\u0161kote stilingos komodos, kuri su\u017eav\u0117s tiek \u0161eimos narius, tiek sve\u010dius, \u2019Ga\u0142a Meble\u201c \u201eKora Andersen\u201c kolekcijoje rasite labai \u012fdom\u0173 variant\u0105.<\/p>\n<p>\u201eKora Andersen\u201c komoda \u2013 \u012fdomi klasikinio dizaino variacija. Komodoje yra dvi spintel\u0117s, kuri\u0173 kiekvienoje yra erdvios lentynos. Vidurin\u0117 komodos dalis d\u0117l savo auk\u0161\u010dio gali b\u016bti naudojama kaip baro stalvir\u0161is, o apatin\u0117je dalyje yra naudingi ir erdv\u016bs stal\u010diai. Baldo universalumas ir unikalus dizainas padidina jo vert\u0119 ir pakelia svetain\u0117s dekoro kamp\u0105.<\/p>\n<p>Klasikin\u0117, neutrali spalv\u0173 gama, derinama su dekoratyvin\u0117mis detal\u0117mis ir matoma, kruop\u0161ti apdaila, patiks daugeliui tradicinio dekoro ir funkcionali\u0173 bald\u0173 gerb\u0117j\u0173.<\/p>","protected":false},"excerpt":{"rendered":"<p>\u016agis (cm): 117<br \/>\nPlotis (cm): 158<br \/>\nGylis (cm): 46<\/p>","protected":false},"featured_media":161545,"comment_status":"open","ping_status":"open","template":"","meta":[],"product_brand":[],"product_cat":[9437,1173,4106],"product_tag":[],"class_list":{"0":"post-161544","1":"product","2":"type-product","3":"status-publish","4":"has-post-thumbnail","6":"product_cat-furniture-system-kora","7":"product_cat-chests-of-drawers","8":"product_cat-gala-meble","10":"first","11":"instock","12":"purchasable","13":"product-type-simple"},"_links":{"self":[{"href":"https:\/\/baldumarket.lt\/lt\/wp-json\/wp\/v2\/product\/161544","targetHints":{"allow":["GET"]}}],"collection":[{"href":"https:\/\/baldumarket.lt\/lt\/wp-json\/wp\/v2\/product"}],"about":[{"href":"https:\/\/baldumarket.lt\/lt\/wp-json\/wp\/v2\/types\/product"}],"replies":[{"embeddable":true,"href":"https:\/\/baldumarket.lt\/lt\/wp-json\/wp\/v2\/comments?post=161544"}],"wp:featuredmedia":[{"embeddable":true,"href":"https:\/\/baldumarket.lt\/lt\/wp-json\/wp\/v2\/media\/161545"}],"wp:attachment":[{"href":"https:\/\/baldumarket.lt\/lt\/wp-json\/wp\/v2\/media?parent=161544"}],"wp:term":[{"taxonomy":"product_brand","embeddable":true,"href":"https:\/\/baldumarket.lt\/lt\/wp-json\/wp\/v2\/product_brand?post=161544"},{"taxonomy":"product_cat","embeddable":true,"href":"https:\/\/baldumarket.lt\/lt\/wp-json\/wp\/v2\/product_cat?post=161544"},{"taxonomy":"product_tag","embeddable":true,"href":"https:\/\/baldumarket.lt\/lt\/wp-json\/wp\/v2\/product_tag?post=161544"}],"curies":[{"name":"wp","href":"https:\/\/api.w.org\/{rel}","templated":true}]}}