{"id":161354,"date":"2025-12-19T01:40:36","date_gmt":"2025-12-18T22:40:36","guid":{"rendered":"https:\/\/baldumarket.lt\/product\/kora-ks-3-szafa-4-drzwiowa-z-lustrem\/"},"modified":"2026-02-05T14:01:39","modified_gmt":"2026-02-05T11:01:39","slug":"kora-ks-3-szafa-4-drzwiowa-z-lustrem","status":"publish","type":"product","link":"https:\/\/baldumarket.lt\/lt\/product\/kora-ks-3-szafa-4-drzwiowa-z-lustrem\/","title":{"rendered":"Kora KS 3 \u2013 4 dur\u0173 spinta su veidrod\u017eiu"},"content":{"rendered":"","protected":false},"excerpt":{"rendered":"<p>\u016agis (cm): 211<br \/>\nPlotis (cm): 208<br \/>\nGylis (cm): 62<\/p>","protected":false},"featured_media":161355,"comment_status":"open","ping_status":"open","template":"","meta":[],"product_brand":[],"product_cat":[9437,4106,1177],"product_tag":[],"class_list":{"0":"post-161354","1":"product","2":"type-product","3":"status-publish","4":"has-post-thumbnail","6":"product_cat-furniture-system-kora","7":"product_cat-gala-meble","8":"product_cat-wardrobes","10":"first","11":"instock","12":"purchasable","13":"product-type-simple"},"_links":{"self":[{"href":"https:\/\/baldumarket.lt\/lt\/wp-json\/wp\/v2\/product\/161354","targetHints":{"allow":["GET"]}}],"collection":[{"href":"https:\/\/baldumarket.lt\/lt\/wp-json\/wp\/v2\/product"}],"about":[{"href":"https:\/\/baldumarket.lt\/lt\/wp-json\/wp\/v2\/types\/product"}],"replies":[{"embeddable":true,"href":"https:\/\/baldumarket.lt\/lt\/wp-json\/wp\/v2\/comments?post=161354"}],"wp:featuredmedia":[{"embeddable":true,"href":"https:\/\/baldumarket.lt\/lt\/wp-json\/wp\/v2\/media\/161355"}],"wp:attachment":[{"href":"https:\/\/baldumarket.lt\/lt\/wp-json\/wp\/v2\/media?parent=161354"}],"wp:term":[{"taxonomy":"product_brand","embeddable":true,"href":"https:\/\/baldumarket.lt\/lt\/wp-json\/wp\/v2\/product_brand?post=161354"},{"taxonomy":"product_cat","embeddable":true,"href":"https:\/\/baldumarket.lt\/lt\/wp-json\/wp\/v2\/product_cat?post=161354"},{"taxonomy":"product_tag","embeddable":true,"href":"https:\/\/baldumarket.lt\/lt\/wp-json\/wp\/v2\/product_tag?post=161354"}],"curies":[{"name":"wp","href":"https:\/\/api.w.org\/{rel}","templated":true}]}}