{"id":161335,"date":"2025-12-19T01:39:58","date_gmt":"2025-12-18T22:39:58","guid":{"rendered":"https:\/\/baldumarket.lt\/product\/kora-samoa-krw-1-witryna-1-drzwiowa-samoa-king\/"},"modified":"2026-02-05T14:01:39","modified_gmt":"2026-02-05T11:01:39","slug":"kora-samoa-krw-1-witryna-1-drzwiowa-samoa-king","status":"publish","type":"product","link":"https:\/\/baldumarket.lt\/lt\/product\/kora-samoa-krw-1-witryna-1-drzwiowa-samoa-king\/","title":{"rendered":"\u201eKora Samoa KRW 1\u201c \u2013 \u201eSamoa King\u201c vien\u0173 dur\u0173 vitrina"},"content":{"rendered":"<p>\u201eKora\u201c kolekcija alsuoja klasikine elegancija, pasi\u017eymin\u010dia auk\u0161\u010diausiu meistri\u0161kumu. \u0160ie baldai, kuriuos galima \u012fsigyti dviej\u0173 spalv\u0173: eleganti\u0161kos rudos \u201eKora Samoa\u201c ir baltos \u201eKora Andersen\u201c, puikiai tinka svetain\u0117ms, biurams, darbo kambariams ir miegamiesiems. Eleganti\u0161ki akcentai, tokie kaip dekoratyvin\u0117s rankenos ir stilingos kojel\u0117s, derinami su nat\u016bralia spalv\u0173 palete, suteikia bet kokiam i\u0161d\u0117stymui klas\u0117s ir charakterio. Tobulas element\u0173 derinys suteiks \u0161ilumos bet kuriam kambariui.<\/p>","protected":false},"excerpt":{"rendered":"<p>\u016agis (cm): 193<br \/>\nPlotis (cm): 58<br \/>\nGylis (cm): 40<\/p>","protected":false},"featured_media":161336,"comment_status":"open","ping_status":"open","template":"","meta":[],"product_brand":[],"product_cat":[9437,4106,2006],"product_tag":[],"class_list":{"0":"post-161335","1":"product","2":"type-product","3":"status-publish","4":"has-post-thumbnail","6":"product_cat-furniture-system-kora","7":"product_cat-gala-meble","8":"product_cat-vitrines","10":"first","11":"instock","12":"purchasable","13":"product-type-simple"},"_links":{"self":[{"href":"https:\/\/baldumarket.lt\/lt\/wp-json\/wp\/v2\/product\/161335","targetHints":{"allow":["GET"]}}],"collection":[{"href":"https:\/\/baldumarket.lt\/lt\/wp-json\/wp\/v2\/product"}],"about":[{"href":"https:\/\/baldumarket.lt\/lt\/wp-json\/wp\/v2\/types\/product"}],"replies":[{"embeddable":true,"href":"https:\/\/baldumarket.lt\/lt\/wp-json\/wp\/v2\/comments?post=161335"}],"wp:featuredmedia":[{"embeddable":true,"href":"https:\/\/baldumarket.lt\/lt\/wp-json\/wp\/v2\/media\/161336"}],"wp:attachment":[{"href":"https:\/\/baldumarket.lt\/lt\/wp-json\/wp\/v2\/media?parent=161335"}],"wp:term":[{"taxonomy":"product_brand","embeddable":true,"href":"https:\/\/baldumarket.lt\/lt\/wp-json\/wp\/v2\/product_brand?post=161335"},{"taxonomy":"product_cat","embeddable":true,"href":"https:\/\/baldumarket.lt\/lt\/wp-json\/wp\/v2\/product_cat?post=161335"},{"taxonomy":"product_tag","embeddable":true,"href":"https:\/\/baldumarket.lt\/lt\/wp-json\/wp\/v2\/product_tag?post=161335"}],"curies":[{"name":"wp","href":"https:\/\/api.w.org\/{rel}","templated":true}]}}