{"id":161327,"date":"2025-12-19T01:39:43","date_gmt":"2025-12-18T22:39:43","guid":{"rendered":"https:\/\/baldumarket.lt\/product\/lucca-k3d3s-komoda-3d3s-bialy-opal-dab-craft\/"},"modified":"2026-02-08T11:39:19","modified_gmt":"2026-02-08T08:39:19","slug":"lucca-k3d3s-komoda-3d3s-bialy-opal-dab-craft","status":"publish","type":"product","link":"https:\/\/baldumarket.lt\/lt\/produktas\/lucca-k3d3s-komoda-3d3s-bialy-opal-dab-craft\/","title":{"rendered":"Lucca K3D3S \u2013 3D3S komoda, baltas opalas \/ \u0105\u017euolas"},"content":{"rendered":"<p>Atraskite \u201eGa\u0142a Meble\u201c komodos \u201eLucca K3D3S\u201c elegancij\u0105 ir funkcionalum\u0105. Pagaminta i\u0161 balto opalo ir dirbtinio \u0105\u017euolo derinio, \u0161i komoda harmoningai \u012fsilies \u012f \u012fvairius interjero dizainus. Minimalistinis dizainas suteikia erdvei modernumo, kartu \u012fkvepiant \u0161ilumos ir jaukumo.<\/p>\n<p>\u201eLucca K3D3S\u201c komoda si\u016blo prakti\u0161kus sprendimus bet kokiems namams. Trys erdv\u016bs stal\u010diai ir trys erdvios spintel\u0117s sukuria puiki\u0105 erdv\u0119 tiek drabu\u017eiams, tiek dokumentams laikyti. Tai u\u017etikrina, kad visi j\u016bs\u0173 daiktai visada b\u016bt\u0173 tvarkingi ir lengvai pasiekiami. Auk\u0161tos kokyb\u0117s med\u017eiagos, tokios kaip laminuota plok\u0161t\u0117 ir MDF, garantuoja ilgaam\u017ei\u0161kum\u0105 ir atsparum\u0105 pa\u017eeidimams.<\/p>\n<p>Subtilios, juodos metalin\u0117s ranken\u0117l\u0117s suteikia komodai elegancijos ir u\u017etikrina patog\u0173 naudojim\u0105. J\u0173 klasikinis dizainas puikiai dera su modernia baldo i\u0161vaizda, suteikdamas jam unikal\u0173 charakter\u012f. D\u0117l tvirto pagrindo ir dekoratyvini\u0173 lipdini\u0173 komoda yra ne tik esteti\u0161kai patraukli, bet ir stabili bei patvari.<\/p>\n<p>\u201eLucca K3D3S\u201c indauja yra intuityvi ir paprasta surinkti, tod\u0117l j\u0105 galima lengvai sumontuoti patiems. \u0160is baldas puikiai tinka visiems, kurie vertina ne tik gro\u017e\u012f, bet ir funkcionalum\u0105 bei patogum\u0105 kasdieniame gyvenime. Ji neabejotinai taps j\u016bs\u0173 interjero traukos centru, pritraukdama kiekvieno sve\u010dio d\u0117mes\u012f.<\/p>\n<p>I\u0161sirinkite \u201eLucca K3D3S\u201c indauja ir pamatykite, kaip lengvai galima derinti estetik\u0105 ir funkcionalum\u0105, sukuriant erdv\u0119, idealiai pritaikyt\u0105 j\u016bs\u0173 poreikiams. Investav\u0119 \u012f \u0161i\u0105 spintel\u0119, ne tik \u012fgysite prakti\u0161k\u0105 daikt\u0173 laikymo sprendim\u0105, bet ir suteiksite savo interjerui \u017eavesio.<\/p>","protected":false},"excerpt":{"rendered":"<p>Plotis (cm): 149<br \/>\n\u016agis (cm): 86<br \/>\nGylis (cm): 39,5<\/p>","protected":false},"featured_media":161328,"comment_status":"open","ping_status":"open","template":"","meta":[],"product_brand":[],"product_cat":[9453,1173,4106],"product_tag":[],"class_list":{"0":"post-161327","1":"product","2":"type-product","3":"status-publish","4":"has-post-thumbnail","6":"product_cat-furniture-system-lucca-gala-meble","7":"product_cat-chests-of-drawers","8":"product_cat-gala-meble","10":"first","11":"instock","12":"purchasable","13":"product-type-simple"},"_links":{"self":[{"href":"https:\/\/baldumarket.lt\/lt\/wp-json\/wp\/v2\/product\/161327","targetHints":{"allow":["GET"]}}],"collection":[{"href":"https:\/\/baldumarket.lt\/lt\/wp-json\/wp\/v2\/product"}],"about":[{"href":"https:\/\/baldumarket.lt\/lt\/wp-json\/wp\/v2\/types\/product"}],"replies":[{"embeddable":true,"href":"https:\/\/baldumarket.lt\/lt\/wp-json\/wp\/v2\/comments?post=161327"}],"wp:featuredmedia":[{"embeddable":true,"href":"https:\/\/baldumarket.lt\/lt\/wp-json\/wp\/v2\/media\/161328"}],"wp:attachment":[{"href":"https:\/\/baldumarket.lt\/lt\/wp-json\/wp\/v2\/media?parent=161327"}],"wp:term":[{"taxonomy":"product_brand","embeddable":true,"href":"https:\/\/baldumarket.lt\/lt\/wp-json\/wp\/v2\/product_brand?post=161327"},{"taxonomy":"product_cat","embeddable":true,"href":"https:\/\/baldumarket.lt\/lt\/wp-json\/wp\/v2\/product_cat?post=161327"},{"taxonomy":"product_tag","embeddable":true,"href":"https:\/\/baldumarket.lt\/lt\/wp-json\/wp\/v2\/product_tag?post=161327"}],"curies":[{"name":"wp","href":"https:\/\/api.w.org\/{rel}","templated":true}]}}