{"id":161323,"date":"2025-12-19T01:39:36","date_gmt":"2025-12-18T22:39:36","guid":{"rendered":"https:\/\/baldumarket.lt\/product\/lucca-k3d3s-komoda-3d3s-czarny-grafit-dab-craft\/"},"modified":"2026-02-08T11:39:19","modified_gmt":"2026-02-08T08:39:19","slug":"lucca-k3d3s-komoda-3d3s-czarny-grafit-dab-craft","status":"publish","type":"product","link":"https:\/\/baldumarket.lt\/lt\/produktas\/lucca-k3d3s-komoda-3d3s-czarny-grafit-dab-craft\/","title":{"rendered":"Lucca K3D3S \u2013 3D3S komoda, juodo grafito\/\u0105\u017euolo spalvos"},"content":{"rendered":"<p>\u201eLucca K3D3S\u201c indauja i\u0161 \u201eGa\u0142a Meble\u201c kolekcijos i\u0161 karto patraukia d\u0117mes\u012f eleganti\u0161ku dizainu ir rafinuotu spalv\u0173 deriniu. Unikalus juodo grafito ir \u0161iltos \u201eCraft Oak\u201c medienos kontrastas suteikia interjerui modernumo ir klasikinio stiliaus. \u0160is harmoningas derinys leid\u017eia indaujai puikiai dera tiek moderniuose, tiek tradici\u0161kesniuose interjeruose.<\/p>\n<p>Papildomas privalumas \u2013 auksin\u0117s rankenos, suteikian\u010dios baldui prabangos. Eleganti\u0161kos rankenos puikiai papildo bendr\u0105 dizain\u0105, suteikdamos subtilaus blizgesio ir pabr\u0117\u017edamos Lucca K3D3S indaujai b\u016bding\u0105 d\u0117mes\u012f detal\u0117ms. \u0160ie akcentai suteikia baldui ne tik funkcionalumo, bet ir dekoratyvumo.<\/p>\n<p>Taip pat verta pamin\u0117ti \u0161io baldo prakti\u0161kum\u0105. Trys erdv\u016bs stal\u010diai ir trys spintel\u0117s, kuri\u0173 kiekviena turi po vien\u0105 lentyn\u0105, leid\u017eia laikyti b\u016btiniausius daiktus, tokius kaip dokumentai ir drabu\u017eiai. Tai puikus sprendimas svetainei, miegamajam ar net biurui, kur reikia vietos \u012fvairiems daiktams susitvarkyti.<\/p>\n<p>\u201eLucca K3D3S\u201c indauja pagaminta i\u0161 laminuotos plok\u0161t\u0117s ir MDF, tod\u0117l yra patvari ir atspari pa\u017eeidimams. Tvirtas cokolis ir dekoratyviniai MDF profiliai suteikia jai tvirtumo, u\u017etikrina stabilum\u0105 ir ilgaam\u017ei\u0161kum\u0105. D\u0117l tikslios apdailos ir auk\u0161tos kokyb\u0117s med\u017eiag\u0173, indauja tarnaus daugel\u012f met\u0173, i\u0161laikydama estetin\u012f patrauklum\u0105.<\/p>\n<p>\u201eLucca K3D3S\u201c yra sukurtas savaranki\u0161kam surinkimui, tod\u0117l galite pritaikyti surinkimo laik\u0105 pagal savo poreikius. Surinkimo instrukcijos yra paprastos ir ai\u0161kios, tod\u0117l surinkti lengva net ir ma\u017eiau patyrusiems vartotojams. Tai puikus pasirinkimas tiems, kurie vertina elegancij\u0105, funkcionalum\u0105 ir tvirt\u0105 meistri\u0161kum\u0105.<\/p>","protected":false},"excerpt":{"rendered":"<p>Plotis (cm): 149<br \/>\n\u016agis (cm): 86<br \/>\nGylis (cm): 39,5<\/p>","protected":false},"featured_media":161324,"comment_status":"open","ping_status":"open","template":"","meta":[],"product_brand":[],"product_cat":[9453,1173,4106],"product_tag":[],"class_list":{"0":"post-161323","1":"product","2":"type-product","3":"status-publish","4":"has-post-thumbnail","6":"product_cat-furniture-system-lucca-gala-meble","7":"product_cat-chests-of-drawers","8":"product_cat-gala-meble","10":"first","11":"instock","12":"purchasable","13":"product-type-simple"},"_links":{"self":[{"href":"https:\/\/baldumarket.lt\/lt\/wp-json\/wp\/v2\/product\/161323","targetHints":{"allow":["GET"]}}],"collection":[{"href":"https:\/\/baldumarket.lt\/lt\/wp-json\/wp\/v2\/product"}],"about":[{"href":"https:\/\/baldumarket.lt\/lt\/wp-json\/wp\/v2\/types\/product"}],"replies":[{"embeddable":true,"href":"https:\/\/baldumarket.lt\/lt\/wp-json\/wp\/v2\/comments?post=161323"}],"wp:featuredmedia":[{"embeddable":true,"href":"https:\/\/baldumarket.lt\/lt\/wp-json\/wp\/v2\/media\/161324"}],"wp:attachment":[{"href":"https:\/\/baldumarket.lt\/lt\/wp-json\/wp\/v2\/media?parent=161323"}],"wp:term":[{"taxonomy":"product_brand","embeddable":true,"href":"https:\/\/baldumarket.lt\/lt\/wp-json\/wp\/v2\/product_brand?post=161323"},{"taxonomy":"product_cat","embeddable":true,"href":"https:\/\/baldumarket.lt\/lt\/wp-json\/wp\/v2\/product_cat?post=161323"},{"taxonomy":"product_tag","embeddable":true,"href":"https:\/\/baldumarket.lt\/lt\/wp-json\/wp\/v2\/product_tag?post=161323"}],"curies":[{"name":"wp","href":"https:\/\/api.w.org\/{rel}","templated":true}]}}