{"id":161319,"date":"2025-12-19T01:39:29","date_gmt":"2025-12-18T22:39:29","guid":{"rendered":"https:\/\/baldumarket.lt\/product\/lucca-k4d4s-komoda-4d4s-bialy-opal-dab-craft\/"},"modified":"2026-02-08T11:39:19","modified_gmt":"2026-02-08T08:39:19","slug":"lucca-k4d4s-komoda-4d4s-bialy-opal-dab-craft","status":"publish","type":"product","link":"https:\/\/baldumarket.lt\/lt\/produktas\/lucca-k4d4s-komoda-4d4s-bialy-opal-dab-craft\/","title":{"rendered":"Lucca K4D4S \u2013 Komoda 4D4S Baltas opalas\/Amatinio \u0105\u017euolo spalvos"},"content":{"rendered":"<p>Stilinga ir eleganti\u0161ka \u201eLucca K4D4S\u201c indauja \u2013 puikus sprendimas visiems, vertinantiems modern\u0173 dizain\u0105 ir funkcionalum\u0105. Matin\u0117s baltos spalvos korpusas ir balti fasadai kartu su \u0105\u017euolo akcentais sukuria harmoning\u0105 ir esteti\u0161kai patraukl\u0173 bendr\u0105 vaizd\u0105, kuris puikiai der\u0117s prie bet kokio interjero. Tai baldas, suteikiantis lengvumo ir kartu pasi\u017eymintis universalumu.<\/p>\n<p>\u201eLucca K4D4S\u201c si\u016blo daug vietos daiktams susid\u0117ti d\u0117l keturi\u0173 erdvi\u0173 stal\u010di\u0173 ir keturi\u0173 erdvi\u0173 spinteli\u0173. Kiekvienoje spintel\u0117je yra lentyna, tod\u0117l tai modernus ir prakti\u0161kas sprendimas drabu\u017eiams, dokumentams ir kitiems nam\u0173 apyvokos daiktams laikyti. \u0160i indauja lengvai palaikys tvark\u0105 namuose, o jos apgalvotas dizainas u\u017etikrina lengv\u0105 prieig\u0105 prie vis\u0173 laikom\u0173 daikt\u0173.<\/p>\n<p>Klasikin\u0117s juodo metalo rankenos suteikia \u017eavesio ir pabr\u0117\u017eia modern\u0173 charakter\u012f. Tvirti cokolio elementai ir dekoratyviniai MDF profiliai suteikia tvirtumo ir elegancijos. Korpusas ir fasadai pagaminti i\u0161 patvarios, pa\u017eeidimams atsparios laminuotos plok\u0161t\u0117s, u\u017etikrinan\u010dios ilgaam\u017ei\u0161kum\u0105 ir lengv\u0105 valym\u0105. Tai puikus pasirinkimas tiems, kurie vertina kokyb\u0119 ir ilgaam\u017ei\u0161kum\u0105.<\/p>\n<p>\u0160ios indaujas surinkti paprasta ir intuityvu, tod\u0117l j\u012f lengvai gali atlikti kiekvienas. \u201eLucca K4D4S\u201c indauja ne tik pad\u0117s sutvarkyti erdv\u0119, bet ir suteiks interjerui modernumo bei stiliaus. Ji puikiai tinka svetain\u0117ms, miegamiesiems ir koridoriams, nes yra prakti\u0161kas ir esteti\u0161kai patrauklus bet kokio interjero papildymas.<\/p>\n<p>Pasirinkdami \u201eLucca K4D4S\u201c indauja, investuojate \u012f bald\u0105, kuris \u017eavi ne tik savo i\u0161vaizda, bet ir prakti\u0161kumu. Tai puikus pasirinkimas ie\u0161kantiems funkcionalaus ir stilingo sprendimo savo namams. Ji padarys j\u016bs\u0173 namus dar gra\u017eesnius ir tvarkingesnius.<\/p>","protected":false},"excerpt":{"rendered":"<p>Plotis (cm): 193<br \/>\n\u016agis (cm): 86<br \/>\nGylis (cm): 39,5<\/p>","protected":false},"featured_media":161320,"comment_status":"open","ping_status":"open","template":"","meta":[],"product_brand":[],"product_cat":[9453,1173,4106],"product_tag":[],"class_list":{"0":"post-161319","1":"product","2":"type-product","3":"status-publish","4":"has-post-thumbnail","6":"product_cat-furniture-system-lucca-gala-meble","7":"product_cat-chests-of-drawers","8":"product_cat-gala-meble","10":"first","11":"instock","12":"purchasable","13":"product-type-simple"},"_links":{"self":[{"href":"https:\/\/baldumarket.lt\/lt\/wp-json\/wp\/v2\/product\/161319","targetHints":{"allow":["GET"]}}],"collection":[{"href":"https:\/\/baldumarket.lt\/lt\/wp-json\/wp\/v2\/product"}],"about":[{"href":"https:\/\/baldumarket.lt\/lt\/wp-json\/wp\/v2\/types\/product"}],"replies":[{"embeddable":true,"href":"https:\/\/baldumarket.lt\/lt\/wp-json\/wp\/v2\/comments?post=161319"}],"wp:featuredmedia":[{"embeddable":true,"href":"https:\/\/baldumarket.lt\/lt\/wp-json\/wp\/v2\/media\/161320"}],"wp:attachment":[{"href":"https:\/\/baldumarket.lt\/lt\/wp-json\/wp\/v2\/media?parent=161319"}],"wp:term":[{"taxonomy":"product_brand","embeddable":true,"href":"https:\/\/baldumarket.lt\/lt\/wp-json\/wp\/v2\/product_brand?post=161319"},{"taxonomy":"product_cat","embeddable":true,"href":"https:\/\/baldumarket.lt\/lt\/wp-json\/wp\/v2\/product_cat?post=161319"},{"taxonomy":"product_tag","embeddable":true,"href":"https:\/\/baldumarket.lt\/lt\/wp-json\/wp\/v2\/product_tag?post=161319"}],"curies":[{"name":"wp","href":"https:\/\/api.w.org\/{rel}","templated":true}]}}