{"id":161315,"date":"2025-12-19T01:39:21","date_gmt":"2025-12-18T22:39:21","guid":{"rendered":"https:\/\/baldumarket.lt\/product\/lucca-k4d4s-komoda-4d4s-czarny-grafit-dab-craft\/"},"modified":"2026-02-08T11:39:19","modified_gmt":"2026-02-08T08:39:19","slug":"lucca-k4d4s-komoda-4d4s-czarny-grafit-dab-craft","status":"publish","type":"product","link":"https:\/\/baldumarket.lt\/lt\/produktas\/lucca-k4d4s-komoda-4d4s-czarny-grafit-dab-craft\/","title":{"rendered":"Lucca K4D4S \u2013 Komoda 4D4S juodo grafito\/\u0105\u017euolo spalvos"},"content":{"rendered":"<p>\u201eGa\u0142a Meble\u201c komoda \u201eLucca K4D4S\u201c \u2013 tikras bald\u0173 meno k\u016brinys, kuris bet kokiam interjerui suteiks elegancijos ir modernumo. Juodojo grafito ir \u0105\u017euolo derinys suteikia \u0161iai komodai i\u0161skirtin\u012f, ta\u010diau subtil\u0173 charakter\u012f. Auksin\u0117s ranken\u0117l\u0117s u\u017ebaigia dizain\u0105, sukurdamos unikal\u0173 akcent\u0105 ir suteikdamos prabangos.<\/p>\n<p>Jo dizainas \u2013 puikus estetikos ir funkcionalumo harmonijos pavyzdys. Keturi erdv\u016bs stal\u010diai ir keturios erdvios spintel\u0117s su lentynomis suteikia daug vietos \u012fvairiems daiktams \u2013 nuo dokument\u0173 iki drabu\u017ei\u0173. Jis puikiai tinka tiek miegamajam, tiek svetainei, suteikdamas namams tvarkos ir \u0161varos. Be to, tvirtas cokolis suteikia stabilumo ir elegancijos, o dekoratyvin\u0117 MDF apdaila \u2013 rafinuot\u0105 i\u0161vaizd\u0105.<\/p>\n<p>Komoda pagaminta i\u0161 auk\u0161tos kokyb\u0117s laminuotos plok\u0161t\u0117s ir MDF, u\u017etikrinan\u010dios patvarum\u0105 ir atsparum\u0105 kasdieniam naudojimui. Tai ne tik gra\u017eus baldas, bet ir ilgalaik\u0117 investicija. Komoda sukurta taip, kad j\u0105 b\u016bt\u0173 galima surinkti patiems, o tai yra papildomas privalumas tiems, kurie m\u0117gsta rank\u0173 darbo interjero i\u0161\u0161\u016bkius ir pasitenkinim\u0105.<\/p>\n<p>\u201eLucca K4D4S\u201c komoda sukurta tiems, kurie vertina modernum\u0105, elegancij\u0105 ir prakti\u0161kum\u0105. Auksin\u0117s ranken\u0117l\u0117s suteikia elegancijos ir tuo pa\u010diu i\u0161lieka funkcionalios. D\u0117l universalaus dizaino ji puikiai der\u0117s tiek prie klasikinio, tiek prie modernaus interjero, tapdama nepakei\u010diamu elementu.<\/p>\n<p>Pasirinkdami \u201eLucca K4D4S\u201c komod\u0105, investuojate \u012f bald\u0105, kuris ne tik papildys j\u016bs\u0173 interjero dizain\u0105, bet ir leis efektyviau organizuoti erdv\u0119. U\u017esisakykite j\u0105 \u0161iandien ir pamatykite, kaip ji gali pakeisti j\u016bs\u0173 nam\u0173 i\u0161vaizd\u0105.<\/p>","protected":false},"excerpt":{"rendered":"<p>Plotis (cm): 193<br \/>\n\u016agis (cm): 86<br \/>\nGylis (cm): 39,5<\/p>","protected":false},"featured_media":161316,"comment_status":"open","ping_status":"open","template":"","meta":[],"product_brand":[],"product_cat":[9453,1173,4106],"product_tag":[],"class_list":{"0":"post-161315","1":"product","2":"type-product","3":"status-publish","4":"has-post-thumbnail","6":"product_cat-furniture-system-lucca-gala-meble","7":"product_cat-chests-of-drawers","8":"product_cat-gala-meble","10":"first","11":"instock","12":"purchasable","13":"product-type-simple"},"_links":{"self":[{"href":"https:\/\/baldumarket.lt\/lt\/wp-json\/wp\/v2\/product\/161315","targetHints":{"allow":["GET"]}}],"collection":[{"href":"https:\/\/baldumarket.lt\/lt\/wp-json\/wp\/v2\/product"}],"about":[{"href":"https:\/\/baldumarket.lt\/lt\/wp-json\/wp\/v2\/types\/product"}],"replies":[{"embeddable":true,"href":"https:\/\/baldumarket.lt\/lt\/wp-json\/wp\/v2\/comments?post=161315"}],"wp:featuredmedia":[{"embeddable":true,"href":"https:\/\/baldumarket.lt\/lt\/wp-json\/wp\/v2\/media\/161316"}],"wp:attachment":[{"href":"https:\/\/baldumarket.lt\/lt\/wp-json\/wp\/v2\/media?parent=161315"}],"wp:term":[{"taxonomy":"product_brand","embeddable":true,"href":"https:\/\/baldumarket.lt\/lt\/wp-json\/wp\/v2\/product_brand?post=161315"},{"taxonomy":"product_cat","embeddable":true,"href":"https:\/\/baldumarket.lt\/lt\/wp-json\/wp\/v2\/product_cat?post=161315"},{"taxonomy":"product_tag","embeddable":true,"href":"https:\/\/baldumarket.lt\/lt\/wp-json\/wp\/v2\/product_tag?post=161315"}],"curies":[{"name":"wp","href":"https:\/\/api.w.org\/{rel}","templated":true}]}}