{"id":161311,"date":"2025-12-19T01:39:14","date_gmt":"2025-12-18T22:39:14","guid":{"rendered":"https:\/\/baldumarket.lt\/product\/lucca-k4s-komoda-4-szuflady-bialy-opal-dab-craft\/"},"modified":"2026-02-08T11:39:19","modified_gmt":"2026-02-08T08:39:19","slug":"lucca-k4s-komoda-4-szuflady-bialy-opal-dab-craft","status":"publish","type":"product","link":"https:\/\/baldumarket.lt\/lt\/produktas\/lucca-k4s-komoda-4-szuflady-bialy-opal-dab-craft\/","title":{"rendered":"Lucca K4S \u2013 komoda su 4 stal\u010diais, opalo balta \/ dirbtinio \u0105\u017euolo spalvos"},"content":{"rendered":"<p>Eleganti\u0161kas opalo baltumo ir \u0105\u017euolo spalv\u0173 derinys \u2013 \u201eLucca K4S\u201c indauja \u2013 puikus sprendimas tiems, kurie vertina stili\u0173 ir funkcionalum\u0105. Modernus dizainas puikiai dera prie bet kokio interjero, suteikdamas jam gaivumo ir erdvumo poj\u016bt\u012f. Subtilus baltas atspalvis kartu su nat\u016braliu \u0105\u017euolo atspalviu sukuria harmoning\u0105 visum\u0105, kuri traukia ak\u012f ir suteikia elegancijos.<\/p>\n<p>Neabejotinas \u201eLucca K4S\u201c indauja yra prakti\u0161ka. Keturi erdv\u016bs stal\u010diai leid\u017eia susid\u0117ti visus b\u016btiniausius daiktus \u2013 nuo drabu\u017ei\u0173 iki dokument\u0173 \u2013 ir u\u017etikrina tvark\u0105 namuose. Juodos metalin\u0117s rankenos ne tik suteikia elegancijos, bet ir u\u017etikrina lengv\u0105 stal\u010di\u0173 atidarym\u0105, o tai labai svarbu kasdieniam naudojimui.<\/p>\n<p>Tvirta komodos konstrukcija, pagaminta i\u0161 MDF ir laminuotos plok\u0161t\u0117s, u\u017etikrina patvarum\u0105 ir atsparum\u0105 pa\u017eeidimams. Stabilus cokolis ir dekoratyvin\u0117s MDF juostel\u0117s pabr\u0117\u017eia baldo tvirtum\u0105 ir suteikia lengvumo bei \u017eavesio. \u201eLucca K4S\u201c komoda \u2013 tai baldas, kuris tarnaus daugel\u012f met\u0173, i\u0161laikydamas unikali\u0105 i\u0161vaizd\u0105.<\/p>\n<p>D\u0117l kompakti\u0161k\u0173 matmen\u0173 \u0161i komoda puikiai tiks net ir ma\u017eesn\u0117se erdv\u0117se. Funkcionalumas kartu su esteti\u0161ku dizainu daro j\u0105 idealiu pasirinkimu miegamajam, svetainei ar prie\u0161kambariui. Be to, savaiminio surinkimo funkcija supaprastina transportavim\u0105 ir leid\u017eia greitai bei lengvai pastatyti j\u0105 namuose.<\/p>\n<p>Rinkit\u0117s unikal\u0173 stili\u0173 ir funkcionalum\u0105 su \u201eLucca K4S\u201c komoda, kuri puikiai papildys j\u016bs\u0173 interjer\u0105, suteikdama modernumo ir elegancijos. \u0160is baldas buvo sukurtas atsi\u017evelgiant \u012f auk\u0161\u010diausi\u0105 kokyb\u0119 ir pasitenkinim\u0105 vartotojams, kurie vertina tiek i\u0161vaizd\u0105, tiek prakti\u0161kum\u0105.<\/p>","protected":false},"excerpt":{"rendered":"<p>Plotis (cm): 75,5<br \/>\n\u016agis (cm): 110<br \/>\nGylis (cm): 39,5<\/p>","protected":false},"featured_media":161312,"comment_status":"open","ping_status":"open","template":"","meta":[],"product_brand":[],"product_cat":[9453,1173,4106],"product_tag":[],"class_list":{"0":"post-161311","1":"product","2":"type-product","3":"status-publish","4":"has-post-thumbnail","6":"product_cat-furniture-system-lucca-gala-meble","7":"product_cat-chests-of-drawers","8":"product_cat-gala-meble","10":"first","11":"instock","12":"purchasable","13":"product-type-simple"},"_links":{"self":[{"href":"https:\/\/baldumarket.lt\/lt\/wp-json\/wp\/v2\/product\/161311","targetHints":{"allow":["GET"]}}],"collection":[{"href":"https:\/\/baldumarket.lt\/lt\/wp-json\/wp\/v2\/product"}],"about":[{"href":"https:\/\/baldumarket.lt\/lt\/wp-json\/wp\/v2\/types\/product"}],"replies":[{"embeddable":true,"href":"https:\/\/baldumarket.lt\/lt\/wp-json\/wp\/v2\/comments?post=161311"}],"wp:featuredmedia":[{"embeddable":true,"href":"https:\/\/baldumarket.lt\/lt\/wp-json\/wp\/v2\/media\/161312"}],"wp:attachment":[{"href":"https:\/\/baldumarket.lt\/lt\/wp-json\/wp\/v2\/media?parent=161311"}],"wp:term":[{"taxonomy":"product_brand","embeddable":true,"href":"https:\/\/baldumarket.lt\/lt\/wp-json\/wp\/v2\/product_brand?post=161311"},{"taxonomy":"product_cat","embeddable":true,"href":"https:\/\/baldumarket.lt\/lt\/wp-json\/wp\/v2\/product_cat?post=161311"},{"taxonomy":"product_tag","embeddable":true,"href":"https:\/\/baldumarket.lt\/lt\/wp-json\/wp\/v2\/product_tag?post=161311"}],"curies":[{"name":"wp","href":"https:\/\/api.w.org\/{rel}","templated":true}]}}