{"id":161307,"date":"2025-12-19T01:39:06","date_gmt":"2025-12-18T22:39:06","guid":{"rendered":"https:\/\/baldumarket.lt\/product\/lucca-k4s-komoda-4-szuflady-czarny-grafit-dab-craft\/"},"modified":"2026-02-08T11:39:19","modified_gmt":"2026-02-08T08:39:19","slug":"lucca-k4s-komoda-4-szuflady-czarny-grafit-dab-craft","status":"publish","type":"product","link":"https:\/\/baldumarket.lt\/lt\/produktas\/lucca-k4s-komoda-4-szuflady-czarny-grafit-dab-craft\/","title":{"rendered":"Lucca K4S \u2013 Komoda su 4 stal\u010diais, juodo grafito \/ \u0105\u017euolo spalvos"},"content":{"rendered":"<p>Su grafito juodumo ir \u0105\u017euolo spalvos komoda \u201eLucca K4S\u201c suteikite savo interjerui elegancijos ir modernumo. \u0160i stilinga komoda \u2013 tai tobulas funkcionalumo ir rafinuotos estetikos derinys, tikrai patrauksiantis tiek \u0161eimos nari\u0173, tiek sve\u010di\u0173 ak\u012f. D\u0117l kompakti\u0161k\u0173 matmen\u0173 ji lengvai telpa \u012fvairiose erdv\u0117se \u2013 svetain\u0117je, miegamajame ar darbo kambaryje.<\/p>\n<p>\u201eLucca K4S\u201c komoda \u017eavi ne tik savo i\u0161vaizda, bet ir prakti\u0161ku keturi\u0173 erdvi\u0173 stal\u010di\u0173 i\u0161d\u0117stymu. \u0160i\u0173 stal\u010di\u0173 d\u0117ka kiekvienas daiktas turi savo viet\u0105, o j\u016bs\u0173 interjeras visada bus tvarkingas. Eleganti\u0161kos auksin\u0117s ranken\u0117l\u0117s suteikia jai unikalumo ir palengvina kasdien\u012f naudojim\u0105.<\/p>\n<p>Unikalus spalv\u0173 derinys \u2013 grafito juoda ir dirbtinio \u0105\u017euolo \u2013 daro \u201eLucca K4S\u201c komod\u0105 puikiai tinkan\u010di\u0105 tiek klasikiniam, tiek moderniam interjerui. Pagaminta i\u0161 patvari\u0173 med\u017eiag\u0173, toki\u0173 kaip MDF ir laminuota plok\u0161t\u0117, ji garantuoja ilgaam\u017ei\u0161kum\u0105 ir atsparum\u0105 pa\u017eeidimams. Auk\u0161tos kokyb\u0117s apdaila u\u017etikrina, kad komoda tarnaus daugel\u012f met\u0173, i\u0161laikydama unikali\u0105 i\u0161vaizd\u0105.<\/p>\n<p>\u201eLucca K4S\u201c komoda taip pat yra idealus sprendimas tiems, kurie vertina komfort\u0105 ir patogum\u0105. D\u0117l paprasto surinkimo, kur\u012f galite atlikti patys, galite greitai ir lengvai pastatyti j\u0105 pasirinktoje vietoje. \u0160is baldas neabejotinai taps neatsiejama j\u016bs\u0173 interjero dalimi, suteikdamas unikalaus stiliaus ir elegancijos.<\/p>","protected":false},"excerpt":{"rendered":"<p>Plotis (cm): 75,5<br \/>\n\u016agis (cm): 110<br \/>\nGylis (cm): 39,5<\/p>","protected":false},"featured_media":161308,"comment_status":"open","ping_status":"open","template":"","meta":[],"product_brand":[],"product_cat":[9453,1173,4106],"product_tag":[],"class_list":{"0":"post-161307","1":"product","2":"type-product","3":"status-publish","4":"has-post-thumbnail","6":"product_cat-furniture-system-lucca-gala-meble","7":"product_cat-chests-of-drawers","8":"product_cat-gala-meble","10":"first","11":"instock","12":"purchasable","13":"product-type-simple"},"_links":{"self":[{"href":"https:\/\/baldumarket.lt\/lt\/wp-json\/wp\/v2\/product\/161307","targetHints":{"allow":["GET"]}}],"collection":[{"href":"https:\/\/baldumarket.lt\/lt\/wp-json\/wp\/v2\/product"}],"about":[{"href":"https:\/\/baldumarket.lt\/lt\/wp-json\/wp\/v2\/types\/product"}],"replies":[{"embeddable":true,"href":"https:\/\/baldumarket.lt\/lt\/wp-json\/wp\/v2\/comments?post=161307"}],"wp:featuredmedia":[{"embeddable":true,"href":"https:\/\/baldumarket.lt\/lt\/wp-json\/wp\/v2\/media\/161308"}],"wp:attachment":[{"href":"https:\/\/baldumarket.lt\/lt\/wp-json\/wp\/v2\/media?parent=161307"}],"wp:term":[{"taxonomy":"product_brand","embeddable":true,"href":"https:\/\/baldumarket.lt\/lt\/wp-json\/wp\/v2\/product_brand?post=161307"},{"taxonomy":"product_cat","embeddable":true,"href":"https:\/\/baldumarket.lt\/lt\/wp-json\/wp\/v2\/product_cat?post=161307"},{"taxonomy":"product_tag","embeddable":true,"href":"https:\/\/baldumarket.lt\/lt\/wp-json\/wp\/v2\/product_tag?post=161307"}],"curies":[{"name":"wp","href":"https:\/\/api.w.org\/{rel}","templated":true}]}}