{"id":161303,"date":"2025-12-19T01:38:58","date_gmt":"2025-12-18T22:38:58","guid":{"rendered":"https:\/\/baldumarket.lt\/product\/lucca-k6s-komoda-6-szuflad-bialy-opal-dab-craft\/"},"modified":"2026-02-08T11:39:19","modified_gmt":"2026-02-08T08:39:19","slug":"lucca-k6s-komoda-6-szuflad-bialy-opal-dab-craft","status":"publish","type":"product","link":"https:\/\/baldumarket.lt\/lt\/produktas\/lucca-k6s-komoda-6-szuflad-bialy-opal-dab-craft\/","title":{"rendered":"Lucca K6S \u2013 komoda su 6 stal\u010diais, opalin\u0117 balta\/dirbtinio \u0105\u017euolo spalvos"},"content":{"rendered":"<p>\u201eLucca K6S\u201c indauja derina modern\u0173 elegancij\u0105 su i\u0161skirtiniu funkcionalumu, sustiprindama j\u016bs\u0173 interjero patrauklum\u0105. Balto opalo ir \u0105\u017euolo spalv\u0173 gama sukuria harmoning\u0105 kompozicij\u0105, kuri puikiai dera su \u012fvairiais dekoravimo stiliais \u2013 nuo minimalistinio iki skandinavi\u0161ko. Juodos metalin\u0117s ranken\u0117l\u0117s pary\u0161kina rafinuot\u0105 dizain\u0105, suteikdamos subtil\u0173, ta\u010diau rafinuot\u0105 akcent\u0105.<\/p>\n<p>Jei vertinate funkcionalum\u0105, \u0161e\u0161i erdv\u016bs \u201eLucca K6S\u201c indauja tikrai jus prad\u017eiugins. Puikiai tinkanti tiek dokumentams, tiek drabu\u017eiams laikyti, indauja pad\u0117s palaikyti tvark\u0105 namuose. D\u0117l apa\u010dioje montuojam\u0173 stal\u010di\u0173 b\u0117geli\u0173 kiekvienas stal\u010dius atsidaro skland\u017eiai ir tyliai, o tvirta konstrukcija garantuoja ilgalaik\u012f naudojim\u0105.<\/p>\n<p>Komoda pagaminta i\u0161 patvarios laminuotos plok\u0161t\u0117s ir MDF, tod\u0117l yra atspari pa\u017eeidimams ir lengvai valoma. Tvirtas cokolis suteikia stabilumo ir tvirtumo, o dekoratyviniai MDF lipdiniai \u2013 elegancijos ir rafinuotumo. D\u0117l harmoningo med\u017eiag\u0173 ir spalv\u0173 derinio \u0161i komoda tiks tiek miegamajame, tiek svetain\u0117je, sukurdama jauki\u0105 atmosfer\u0105.<\/p>\n<p>Jums nereikia b\u016bti ekspertu, kad gal\u0117tum\u0117te pilnai m\u0117gautis savo nauju baldu. \u201eLucca K6S\u201c komoda pateikiama su savaranki\u0161ko surinkimo instrukcijomis, tod\u0117l surinkimo procesas yra paprastas ir malonus. Investuokite \u012f stili\u0173 ir funkcionalum\u0105 pasirinkdami \u201eLucca K6S\u201c komod\u0105 ir m\u0117gaukit\u0117s tvarkingu ir stilingai dekoruotu interjeru kiekvien\u0105 dien\u0105.<\/p>","protected":false},"excerpt":{"rendered":"<p>Plotis (cm): 146<br \/>\n\u016agis (cm): 86<br \/>\nGylis (cm): 39,5<\/p>","protected":false},"featured_media":161304,"comment_status":"open","ping_status":"open","template":"","meta":[],"product_brand":[],"product_cat":[9453,1173,4106],"product_tag":[],"class_list":{"0":"post-161303","1":"product","2":"type-product","3":"status-publish","4":"has-post-thumbnail","6":"product_cat-furniture-system-lucca-gala-meble","7":"product_cat-chests-of-drawers","8":"product_cat-gala-meble","10":"first","11":"instock","12":"purchasable","13":"product-type-simple"},"_links":{"self":[{"href":"https:\/\/baldumarket.lt\/lt\/wp-json\/wp\/v2\/product\/161303","targetHints":{"allow":["GET"]}}],"collection":[{"href":"https:\/\/baldumarket.lt\/lt\/wp-json\/wp\/v2\/product"}],"about":[{"href":"https:\/\/baldumarket.lt\/lt\/wp-json\/wp\/v2\/types\/product"}],"replies":[{"embeddable":true,"href":"https:\/\/baldumarket.lt\/lt\/wp-json\/wp\/v2\/comments?post=161303"}],"wp:featuredmedia":[{"embeddable":true,"href":"https:\/\/baldumarket.lt\/lt\/wp-json\/wp\/v2\/media\/161304"}],"wp:attachment":[{"href":"https:\/\/baldumarket.lt\/lt\/wp-json\/wp\/v2\/media?parent=161303"}],"wp:term":[{"taxonomy":"product_brand","embeddable":true,"href":"https:\/\/baldumarket.lt\/lt\/wp-json\/wp\/v2\/product_brand?post=161303"},{"taxonomy":"product_cat","embeddable":true,"href":"https:\/\/baldumarket.lt\/lt\/wp-json\/wp\/v2\/product_cat?post=161303"},{"taxonomy":"product_tag","embeddable":true,"href":"https:\/\/baldumarket.lt\/lt\/wp-json\/wp\/v2\/product_tag?post=161303"}],"curies":[{"name":"wp","href":"https:\/\/api.w.org\/{rel}","templated":true}]}}