{"id":161299,"date":"2025-12-19T01:38:50","date_gmt":"2025-12-18T22:38:50","guid":{"rendered":"https:\/\/baldumarket.lt\/product\/lucca-k6s-komoda-6-szuflad-czarny-grafit-dab-craft\/"},"modified":"2026-02-08T11:39:19","modified_gmt":"2026-02-08T08:39:19","slug":"lucca-k6s-komoda-6-szuflad-czarny-grafit-dab-craft","status":"publish","type":"product","link":"https:\/\/baldumarket.lt\/lt\/produktas\/lucca-k6s-komoda-6-szuflad-czarny-grafit-dab-craft\/","title":{"rendered":"Lucca K6S \u2013 komoda su 6 stal\u010diais, juodo grafito \/ \u0105\u017euolo spalvos"},"content":{"rendered":"<p>Atraskite tobul\u0105 elegancijos ir funkcionalumo harmonij\u0105 su \u201eLucca L160\u201c lova juodo grafito ir dirbtinio \u0105\u017euolo spalvos. \u0160i unikali \u201eGa\u0142a Meble\u201c lova traukia d\u0117mes\u012f savo moderniu dizainu ir kruop\u0161\u010diu meistri\u0161kumu. Ji puikiai papildys bet kur\u012f miegam\u0105j\u012f, suteikdama jam unikal\u0173 charakter\u012f ir klas\u0119. Pabr\u0117\u017ekite savo erdv\u0117s subtilum\u0105 ir rafinuotum\u0105 su \u0161iuo nuostabiu baldu.<\/p>\n<p>Lova \u201eLucca L160\u201c sukurta tiems, kurie vertina ir estetik\u0105, ir komfort\u0105. Stilingas juodas grafitas kartu su meistri\u0161kais \u0105\u017euolo akcentais sukuria harmoning\u0105 visum\u0105, kuri tikrai patiks modernaus interjero m\u0117g\u0117jams. Sm\u0117lio spalvos aksominis galv\u016bgalis ne tik suteikia lovai elegancijos, bet ir suteikia patogi\u0105 atram\u0105, puikiai tinkan\u010di\u0105 vakariniam skaitymui ar m\u0117gstam\u0173 serial\u0173 \u017ei\u016br\u0117jimui.<\/p>\n<p>\u201eLucca L160\u201c lovos funkcionalumas padarys j\u016bs\u0173 kasdien\u012f poils\u012f dar patogesn\u012f. Pridedamas tvirtas r\u0117mas suteikia tinkam\u0105 atram\u0105 \u010diu\u017einiui, prisid\u0117damas prie sveiko ir ramaus miego. Patvari laminuota plok\u0161t\u0117 ir MDF u\u017etikrina ilgaam\u017ei\u0161kum\u0105, tod\u0117l gal\u0117site m\u0117gautis jos patikimumu ilgus metus.<\/p>\n<p>Lovos surinkimas namuose yra paprastas ir intuityvus, tod\u0117l j\u0105 galima greitai ir lengvai surinkti. Nesvarbu, ar \u012frengin\u0117jate nauj\u0105 miegam\u0105j\u012f, ar norite atnaujinti esam\u0105, \u201eLucca L160\u201c lova yra puikus pasirinkimas. Ji sukurs tobul\u0105 pagrind\u0105 j\u016bs\u0173 miegamajam, derindama stiling\u0105 dizain\u0105 su prakti\u0161komis savyb\u0117mis.<\/p>","protected":false},"excerpt":{"rendered":"<p>Plotis (cm): 146<br \/>\n\u016agis (cm): 86<br \/>\nGylis (cm): 39,5<\/p>","protected":false},"featured_media":161300,"comment_status":"open","ping_status":"open","template":"","meta":[],"product_brand":[],"product_cat":[9453,1173,4106],"product_tag":[],"class_list":{"0":"post-161299","1":"product","2":"type-product","3":"status-publish","4":"has-post-thumbnail","6":"product_cat-furniture-system-lucca-gala-meble","7":"product_cat-chests-of-drawers","8":"product_cat-gala-meble","10":"first","11":"instock","12":"purchasable","13":"product-type-simple"},"_links":{"self":[{"href":"https:\/\/baldumarket.lt\/lt\/wp-json\/wp\/v2\/product\/161299","targetHints":{"allow":["GET"]}}],"collection":[{"href":"https:\/\/baldumarket.lt\/lt\/wp-json\/wp\/v2\/product"}],"about":[{"href":"https:\/\/baldumarket.lt\/lt\/wp-json\/wp\/v2\/types\/product"}],"replies":[{"embeddable":true,"href":"https:\/\/baldumarket.lt\/lt\/wp-json\/wp\/v2\/comments?post=161299"}],"wp:featuredmedia":[{"embeddable":true,"href":"https:\/\/baldumarket.lt\/lt\/wp-json\/wp\/v2\/media\/161300"}],"wp:attachment":[{"href":"https:\/\/baldumarket.lt\/lt\/wp-json\/wp\/v2\/media?parent=161299"}],"wp:term":[{"taxonomy":"product_brand","embeddable":true,"href":"https:\/\/baldumarket.lt\/lt\/wp-json\/wp\/v2\/product_brand?post=161299"},{"taxonomy":"product_cat","embeddable":true,"href":"https:\/\/baldumarket.lt\/lt\/wp-json\/wp\/v2\/product_cat?post=161299"},{"taxonomy":"product_tag","embeddable":true,"href":"https:\/\/baldumarket.lt\/lt\/wp-json\/wp\/v2\/product_tag?post=161299"}],"curies":[{"name":"wp","href":"https:\/\/api.w.org\/{rel}","templated":true}]}}