{"id":161296,"date":"2025-12-19T01:38:45","date_gmt":"2025-12-18T22:38:45","guid":{"rendered":"https:\/\/baldumarket.lt\/product\/lucca-l160-lozko-ze-stelazem-160x200-cm-bialy-opal-dab-craft\/"},"modified":"2026-02-08T11:39:28","modified_gmt":"2026-02-08T08:39:28","slug":"lucca-l160-lozko-ze-stelazem-160x200-cm-bialy-opal-dab-craft","status":"publish","type":"product","link":"https:\/\/baldumarket.lt\/lt\/produktas\/lucca-l160-lozko-ze-stelazem-160x200-cm-bialy-opal-dab-craft\/","title":{"rendered":"Lucca L160 \u2013 Lova su r\u0117mu, 160\u00d7200 cm, balta, opalo spalvos\/dirbtinio \u0105\u017euolo spalvos"},"content":{"rendered":"<p>\u201eLucca L160\u201c lova \u2013 tai modernaus dizaino ir funkcionalumo \u012fsik\u016bnijimas, neabejotinai suteiksiantis \u017eavesio bet kuriam miegamajam. Eleganti\u0161kos opalo baltos spalvos su \u0105\u017euolo detal\u0117mis tai i\u0161ties ak\u012f traukiantis baldas. Lovos r\u0117mas ir priekin\u0117 dalis pagaminti i\u0161 laminuotos ir MDF plok\u0161t\u0117s, u\u017etikrinan\u010dios patvarum\u0105 ir atsparum\u0105 pa\u017eeidimams. Sm\u0117lio spalvos, apmu\u0161tas mink\u0161to aksomo galv\u016bgalis suteikia komforto ir jaukumo.<\/p>\n<p>Pasirink\u0119 \u201eLucca L160\u201c lov\u0105, investicija \u012f patog\u0173 mieg\u0105 ir eleganti\u0161k\u0105 interjero dizain\u0105. D\u0117l estetinio patrauklumo ir tvirtos konstrukcijos ji idealiai tinka tiek moderniam, tiek klasikiniam interjerui. \u0160is baldas harmoningai der\u0117s prie \u012fvairi\u0173 stili\u0173 \u2013 nuo minimalistini\u0173 iki puo\u0161nesni\u0173 miegam\u0173j\u0173.<\/p>\n<p>Didel\u0117, 160 \u00d7 200 cm miegamoji erdv\u0117 u\u017etikrina komfort\u0105 ir erdv\u0119 tiek vienam \u017emogui, tiek poroms. Pridedamas stabilus r\u0117mas su faneros spyruoklin\u0117mis grotel\u0117mis suteikia tinkam\u0105 atram\u0105 \u010diu\u017einiui, tod\u0117l miegas yra patogesnis ir tarnauja ilgiau.<\/p>\n<p>Neutralios sm\u0117lio spalvos galv\u016bgalis, aptrauktas aksomu, suteikia elegancijos ir \u0161velnumo, kuris dera prie \u012fvairi\u0173 patalyn\u0117s tekst\u016br\u0173 ir spalv\u0173. Baltas opalas ant lovos r\u0117mo ir priekio suteikia erdvei lengvumo ir gaivos poj\u016bt\u012f, kartu pabr\u0117\u017edamas modern\u0173 bald\u0173 charakter\u012f.<\/p>\n<p>Lova \u201eLucca L160\u201c, pristatoma surenkama savaranki\u0161kai, yra greitai ir intuityviai surenkama. Tai puikus pasirinkimas visiems, kurie vertina auk\u0161tos kokyb\u0117s meistri\u0161kum\u0105, estetik\u0105 ir funkcionalum\u0105. Su ja j\u016bs\u0173 miegamasis \u012fgaus nauj\u0105 gyvyb\u0119!<\/p>","protected":false},"excerpt":{"rendered":"<p>Plotis (cm): 210,5<br \/>\n\u016agis (cm): 87<br \/>\nGylis (cm): 169<\/p>","protected":false},"featured_media":161297,"comment_status":"open","ping_status":"open","template":"","meta":[],"product_brand":[],"product_cat":[9453,505,1971,4106],"product_tag":[],"class_list":{"0":"post-161296","1":"product","2":"type-product","3":"status-publish","4":"has-post-thumbnail","6":"product_cat-furniture-system-lucca-gala-meble","7":"product_cat-bedroom-beds","8":"product_cat-beds-160x200","9":"product_cat-gala-meble","11":"first","12":"instock","13":"purchasable","14":"product-type-simple"},"_links":{"self":[{"href":"https:\/\/baldumarket.lt\/lt\/wp-json\/wp\/v2\/product\/161296","targetHints":{"allow":["GET"]}}],"collection":[{"href":"https:\/\/baldumarket.lt\/lt\/wp-json\/wp\/v2\/product"}],"about":[{"href":"https:\/\/baldumarket.lt\/lt\/wp-json\/wp\/v2\/types\/product"}],"replies":[{"embeddable":true,"href":"https:\/\/baldumarket.lt\/lt\/wp-json\/wp\/v2\/comments?post=161296"}],"wp:featuredmedia":[{"embeddable":true,"href":"https:\/\/baldumarket.lt\/lt\/wp-json\/wp\/v2\/media\/161297"}],"wp:attachment":[{"href":"https:\/\/baldumarket.lt\/lt\/wp-json\/wp\/v2\/media?parent=161296"}],"wp:term":[{"taxonomy":"product_brand","embeddable":true,"href":"https:\/\/baldumarket.lt\/lt\/wp-json\/wp\/v2\/product_brand?post=161296"},{"taxonomy":"product_cat","embeddable":true,"href":"https:\/\/baldumarket.lt\/lt\/wp-json\/wp\/v2\/product_cat?post=161296"},{"taxonomy":"product_tag","embeddable":true,"href":"https:\/\/baldumarket.lt\/lt\/wp-json\/wp\/v2\/product_tag?post=161296"}],"curies":[{"name":"wp","href":"https:\/\/api.w.org\/{rel}","templated":true}]}}