{"id":161290,"date":"2025-12-19T01:38:34","date_gmt":"2025-12-18T22:38:34","guid":{"rendered":"https:\/\/baldumarket.lt\/product\/lucca-l160s-lozko-ze-stelazem-podnoszonym-160x200-cm-bialy-opal-dab-craft\/"},"modified":"2026-02-08T11:39:28","modified_gmt":"2026-02-08T08:39:28","slug":"lucca-l160s-lozko-ze-stelazem-podnoszonym-160x200-cm-bialy-opal-dab-craft","status":"publish","type":"product","link":"https:\/\/baldumarket.lt\/lt\/produktas\/lucca-l160s-lozko-ze-stelazem-podnoszonym-160x200-cm-bialy-opal-dab-craft\/","title":{"rendered":"Lucca L160S \u2013 Lova su pakeliamu r\u0117mu 160\u00d7200 cm, opalo balta\/dirbtinio \u0105\u017euolo spalvos"},"content":{"rendered":"<p>\u201eGa\u0142a Meble\u201c \u201eLucca L160S\u201c lova \u2013 puikus pasirinkimas tiems, kurie ie\u0161ko eleganti\u0161ko dizaino ir funkcionalumo derinio. Baltos opalo ir \u0105\u017euolo spalvos apdaila suteikia miegamajam unikali\u0105 ir moderni\u0105 atmosfer\u0105. Baltas r\u0117mas ir subtilios sm\u0117lio spalvos galv\u016bgalis suteikia lengvumo ir elegancijos, pabr\u0117\u017eiant d\u0117mes\u012f detal\u0117ms.<\/p>\n<p>Esteti\u0161kas aksominis galv\u016bgalis neutralaus sm\u0117lio atspalvio ne tik atrodo prabangiai, bet ir suteikia auk\u0161t\u0105 komforto lyg\u012f vakare, kur\u012f galima atsipalaiduoti su knyga, ar rytiniuose pusry\u010diuose lovoje. Aksomin\u0117s ir laminuotos MDF plok\u0161t\u0117s derinys sukuria unikali\u0105, harmoning\u0105 visum\u0105, kuri prad\u017eiugins net ir i\u0161rankiausius interjero dizaino \u017einovus.<\/p>\n<p>\u201eLucca L160S\u201c lovoje yra prakti\u0161kas patalyn\u0117s laikymo skyrius, kuris i\u0161sprend\u017eia laikymo problemas ir leid\u017eia maksimaliai i\u0161naudoti erdv\u0119. Juodai milteliniu b\u016bdu da\u017eytas metalinis r\u0117mas yra ne tik patvarus, bet ir apr\u016bpintas dujiniais keltuvais, tod\u0117l laikymo skyriaus atidarymas ir u\u017edarymas yra itin paprastas ir patogus.<\/p>\n<p>D\u0117l savaranki\u0161ko surinkimo \u201eLucca L160S\u201c lova suteikia puiki\u0105 galimyb\u0119 skirti laiko k\u016brybi\u0161kam ir naudingam bald\u0173 surinkimo procesui, tuo pa\u010diu u\u017etikrinant pasitenkinim\u0105 galutiniu rezultatu. Jos matmenys \u2013 210,5 cm plo\u010dio, 87 cm auk\u0161\u010dio ir 169 cm gylio \u2013 puikiai tinka vidutinio ir didelio dyd\u017eio miegamiesiems.<\/p>\n<p>Trumpai tariant, \u201eLucca L160S\u201c lova sujungia auk\u0161t\u0105 meistri\u0161kumo kokyb\u0119 ir i\u0161skirtin\u012f funkcionalum\u0105. Eleganti\u0161ka i\u0161vaizda ir prakti\u0161kos savyb\u0117s paver\u010dia \u0161\u012f bald\u0105 kiekvieno, ie\u0161kan\u010dio stiliaus ir komforto, l\u016bkes\u010dius. Su \u0161ia unikalia lova paverskite savo miegam\u0105j\u012f ramyb\u0117s ir elegancijos oaze.<\/p>","protected":false},"excerpt":{"rendered":"<p>Plotis (cm): 210,5<br \/>\n\u016agis (cm): 87<br \/>\nGylis (cm): 169<\/p>","protected":false},"featured_media":161291,"comment_status":"open","ping_status":"open","template":"","meta":[],"product_brand":[],"product_cat":[9453,505,1971,4106],"product_tag":[],"class_list":{"0":"post-161290","1":"product","2":"type-product","3":"status-publish","4":"has-post-thumbnail","6":"product_cat-furniture-system-lucca-gala-meble","7":"product_cat-bedroom-beds","8":"product_cat-beds-160x200","9":"product_cat-gala-meble","11":"first","12":"instock","13":"purchasable","14":"product-type-simple"},"_links":{"self":[{"href":"https:\/\/baldumarket.lt\/lt\/wp-json\/wp\/v2\/product\/161290","targetHints":{"allow":["GET"]}}],"collection":[{"href":"https:\/\/baldumarket.lt\/lt\/wp-json\/wp\/v2\/product"}],"about":[{"href":"https:\/\/baldumarket.lt\/lt\/wp-json\/wp\/v2\/types\/product"}],"replies":[{"embeddable":true,"href":"https:\/\/baldumarket.lt\/lt\/wp-json\/wp\/v2\/comments?post=161290"}],"wp:featuredmedia":[{"embeddable":true,"href":"https:\/\/baldumarket.lt\/lt\/wp-json\/wp\/v2\/media\/161291"}],"wp:attachment":[{"href":"https:\/\/baldumarket.lt\/lt\/wp-json\/wp\/v2\/media?parent=161290"}],"wp:term":[{"taxonomy":"product_brand","embeddable":true,"href":"https:\/\/baldumarket.lt\/lt\/wp-json\/wp\/v2\/product_brand?post=161290"},{"taxonomy":"product_cat","embeddable":true,"href":"https:\/\/baldumarket.lt\/lt\/wp-json\/wp\/v2\/product_cat?post=161290"},{"taxonomy":"product_tag","embeddable":true,"href":"https:\/\/baldumarket.lt\/lt\/wp-json\/wp\/v2\/product_tag?post=161290"}],"curies":[{"name":"wp","href":"https:\/\/api.w.org\/{rel}","templated":true}]}}