{"id":161287,"date":"2025-12-19T01:38:28","date_gmt":"2025-12-18T22:38:28","guid":{"rendered":"https:\/\/baldumarket.lt\/product\/lucca-l160s-lozko-ze-stelazem-podnoszonym-160x200-cm-czarny-grafit-dab-craft\/"},"modified":"2026-02-08T11:39:28","modified_gmt":"2026-02-08T08:39:28","slug":"lucca-l160s-lozko-ze-stelazem-podnoszonym-160x200-cm-czarny-grafit-dab-craft","status":"publish","type":"product","link":"https:\/\/baldumarket.lt\/lt\/produktas\/lucca-l160s-lozko-ze-stelazem-podnoszonym-160x200-cm-czarny-grafit-dab-craft\/","title":{"rendered":"Lucca L160S \u2013 Lova su pakeliamu r\u0117mu, 160\u00d7200 cm, juodo grafito\/dirbtinio \u0105\u017euolo spalvos"},"content":{"rendered":"<p>\u201eLucca L160S\u201c lova \u2013 puikus pasirinkimas tiems, kurie vertina modern\u0173 dizain\u0105 ir funkcionalum\u0105. Eleganti\u0161ka i\u0161vaizda, kurioje derinami juodo grafito ir dirbtinio \u0105\u017euolo atspalviai, paver\u010dia j\u0105 bet kurio miegamojo pagrindiniu akcentu. Paprastas, ta\u010diau modernus stilius puikiai tinka tiek minimalistiniam, tiek tradici\u0161kesniam interjerui.<\/p>\n<p>Unikali\u0105 \u201eLucca\u201c lovos i\u0161vaizd\u0105 pary\u0161kina apmu\u0161tas subtilaus sm\u0117lio spalvos galv\u016bgalis, pasi\u016btas i\u0161 mink\u0161to aksomo, kuris suteikia elegancijos ir komforto. Tai puiki vieta atsilo\u0161ti skaitant ar \u017ei\u016brint televizori\u0173 vakare. Grafito juodumo r\u0117mo ir priekin\u0117s dalies apdaila suteikia visai lovai modern\u0173 charakter\u012f, o interjerui \u2013 rafinuotumo.<\/p>\n<p>\u201eLucca\u201c lova yra ne tik esteti\u0161kai patraukli, bet ir labai funkcionali. Pakeliamas r\u0117mas su juodais milteliniais da\u017eais da\u017eytu metaliniu r\u0117mu, apr\u016bpintas dujiniais keltuvais ir spyruoklin\u0117mis grotel\u0117mis, u\u017etikrina komfort\u0105 ir ilgaam\u017ei\u0161kum\u0105. Erdvus, prakti\u0161kas patalyn\u0117s skyrius suteikia papildomos vietos daiktams susid\u0117ti, kuri yra itin naudinga kasdieniam naudojimui.<\/p>\n<p>Tvirta laminuot\u0173 plok\u0161\u010di\u0173 ir MDF konstrukcija u\u017etikrina patvarum\u0105 ir atsparum\u0105 pa\u017eeidimams, tod\u0117l \u0161i lova tarnaus ilgus metus. Lengvas surinkimas leid\u017eia j\u0105 surinkti patiems be joki\u0173 dideli\u0173 r\u016bpes\u010di\u0173. \u201eLucca L160S\u201c lova yra stiliaus, patogumo ir funkcionalumo sinonimas, suteikianti j\u016bs\u0173 miegamajam prabangos.<\/p>\n<p>Investuodami \u012f \u201eLucca L160S\u201c lov\u0105, renkat\u0117s auk\u0161t\u0105 kokyb\u0119 ir modern\u0173 dizain\u0105. \u0160is baldas ne tik gerai atrodo, bet, svarbiausia, paver\u010dia j\u016bs\u0173 miegam\u0105j\u012f ramyb\u0117s ir komforto oaze. Palepinkite save prabangos prisilietimu su lova, kurioje dera stilius, patogumas ir prakti\u0161kumas.<\/p>","protected":false},"excerpt":{"rendered":"<p>Plotis (cm): 210,5<br \/>\n\u016agis (cm): 87<br \/>\nGylis (cm): 169<\/p>","protected":false},"featured_media":161288,"comment_status":"open","ping_status":"open","template":"","meta":[],"product_brand":[],"product_cat":[9453,505,1971,4106],"product_tag":[],"class_list":{"0":"post-161287","1":"product","2":"type-product","3":"status-publish","4":"has-post-thumbnail","6":"product_cat-furniture-system-lucca-gala-meble","7":"product_cat-bedroom-beds","8":"product_cat-beds-160x200","9":"product_cat-gala-meble","11":"first","12":"instock","13":"purchasable","14":"product-type-simple"},"_links":{"self":[{"href":"https:\/\/baldumarket.lt\/lt\/wp-json\/wp\/v2\/product\/161287","targetHints":{"allow":["GET"]}}],"collection":[{"href":"https:\/\/baldumarket.lt\/lt\/wp-json\/wp\/v2\/product"}],"about":[{"href":"https:\/\/baldumarket.lt\/lt\/wp-json\/wp\/v2\/types\/product"}],"replies":[{"embeddable":true,"href":"https:\/\/baldumarket.lt\/lt\/wp-json\/wp\/v2\/comments?post=161287"}],"wp:featuredmedia":[{"embeddable":true,"href":"https:\/\/baldumarket.lt\/lt\/wp-json\/wp\/v2\/media\/161288"}],"wp:attachment":[{"href":"https:\/\/baldumarket.lt\/lt\/wp-json\/wp\/v2\/media?parent=161287"}],"wp:term":[{"taxonomy":"product_brand","embeddable":true,"href":"https:\/\/baldumarket.lt\/lt\/wp-json\/wp\/v2\/product_brand?post=161287"},{"taxonomy":"product_cat","embeddable":true,"href":"https:\/\/baldumarket.lt\/lt\/wp-json\/wp\/v2\/product_cat?post=161287"},{"taxonomy":"product_tag","embeddable":true,"href":"https:\/\/baldumarket.lt\/lt\/wp-json\/wp\/v2\/product_tag?post=161287"}],"curies":[{"name":"wp","href":"https:\/\/api.w.org\/{rel}","templated":true}]}}