{"id":161283,"date":"2025-12-19T01:38:21","date_gmt":"2025-12-18T22:38:21","guid":{"rendered":"https:\/\/baldumarket.lt\/product\/lucca-rtv3d-komoda-rtv-3-drzwiowa-bialy-opal-dab-craft\/"},"modified":"2026-02-08T11:39:28","modified_gmt":"2026-02-08T08:39:28","slug":"lucca-rtv3d-komoda-rtv-3-drzwiowa-bialy-opal-dab-craft","status":"publish","type":"product","link":"https:\/\/baldumarket.lt\/lt\/produktas\/lucca-rtv3d-komoda-rtv-3-drzwiowa-bialy-opal-dab-craft\/","title":{"rendered":"Lucca RTV3D \u2013 3 dur\u0173 spintel\u0117 balto opalo \/ \u0105\u017euolo spalvos"},"content":{"rendered":"<p>\u201eLucca RTV3D\u201c \u2013 eleganti\u0161ka televizoriaus spintel\u0117, puikiai derinanti funkcionalum\u0105 ir modern\u0173 dizain\u0105. Harmoningas spalv\u0173 derinys \u2013 opalo balta ir \u0105\u017euolo \u2013 ne tik suteikia gaivumo bet kokiam interjerui, bet ir paver\u010dia spintel\u0119 bet kokio i\u0161d\u0117stymo traukos centru.<\/p>\n<p>\u201eLucca RTV3D\u201c televizoriaus spintel\u0117 \u2013 puikus sprendimas minimalistams, vertinantiems paprastas, bet eleganti\u0161kas formas. Juodos metalin\u0117s ranken\u0117l\u0117s pabr\u0117\u017eia modern\u0173 bald\u0173 stili\u0173, suteikdamos jiems unikalumo. Subtilios dekoratyvin\u0117s MDF juostel\u0117s ir tvirtas cokolis \u2013 ak\u012f traukian\u010dios detal\u0117s, pabr\u0117\u017eian\u010dios tvirt\u0105 meistri\u0161kum\u0105.<\/p>\n<p>D\u0117l 206 cm plo\u010dio spintel\u0117 si\u016blo daug vietos daiktams susid\u0117ti. Trys erdvios spintel\u0117s su lentynomis puikiai tinka televizijos \u012frangai, knygoms ir kitiems priedams susid\u0117ti. Televizoriaus lentyna buvo sukurta atsi\u017evelgiant \u012f kasdien\u012f naudojim\u0105, kad nereik\u0117t\u0173 vargti laikant ir tvarkant elektronik\u0105.<\/p>\n<p>\u0160ios spintel\u0117s auk\u0161tos kokyb\u0117s laminuota plok\u0161t\u0117 ir MDF med\u017eiaga u\u017etikrina ne tik estetin\u0119 i\u0161vaizd\u0105, bet ir patvarum\u0105 bei atsparum\u0105 pa\u017eeidimams. \u0160is baldas pagamintas tarnauti ilgus metus. J\u012f lengva surinkti, tod\u0117l galite greitai ir lengvai j\u012f pastatyti savo namuose.<\/p>\n<p>Pasirinkdami \u201eLucca RTV3D\u201c indauja, investuojate \u012f unikal\u0173 stili\u0173 ir komfort\u0105. Tai puikus baldas tiems, kurie nori savo interjere suderinti modernum\u0105 ir funkcionalum\u0105 su klasikine elegancija. Rinkit\u0117s \u201eGa\u0142a Meble\u201c kokyb\u0119 ir m\u0117gaukit\u0117s gro\u017eiu savo namuose.<\/p>","protected":false},"excerpt":{"rendered":"<p>Plotis (cm): 206<br \/>\n\u016agis (cm): 51<br \/>\nGylis (cm): 39,5<\/p>","protected":false},"featured_media":161284,"comment_status":"open","ping_status":"open","template":"","meta":[],"product_brand":[],"product_cat":[9453,4106,1175],"product_tag":[],"class_list":{"0":"post-161283","1":"product","2":"type-product","3":"status-publish","4":"has-post-thumbnail","6":"product_cat-furniture-system-lucca-gala-meble","7":"product_cat-gala-meble","8":"product_cat-tv-stands","10":"first","11":"instock","12":"purchasable","13":"product-type-simple"},"_links":{"self":[{"href":"https:\/\/baldumarket.lt\/lt\/wp-json\/wp\/v2\/product\/161283","targetHints":{"allow":["GET"]}}],"collection":[{"href":"https:\/\/baldumarket.lt\/lt\/wp-json\/wp\/v2\/product"}],"about":[{"href":"https:\/\/baldumarket.lt\/lt\/wp-json\/wp\/v2\/types\/product"}],"replies":[{"embeddable":true,"href":"https:\/\/baldumarket.lt\/lt\/wp-json\/wp\/v2\/comments?post=161283"}],"wp:featuredmedia":[{"embeddable":true,"href":"https:\/\/baldumarket.lt\/lt\/wp-json\/wp\/v2\/media\/161284"}],"wp:attachment":[{"href":"https:\/\/baldumarket.lt\/lt\/wp-json\/wp\/v2\/media?parent=161283"}],"wp:term":[{"taxonomy":"product_brand","embeddable":true,"href":"https:\/\/baldumarket.lt\/lt\/wp-json\/wp\/v2\/product_brand?post=161283"},{"taxonomy":"product_cat","embeddable":true,"href":"https:\/\/baldumarket.lt\/lt\/wp-json\/wp\/v2\/product_cat?post=161283"},{"taxonomy":"product_tag","embeddable":true,"href":"https:\/\/baldumarket.lt\/lt\/wp-json\/wp\/v2\/product_tag?post=161283"}],"curies":[{"name":"wp","href":"https:\/\/api.w.org\/{rel}","templated":true}]}}