{"id":161279,"date":"2025-12-19T01:38:13","date_gmt":"2025-12-18T22:38:13","guid":{"rendered":"https:\/\/baldumarket.lt\/product\/lucca-rtv3d-komoda-rtv-3-drzwiowa-czarny-grafit-dab-craft\/"},"modified":"2026-02-08T11:39:28","modified_gmt":"2026-02-08T08:39:28","slug":"lucca-rtv3d-komoda-rtv-3-drzwiowa-czarny-grafit-dab-craft","status":"publish","type":"product","link":"https:\/\/baldumarket.lt\/lt\/produktas\/lucca-rtv3d-komoda-rtv-3-drzwiowa-czarny-grafit-dab-craft\/","title":{"rendered":"Lucca RTV3D \u2013 3 dur\u0173 TV spintel\u0117, juodo grafito\/dirbtinio \u0105\u017euolo spalvos"},"content":{"rendered":"<p>\u201eLucca RTV3D\u201c \u2013 eleganti\u0161ka televizoriaus spintel\u0117, kuri puikiai tiks bet kurioje modernioje svetain\u0117je. Stilingas juodo grafito ir \u0161ilto dirbtinio \u0105\u017euolo atspalvio derinys sukuria harmoning\u0105 ir jauki\u0105 atmosfer\u0105, puikiai tinkan\u010di\u0105 \u0161iuolaikiniam interjerui. Auksiniai akcentai suteikia \u0161iam baldui subtilios elegancijos ir prabangos.<\/p>\n<p>\u201eLucca RTV3D\u201c estetika yra ne tik jos stipriosios pus\u0117s, bet ir harmoningas funkcionalumo bei gro\u017eio derinys. Trys durys suteikia daug vietos daiktams susid\u0117ti, leisdamos sutvarkyti svetain\u0119 ir pasl\u0117pti vis\u0105 elektronik\u0105, laidus ir priedus. Laminuotos priekin\u0117s dalys ir MDF plok\u0161t\u0117 u\u017etikrina, kad spintel\u0117 bus patvari ir atspari pa\u017eeidimams, o eleganti\u0161ka i\u0161vaizda i\u0161liks ilgus metus.<\/p>\n<p>\u0160ios spintel\u0117s funkcionalumas naudingas ir kasdieniam naudojimui. D\u0117l erdvios lentynos ir tvirto pagrindo, laikan\u010dio vis\u0105 konstrukcij\u0105, ji u\u017etikrina lengv\u0105 prieig\u0105 prie televizoriaus \u012frangos. 206 cm plotis idealiai tinka net ir didesn\u0117ms patalpoms, o eleganti\u0161kos proporcijos ir apgalvotos detal\u0117s u\u017etikrina, kad ji neu\u017egriozdins interjero.<\/p>\n<p>\u201eLucca RTV3D\u201c indauja taip pat puikiai dera su moderniu ir klasikiniu bald\u0173 dizainu. Dekoratyvin\u0117s 35 mm plo\u010dio MDF apdailos suteikia subtilumo ir charakterio, o auksin\u0117s metalin\u0117s rankenos \u2013 prabangos. Visas baldas lengvai surenkamas, tod\u0117l j\u012f galima greitai ir lengvai surinkti be speciali\u0173 paslaug\u0173.<\/p>\n<p>Pasirinkdami \u201eLucca RTV3D\u201c, investuojate \u012f bald\u0105, kuris ne tik atitiks j\u016bs\u0173 estetinius l\u016bkes\u010dius, bet ir bus funkcionalus. \u0160i unikali indauja taps j\u016bs\u0173 svetain\u0117s traukos centru, suteikdama jai modernumo ir u\u017etikrindama maksimal\u0173 komfort\u0105 kasdieniam naudojimui. Nedvejokite ir suteikite savo interjerui elegancijos bei prakti\u0161kumo su \u201eGa\u0142a Meble\u201c baldais.<\/p>","protected":false},"excerpt":{"rendered":"<p>Plotis (cm): 206<br \/>\n\u016agis (cm): 51<br \/>\nGylis (cm): 39,5<\/p>","protected":false},"featured_media":161280,"comment_status":"open","ping_status":"open","template":"","meta":[],"product_brand":[],"product_cat":[9453,4106,1175],"product_tag":[],"class_list":{"0":"post-161279","1":"product","2":"type-product","3":"status-publish","4":"has-post-thumbnail","6":"product_cat-furniture-system-lucca-gala-meble","7":"product_cat-gala-meble","8":"product_cat-tv-stands","10":"first","11":"instock","12":"purchasable","13":"product-type-simple"},"_links":{"self":[{"href":"https:\/\/baldumarket.lt\/lt\/wp-json\/wp\/v2\/product\/161279","targetHints":{"allow":["GET"]}}],"collection":[{"href":"https:\/\/baldumarket.lt\/lt\/wp-json\/wp\/v2\/product"}],"about":[{"href":"https:\/\/baldumarket.lt\/lt\/wp-json\/wp\/v2\/types\/product"}],"replies":[{"embeddable":true,"href":"https:\/\/baldumarket.lt\/lt\/wp-json\/wp\/v2\/comments?post=161279"}],"wp:featuredmedia":[{"embeddable":true,"href":"https:\/\/baldumarket.lt\/lt\/wp-json\/wp\/v2\/media\/161280"}],"wp:attachment":[{"href":"https:\/\/baldumarket.lt\/lt\/wp-json\/wp\/v2\/media?parent=161279"}],"wp:term":[{"taxonomy":"product_brand","embeddable":true,"href":"https:\/\/baldumarket.lt\/lt\/wp-json\/wp\/v2\/product_brand?post=161279"},{"taxonomy":"product_cat","embeddable":true,"href":"https:\/\/baldumarket.lt\/lt\/wp-json\/wp\/v2\/product_cat?post=161279"},{"taxonomy":"product_tag","embeddable":true,"href":"https:\/\/baldumarket.lt\/lt\/wp-json\/wp\/v2\/product_tag?post=161279"}],"curies":[{"name":"wp","href":"https:\/\/api.w.org\/{rel}","templated":true}]}}