{"id":161275,"date":"2025-12-19T01:38:05","date_gmt":"2025-12-18T22:38:05","guid":{"rendered":"https:\/\/baldumarket.lt\/product\/lucca-s2dl-szafa-2-drzwiowa-z-lustrem-bialy-opal-dab-craft\/"},"modified":"2026-02-08T11:39:28","modified_gmt":"2026-02-08T08:39:28","slug":"lucca-s2dl-szafa-2-drzwiowa-z-lustrem-bialy-opal-dab-craft","status":"publish","type":"product","link":"https:\/\/baldumarket.lt\/lt\/produktas\/lucca-s2dl-szafa-2-drzwiowa-z-lustrem-bialy-opal-dab-craft\/","title":{"rendered":"Lucca S2DL \u2013 Dviej\u0173 dur\u0173 spinta su veidrod\u017eiu, opalo balta\/dirbtinio \u0105\u017euolo spalvos"},"content":{"rendered":"<p>Kvie\u010diame atrasti unikali\u0105 \u201eLucca S2DL\u201c spint\u0105, kurioje puikiai dera elegancija ir funkcionalumas. \u0160i dviej\u0173 dur\u0173 veidrodin\u0117 spinta, kurios spalvos \u2013 baltas opalas ir \u0105\u017euolas, \u2013 puikus sprendimas tiems, kurie vertina modern\u0173 dizain\u0105 ir auk\u0161t\u0105 meistri\u0161kumo kokyb\u0119. Lenk\u0173 gamintojas \u201eGa\u0142a Meble\u201c kruop\u0161\u010diai suk\u016br\u0117 kiekvien\u0105 detal\u0119, kad patenkint\u0173 net i\u0161rankiausi\u0173 klient\u0173 l\u016bkes\u010dius.<\/p>\n<p>\u201eLucca S2DL\u201c spinta \u017eavi savo nesenstan\u010diu stiliumi ir \u0161iltais, nat\u016braliais atspalviais. Balto opalo ir dirbtinio \u0105\u017euolo derinys sukuria harmoning\u0105 visum\u0105, kuri gra\u017eiai dera prie bet kokio interjero. Priekyje esantis veidrodis ne tik suteikia funkcionalumo, bet ir vizualiai padidina erdv\u0119, \u012fleisdamas daugiau \u0161viesos.<\/p>\n<p>\u0160ios spintos funkcionalumas neatsiejamas nuo estetikos. Erdvus vidinis sluoksnis ir apgalvota organizacin\u0117 strukt\u016bra u\u017etikrina, kad j\u016bs\u0173 drabu\u017eiai visada tur\u0117s savo viet\u0105. Tvirtas cokolis ir dekoratyvin\u0117s MDF juostel\u0117s pabr\u0117\u017eia konstrukcijos tvirtum\u0105, o juodos metalin\u0117s rankenos suteikia jai modernumo. Surinkimas yra paprastas ir intuityvus d\u0117ka tiksliai pagamint\u0173 komponent\u0173 ir ai\u0161ki\u0173 instrukcij\u0173.<\/p>\n<p>\u201eLucca S2DL\u201c spinta yra ne tik prakti\u0161kas baldas, bet ir puikus j\u016bs\u0173 interjero papildymas. D\u0117l kruop\u0161\u010diai atrinkt\u0173 med\u017eiag\u0173, toki\u0173 kaip laminuota MDF plok\u0161t\u0117, ji yra atspari pa\u017eeidimams ir \u012fbr\u0117\u017eimams, u\u017etikrinant ilgaam\u017ei\u0161kum\u0105. Nuostabus \u0161ios spintos dizainas papuo\u0161 bet kur\u012f interjer\u0105 elegancija ir stiliumi.<\/p>","protected":false},"excerpt":{"rendered":"<p>Plotis (cm): 102,5<br \/>\n\u016agis (cm): 200<br \/>\nGylis (cm): 55,5<\/p>","protected":false},"featured_media":161276,"comment_status":"open","ping_status":"open","template":"","meta":[],"product_brand":[],"product_cat":[9453,4106,1177],"product_tag":[],"class_list":{"0":"post-161275","1":"product","2":"type-product","3":"status-publish","4":"has-post-thumbnail","6":"product_cat-furniture-system-lucca-gala-meble","7":"product_cat-gala-meble","8":"product_cat-wardrobes","10":"first","11":"instock","12":"purchasable","13":"product-type-simple"},"_links":{"self":[{"href":"https:\/\/baldumarket.lt\/lt\/wp-json\/wp\/v2\/product\/161275","targetHints":{"allow":["GET"]}}],"collection":[{"href":"https:\/\/baldumarket.lt\/lt\/wp-json\/wp\/v2\/product"}],"about":[{"href":"https:\/\/baldumarket.lt\/lt\/wp-json\/wp\/v2\/types\/product"}],"replies":[{"embeddable":true,"href":"https:\/\/baldumarket.lt\/lt\/wp-json\/wp\/v2\/comments?post=161275"}],"wp:featuredmedia":[{"embeddable":true,"href":"https:\/\/baldumarket.lt\/lt\/wp-json\/wp\/v2\/media\/161276"}],"wp:attachment":[{"href":"https:\/\/baldumarket.lt\/lt\/wp-json\/wp\/v2\/media?parent=161275"}],"wp:term":[{"taxonomy":"product_brand","embeddable":true,"href":"https:\/\/baldumarket.lt\/lt\/wp-json\/wp\/v2\/product_brand?post=161275"},{"taxonomy":"product_cat","embeddable":true,"href":"https:\/\/baldumarket.lt\/lt\/wp-json\/wp\/v2\/product_cat?post=161275"},{"taxonomy":"product_tag","embeddable":true,"href":"https:\/\/baldumarket.lt\/lt\/wp-json\/wp\/v2\/product_tag?post=161275"}],"curies":[{"name":"wp","href":"https:\/\/api.w.org\/{rel}","templated":true}]}}