{"id":161271,"date":"2025-12-19T01:37:58","date_gmt":"2025-12-18T22:37:58","guid":{"rendered":"https:\/\/baldumarket.lt\/product\/lucca-s2dl-szafa-2-drzwiowa-z-lustrem-czarny-grafit-dab-craft\/"},"modified":"2026-02-08T11:39:28","modified_gmt":"2026-02-08T08:39:28","slug":"lucca-s2dl-szafa-2-drzwiowa-z-lustrem-czarny-grafit-dab-craft","status":"publish","type":"product","link":"https:\/\/baldumarket.lt\/lt\/produktas\/lucca-s2dl-szafa-2-drzwiowa-z-lustrem-czarny-grafit-dab-craft\/","title":{"rendered":"Lucca S2DL \u2013 Dviej\u0173 dur\u0173 spinta su veidrod\u017eiu, juodo grafito\/dirbtinio \u0105\u017euolo"},"content":{"rendered":"<p>Atraskite elegancij\u0105 ir funkcionalum\u0105 su \u201eGa\u0142a Meble\u201c \u201eLucca S2DL\u201c spinta, kuri jus prad\u017eiugins rafinuotu dizainu ir prakti\u0161kais sprendimais. \u0160i dviej\u0173 dur\u0173 juodo grafito ir dirbtinio \u0105\u017euolo spalvos spinta puikiai tinka visiems, norintiems savo interjerui suteikti klas\u0117s ir stiliaus. Veidrodiniai i\u0161oriniai fasadai ne tik vizualiai padidina erdv\u0119, bet ir palengvina kasdien\u012f ruo\u0161im\u0105si.<\/p>\n<p>\u201eLucca S2DL\u201c spinduliuoja moderniu stiliumi, kuris puikiai dera prie \u012fvairi\u0173 interjero dizain\u0173. Auksini\u0173 metalini\u0173 ranken\u0117li\u0173 ir laminuot\u0173 MDF fasad\u0173 derinys sukuria harmoning\u0105 visum\u0105, kuri traukia ak\u012f ir suteikia baldui unikalaus charakterio. Tvirta konstrukcija i\u0161 auk\u0161tos kokyb\u0117s med\u017eiag\u0173 u\u017etikrina, kad spinta tarnaus daugel\u012f met\u0173, i\u0161laikydama unikali\u0105 i\u0161vaizd\u0105.<\/p>\n<p>\u201eLucca S2DL\u201c spintos funkcionalumas neapsiriboja vien estetiniu patrauklumu. Gerai apgalvotas vidaus i\u0161planavimas leid\u017eia optimaliai i\u0161naudoti erdv\u0119, o tai labai svarbu kiekvienuose namuose. D\u0117l tvirto 86 mm auk\u0161\u010dio cokolio ir dekoratyvinio vainiko spinta tampa ir prakti\u0161ku, ir dekoratyviu interjero dizaino elementu. Papildomi dekoratyviniai MDF lipdiniai ir stiklinimo juostos ant veidrod\u017eio suteikia bendrai i\u0161vaizdai elegancijos ir rafinuotumo.<\/p>\n<p>\u201eLucca S2DL\u201c spintos surinkimas yra ne\u012ftik\u0117tinai paprastas d\u0117l savaranki\u0161ko surinkimo galimybi\u0173. Lengvai suprantamos, nuoseklios instrukcijos pad\u0117s jums greitai ir lengvai surinkti \u0161\u012f unikal\u0173 bald\u0105. Tai puikus sprendimas tiems, kurie vertina ir stili\u0173, ir funkcionalum\u0105.<\/p>\n<p>M\u0117gaukit\u0117s prabanga ir prakti\u0161kumu viename \u2013 rinkit\u0117s \u201eLucca S2DL\u201c spint\u0105 grafito juodumo ir dirbtinio \u0105\u017euolo spalv\u0173. Ji pagra\u017eins bet kur\u012f kambar\u012f ir suteiks daug vietos j\u016bs\u0173 m\u0117gstamiausiems daiktams. D\u0117l unikalaus dizaino ir patikimos konstrukcijos ji neabejotinai taps svarbiu j\u016bs\u0173 nam\u0173 elementu.<\/p>","protected":false},"excerpt":{"rendered":"<p>Plotis (cm): 102,5<br \/>\n\u016agis (cm): 200<br \/>\nGylis (cm): 55,5<\/p>","protected":false},"featured_media":161272,"comment_status":"open","ping_status":"open","template":"","meta":[],"product_brand":[],"product_cat":[9453,4106,1177],"product_tag":[],"class_list":{"0":"post-161271","1":"product","2":"type-product","3":"status-publish","4":"has-post-thumbnail","6":"product_cat-furniture-system-lucca-gala-meble","7":"product_cat-gala-meble","8":"product_cat-wardrobes","10":"first","11":"instock","12":"purchasable","13":"product-type-simple"},"_links":{"self":[{"href":"https:\/\/baldumarket.lt\/lt\/wp-json\/wp\/v2\/product\/161271","targetHints":{"allow":["GET"]}}],"collection":[{"href":"https:\/\/baldumarket.lt\/lt\/wp-json\/wp\/v2\/product"}],"about":[{"href":"https:\/\/baldumarket.lt\/lt\/wp-json\/wp\/v2\/types\/product"}],"replies":[{"embeddable":true,"href":"https:\/\/baldumarket.lt\/lt\/wp-json\/wp\/v2\/comments?post=161271"}],"wp:featuredmedia":[{"embeddable":true,"href":"https:\/\/baldumarket.lt\/lt\/wp-json\/wp\/v2\/media\/161272"}],"wp:attachment":[{"href":"https:\/\/baldumarket.lt\/lt\/wp-json\/wp\/v2\/media?parent=161271"}],"wp:term":[{"taxonomy":"product_brand","embeddable":true,"href":"https:\/\/baldumarket.lt\/lt\/wp-json\/wp\/v2\/product_brand?post=161271"},{"taxonomy":"product_cat","embeddable":true,"href":"https:\/\/baldumarket.lt\/lt\/wp-json\/wp\/v2\/product_cat?post=161271"},{"taxonomy":"product_tag","embeddable":true,"href":"https:\/\/baldumarket.lt\/lt\/wp-json\/wp\/v2\/product_tag?post=161271"}],"curies":[{"name":"wp","href":"https:\/\/api.w.org\/{rel}","templated":true}]}}