{"id":161267,"date":"2025-12-19T01:37:51","date_gmt":"2025-12-18T22:37:51","guid":{"rendered":"https:\/\/baldumarket.lt\/product\/lucca-sn-szafka-nocna-2-szuflady-bialy-opal-dab-craft\/"},"modified":"2026-02-08T11:39:36","modified_gmt":"2026-02-08T08:39:36","slug":"lucca-sn-szafka-nocna-2-szuflady-bialy-opal-dab-craft","status":"publish","type":"product","link":"https:\/\/baldumarket.lt\/lt\/produktas\/lucca-sn-szafka-nocna-2-szuflady-bialy-opal-dab-craft\/","title":{"rendered":"Lucca SN \u2013 naktinis staliukas su 2 stal\u010diais, opalin\u0117s baltos \/ \u0105\u017euolo spalvos"},"content":{"rendered":"<p>Atraskite rafinuot\u0105 elegancij\u0105 su \u201eLucca SN\u201c naktiniu staliuku, kuris suteiks j\u016bs\u0173 miegamajam modernumo. \u0160is baldas, pasi\u017eymintis opalo baltumo ir \u0105\u017euolo deriniu, puikiai dera su inovacija ir klasikiniu gro\u017eiu. Subtilus matinis pavir\u0161ius papildys tiek minimalistin\u012f, tiek tradicin\u012f interjer\u0105.<\/p>\n<p>\u201eLucca SN\u201c naktinis staliukas puikiai tiks bet kuriam miegamajam d\u0117l savo apgalvoto dizaino ir prakti\u0161kumo. Du erdv\u016bs stal\u010diai suteikia daug vietos j\u016bs\u0173 b\u016btiniausiems daiktams, pavyzd\u017eiui, knygoms, akiniams ar telefonui, o vir\u0161utin\u0117 dalis lieka laisva naktinei lempai ar dekoratyviniams aksesuarams. Gra\u017eiai suprojektuotas stal\u010diaus vidus padeda palaikyti tvark\u0105 ir harmonij\u0105 j\u016bs\u0173 erdv\u0117je.<\/p>\n<p>Auk\u0161tos kokyb\u0117s med\u017eiagos, naudojamos \u201eLucca SN\u201c naktiniam staliukui, garantuoja jo patvarum\u0105 ir atsparum\u0105 kasdieniam naudojimui. Laminuotos ir MDF plok\u0161t\u0117s fasadai bei tvirta konstrukcija, kruop\u0161\u010diai apgalvota detal\u0117ms, daro \u0161\u012f bald\u0105 ne tik gra\u017e\u0173, bet ir ne\u012ftik\u0117tinai patvar\u0173. Juodos metalin\u0117s rankenos suteikia grie\u017etumo, puikiai papildydamos eleganti\u0161k\u0105 korpuso form\u0105.<\/p>\n<p>I\u0161skirtinis funkcionalumas ir stilingas dizainas paver\u010dia \u201eLucca SN\u201c naktin\u012f staliuk\u0105 b\u016btinu bet kurio modernaus miegamojo elementu. Nesvarbu, ar jums labiau patinka klasikinis, ar modernus stilius, \u0161is baldas taps unikaliu j\u016bs\u0173 interjero akcentu. M\u0117gaukit\u0117s komfortu ir estetika kiekvien\u0105 dien\u0105 pasirinkdami naktin\u012f staliuk\u0105, kuris derina prakti\u0161kum\u0105 ir gro\u017e\u012f.<\/p>","protected":false},"excerpt":{"rendered":"<p>Plotis (cm): 52<br \/>\n\u016agis (cm): 51<br \/>\nGylis (cm): 40<\/p>","protected":false},"featured_media":161268,"comment_status":"open","ping_status":"open","template":"","meta":[],"product_brand":[],"product_cat":[9453,1176,4106],"product_tag":[],"class_list":{"0":"post-161267","1":"product","2":"type-product","3":"status-publish","4":"has-post-thumbnail","6":"product_cat-furniture-system-lucca-gala-meble","7":"product_cat-bedside-tables","8":"product_cat-gala-meble","10":"first","11":"instock","12":"purchasable","13":"product-type-simple"},"_links":{"self":[{"href":"https:\/\/baldumarket.lt\/lt\/wp-json\/wp\/v2\/product\/161267","targetHints":{"allow":["GET"]}}],"collection":[{"href":"https:\/\/baldumarket.lt\/lt\/wp-json\/wp\/v2\/product"}],"about":[{"href":"https:\/\/baldumarket.lt\/lt\/wp-json\/wp\/v2\/types\/product"}],"replies":[{"embeddable":true,"href":"https:\/\/baldumarket.lt\/lt\/wp-json\/wp\/v2\/comments?post=161267"}],"wp:featuredmedia":[{"embeddable":true,"href":"https:\/\/baldumarket.lt\/lt\/wp-json\/wp\/v2\/media\/161268"}],"wp:attachment":[{"href":"https:\/\/baldumarket.lt\/lt\/wp-json\/wp\/v2\/media?parent=161267"}],"wp:term":[{"taxonomy":"product_brand","embeddable":true,"href":"https:\/\/baldumarket.lt\/lt\/wp-json\/wp\/v2\/product_brand?post=161267"},{"taxonomy":"product_cat","embeddable":true,"href":"https:\/\/baldumarket.lt\/lt\/wp-json\/wp\/v2\/product_cat?post=161267"},{"taxonomy":"product_tag","embeddable":true,"href":"https:\/\/baldumarket.lt\/lt\/wp-json\/wp\/v2\/product_tag?post=161267"}],"curies":[{"name":"wp","href":"https:\/\/api.w.org\/{rel}","templated":true}]}}