{"id":161263,"date":"2025-12-19T01:37:43","date_gmt":"2025-12-18T22:37:43","guid":{"rendered":"https:\/\/baldumarket.lt\/product\/lucca-sn-szafka-nocna-2-szuflady-czarny-grafit-dab-craft\/"},"modified":"2026-02-08T11:39:36","modified_gmt":"2026-02-08T08:39:36","slug":"lucca-sn-szafka-nocna-2-szuflady-czarny-grafit-dab-craft","status":"publish","type":"product","link":"https:\/\/baldumarket.lt\/lt\/produktas\/lucca-sn-szafka-nocna-2-szuflady-czarny-grafit-dab-craft\/","title":{"rendered":"Lucca SN \u2013 naktinis staliukas su 2 stal\u010diais, juodo grafito \/ \u0105\u017euolo spalvos"},"content":{"rendered":"<p>\u201eLucca SN\u201c \u2013 unikalus naktinis staliukas, puikiai derinantis estetik\u0105 ir funkcionalum\u0105. Juodo grafito ir dirbtinio \u0105\u017euolo spalv\u0173 gama suteikia jam i\u0161skirtinio charakterio, tod\u0117l jis puikiai tinka moderniam miegamajam. Minimalistinis dizainas ir eleganti\u0161kos formos paver\u010dia j\u012f baldu, kuris gra\u017eiai papildo bet kok\u012f interjero dizain\u0105.<\/p>\n<p>Vertinate i\u0161skirtinio stiliaus ir patog\u0173 naudoti baldus? \u201eLucca SN\u201c su dviem prakti\u0161kais stal\u010diais \u2013 tai sprendimas, kuris pad\u0117s jums i\u0161likti tvarkingiems. \u0160ie stal\u010diai puikiai tinka smulkiems daiktams, kuriuos norite visada tur\u0117ti po ranka, tuo pa\u010diu i\u0161laikant estetin\u012f erdv\u0117s aplink lov\u0105 patrauklum\u0105. Naktinis staliukas buvo sukurtas atsi\u017evelgiant \u012f kasdien\u012f naudojim\u0105, u\u017etikrinant patogi\u0105 prieig\u0105 prie laikom\u0173 daikt\u0173.<\/p>\n<p>Be funkcionalumo, \u0161is naktinis staliukas patraukia ak\u012f d\u0117l tvirto korpuso, pagaminto i\u0161 auk\u0161tos kokyb\u0117s laminuotos plok\u0161t\u0117s ir MDF. Aukso spalvos metalin\u0117s rankenos suteikia elegancijos ir pabr\u0117\u017eia rafinuot\u0105 baldo charakter\u012f. \u0160is med\u017eiag\u0173 ir apdailos derinys paver\u010dia naktin\u012f staliuk\u0105 ne tik prakti\u0161ku, bet ir dekoratyviniu elementu.<\/p>\n<p>\u012erengti namus tur\u0117t\u0173 b\u016bti malonu, tod\u0117l \u201eLucca SN\u201c naktinis staliukas sukurtas taip, kad j\u012f b\u016bt\u0173 galima surinkti savaranki\u0161kai. D\u0117l gerai apgalvoto dizaino surinkimas yra greitas ir paprastas, tod\u0117l gal\u0117site akimirksniu d\u017eiaugtis nauju baldu. Su \u201eLucca SN\u201c naktiniu staliuku pabr\u0117\u0161ite savo unikal\u0173 stili\u0173 ir sukursite jauki\u0105 bei eleganti\u0161k\u0105 atmosfer\u0105 savo miegamajame.<\/p>\n<p>Pasirinkdami \u201eLucca SN\u201c naktin\u012f staliuk\u0105, investuojate \u012f bald\u0105, kuris derina gra\u017e\u0173 dizain\u0105 ir prakti\u0161k\u0105 funkcionalum\u0105. D\u0117l kruop\u0161taus meistri\u0161kumo ir d\u0117mesio kiekvienai detalei \u0161is \u201eGa\u0142a Meble\u201c gaminys tikrai pateisins j\u016bs\u0173 l\u016bkes\u010dius ir taps nepakei\u010diamu j\u016bs\u0173 miegamojo akcentu.<\/p>","protected":false},"excerpt":{"rendered":"<p>Plotis (cm): 52<br \/>\n\u016agis (cm): 51<br \/>\nGylis (cm): 40<\/p>","protected":false},"featured_media":161264,"comment_status":"open","ping_status":"open","template":"","meta":[],"product_brand":[],"product_cat":[9453,1176,4106],"product_tag":[],"class_list":{"0":"post-161263","1":"product","2":"type-product","3":"status-publish","4":"has-post-thumbnail","6":"product_cat-furniture-system-lucca-gala-meble","7":"product_cat-bedside-tables","8":"product_cat-gala-meble","10":"first","11":"instock","12":"purchasable","13":"product-type-simple"},"_links":{"self":[{"href":"https:\/\/baldumarket.lt\/lt\/wp-json\/wp\/v2\/product\/161263","targetHints":{"allow":["GET"]}}],"collection":[{"href":"https:\/\/baldumarket.lt\/lt\/wp-json\/wp\/v2\/product"}],"about":[{"href":"https:\/\/baldumarket.lt\/lt\/wp-json\/wp\/v2\/types\/product"}],"replies":[{"embeddable":true,"href":"https:\/\/baldumarket.lt\/lt\/wp-json\/wp\/v2\/comments?post=161263"}],"wp:featuredmedia":[{"embeddable":true,"href":"https:\/\/baldumarket.lt\/lt\/wp-json\/wp\/v2\/media\/161264"}],"wp:attachment":[{"href":"https:\/\/baldumarket.lt\/lt\/wp-json\/wp\/v2\/media?parent=161263"}],"wp:term":[{"taxonomy":"product_brand","embeddable":true,"href":"https:\/\/baldumarket.lt\/lt\/wp-json\/wp\/v2\/product_brand?post=161263"},{"taxonomy":"product_cat","embeddable":true,"href":"https:\/\/baldumarket.lt\/lt\/wp-json\/wp\/v2\/product_cat?post=161263"},{"taxonomy":"product_tag","embeddable":true,"href":"https:\/\/baldumarket.lt\/lt\/wp-json\/wp\/v2\/product_tag?post=161263"}],"curies":[{"name":"wp","href":"https:\/\/api.w.org\/{rel}","templated":true}]}}