{"id":161259,"date":"2025-12-19T01:37:35","date_gmt":"2025-12-18T22:37:35","guid":{"rendered":"https:\/\/baldumarket.lt\/product\/lucca-w2d-witryna-2-drzwiowa-bialy-opal-dab-craft\/"},"modified":"2026-02-08T11:39:36","modified_gmt":"2026-02-08T08:39:36","slug":"lucca-w2d-witryna-2-drzwiowa-bialy-opal-dab-craft","status":"publish","type":"product","link":"https:\/\/baldumarket.lt\/lt\/produktas\/lucca-w2d-witryna-2-drzwiowa-bialy-opal-dab-craft\/","title":{"rendered":"Lucca W2D \u2013 2 dur\u0173 vitrina, balto opalo \/ \u0105\u017euolo spalvos"},"content":{"rendered":"<p>I\u0161skirtin\u0117 \u201eLucca W2D\u201c vitrina derina modern\u0173 dizain\u0105 ir prakti\u0161kum\u0105, suteikdama j\u016bs\u0173 svetainei elegancijos. Harmoninga spalv\u0173 gama sujungia subtili\u0105 balt\u0105 opal\u0105 su \u0161iltu \u0105\u017euolo atspalviu, sukurdama harmoning\u0105 duet\u0105, kuris puikiai papildys bet kok\u012f \u0161iuolaikin\u012f interjer\u0105.<\/p>\n<p>\u0160i vitrina su dviej\u0173 dureli\u0173 priekiu \u2013 stilingas b\u016bdas eksponuoti m\u0117gstamiausius daiktus. Stiklin\u0117s durys leid\u017eia eksponuoti papuo\u0161alus, knygas ar kitus nieku\u010dius, sukuriant jauki\u0105 ir atmosferi\u0161k\u0105 atmosfer\u0105 bet kuriame kambaryje.<\/p>\n<p>Tvirta konstrukcija, pagaminta i\u0161 laminuotos plok\u0161t\u0117s ir MDF, u\u017etikrina patvarum\u0105 ir atsparum\u0105 pa\u017eeidimams, tod\u0117l \u0161is baldas tarnaus ilgus metus. Juodos metalin\u0117s rankenos suteikia elegancijos ir modernumo, o dekoratyviniai lipdiniai ir dekoratyvin\u0117 kar\u016bn\u0117l\u0117 \u2013 unikal\u0173 charakter\u012f.<\/p>\n<p>\u201eLucca W2D\u201c lengvai prisitaikys prie j\u016bs\u0173 poreiki\u0173, si\u016blydama prakti\u0161k\u0105 ir eleganti\u0161k\u0105 daikt\u0173 laikymo sprendim\u0105. \u201ePasidaryk pats\u201c vitrinos surinkimas yra paprastas ir intuityvus, tod\u0117l netrukus gal\u0117site m\u0117gautis jos gro\u017eiu savo namuose. Tapkite \u0161ios unikalios vitrinos, kuri tikrai su\u017eav\u0117s kiekvien\u0105 sve\u010di\u0105, savininku.<\/p>","protected":false},"excerpt":{"rendered":"<p>Plotis (cm): 102,5<br \/>\n\u016agis (cm): 200<br \/>\nGylis (cm): 40,5<\/p>","protected":false},"featured_media":161260,"comment_status":"open","ping_status":"open","template":"","meta":[],"product_brand":[],"product_cat":[9453,4106,2006],"product_tag":[],"class_list":{"0":"post-161259","1":"product","2":"type-product","3":"status-publish","4":"has-post-thumbnail","6":"product_cat-furniture-system-lucca-gala-meble","7":"product_cat-gala-meble","8":"product_cat-vitrines","10":"first","11":"instock","12":"purchasable","13":"product-type-simple"},"_links":{"self":[{"href":"https:\/\/baldumarket.lt\/lt\/wp-json\/wp\/v2\/product\/161259","targetHints":{"allow":["GET"]}}],"collection":[{"href":"https:\/\/baldumarket.lt\/lt\/wp-json\/wp\/v2\/product"}],"about":[{"href":"https:\/\/baldumarket.lt\/lt\/wp-json\/wp\/v2\/types\/product"}],"replies":[{"embeddable":true,"href":"https:\/\/baldumarket.lt\/lt\/wp-json\/wp\/v2\/comments?post=161259"}],"wp:featuredmedia":[{"embeddable":true,"href":"https:\/\/baldumarket.lt\/lt\/wp-json\/wp\/v2\/media\/161260"}],"wp:attachment":[{"href":"https:\/\/baldumarket.lt\/lt\/wp-json\/wp\/v2\/media?parent=161259"}],"wp:term":[{"taxonomy":"product_brand","embeddable":true,"href":"https:\/\/baldumarket.lt\/lt\/wp-json\/wp\/v2\/product_brand?post=161259"},{"taxonomy":"product_cat","embeddable":true,"href":"https:\/\/baldumarket.lt\/lt\/wp-json\/wp\/v2\/product_cat?post=161259"},{"taxonomy":"product_tag","embeddable":true,"href":"https:\/\/baldumarket.lt\/lt\/wp-json\/wp\/v2\/product_tag?post=161259"}],"curies":[{"name":"wp","href":"https:\/\/api.w.org\/{rel}","templated":true}]}}