{"id":161255,"date":"2025-12-19T01:37:28","date_gmt":"2025-12-18T22:37:28","guid":{"rendered":"https:\/\/baldumarket.lt\/product\/lucca-w2d-witryna-2-drzwiowa-czarny-grafit-dab-craft\/"},"modified":"2026-02-08T11:39:36","modified_gmt":"2026-02-08T08:39:36","slug":"lucca-w2d-witryna-2-drzwiowa-czarny-grafit-dab-craft","status":"publish","type":"product","link":"https:\/\/baldumarket.lt\/lt\/product\/lucca-w2d-witryna-2-drzwiowa-czarny-grafit-dab-craft\/","title":{"rendered":"Lucca W2D \u2013 2 dur\u0173 vitrina, juodo grafito \/ dirbtinio \u0105\u017euolo spalvos"},"content":{"rendered":"<p>\u201eLucca W2D\u201c vitrina derina modern\u0173 dizain\u0105 ir prakti\u0161kum\u0105, tod\u0117l puikiai dera prie bet kokio interjero. Eleganti\u0161k\u0105 i\u0161vaizd\u0105 pary\u0161kina juodo grafito ir \u0105\u017euolo fasadai, suteikiantys baldui unikal\u0173 charakter\u012f. Auksin\u0117s ranken\u0117l\u0117s su i\u0161skirtin\u0117mis detal\u0117mis suteikia prabangos.<\/p>\n<p>\u0160is baldas yra tikras bet kurio svetain\u0117s ar valgomojo centrinis akcentas. Stikliniai fasadai leid\u017eia eksponuoti m\u0117gstamas dekoracijas ar atminimo daiktus. Laminuota plok\u0161t\u0117 ir MDF, naudojamos spintel\u0117s korpusui ir fasadams, garantuoja patvarum\u0105 ir atsparum\u0105 pa\u017eeidimams, u\u017etikrindami, kad ji tarnaus daugel\u012f met\u0173, i\u0161laikydama nepakitusi\u0105 i\u0161vaizd\u0105.<\/p>\n<p>\u201eLucca W2D\u201c vitrinos funkcionalum\u0105 dar labiau sustiprina erdvus dizainas. 102,5 cm plo\u010dio, 200 cm auk\u0161\u010dio ir 40,5 cm gylio ji leid\u017eia efektyviai i\u0161naudoti erdv\u0119 neu\u017ego\u017eiant likusio interjero. Tvirtas cokolis ir dekoratyvin\u0117 kar\u016bn\u0117l\u0117 suteikia elegancijos ir tvirtumo, sukurdami prabangaus gaminio \u012fsp\u016bd\u012f.<\/p>\n<p>Surinkimas paprastas ir intuityvus, tod\u0117l j\u012f lengvai gali surinkti kiekvienas. Tai puikus sprendimas tiems, kurie vertina estetik\u0105, funkcionalum\u0105 ir ilgaam\u017ei\u0161kum\u0105. \u201eLucca W2D\u201c vitrina yra investicija, kuri pakeis bet kok\u012f interjer\u0105, suteikdama jam unikal\u0173 charakter\u012f ir stili\u0173.<\/p>\n<p>Paverskite savo interjer\u0105 eleganti\u0161ka, spindin\u010dia erdve su \u201eLucca W2D\u201c vitrina. \u0160is baldas ne tik suteiks modernumo, bet ir sukurs jauki\u0105 bei \u0161ilt\u0105 atmosfer\u0105. Tai puikus pasirinkimas visiems, norintiems savo namuose \u012fdiegti auk\u0161\u010diausios kokyb\u0117s elementus ir unikali\u0105 estetik\u0105.<\/p>","protected":false},"excerpt":{"rendered":"<p>Plotis (cm): 102,5<br \/>\n\u016agis (cm): 200<br \/>\nGylis (cm): 40,5<\/p>","protected":false},"featured_media":161256,"comment_status":"open","ping_status":"open","template":"","meta":[],"product_brand":[],"product_cat":[9453,4106,2006],"product_tag":[],"class_list":{"0":"post-161255","1":"product","2":"type-product","3":"status-publish","4":"has-post-thumbnail","6":"product_cat-furniture-system-lucca-gala-meble","7":"product_cat-gala-meble","8":"product_cat-vitrines","10":"first","11":"instock","12":"purchasable","13":"product-type-simple"},"_links":{"self":[{"href":"https:\/\/baldumarket.lt\/lt\/wp-json\/wp\/v2\/product\/161255","targetHints":{"allow":["GET"]}}],"collection":[{"href":"https:\/\/baldumarket.lt\/lt\/wp-json\/wp\/v2\/product"}],"about":[{"href":"https:\/\/baldumarket.lt\/lt\/wp-json\/wp\/v2\/types\/product"}],"replies":[{"embeddable":true,"href":"https:\/\/baldumarket.lt\/lt\/wp-json\/wp\/v2\/comments?post=161255"}],"wp:featuredmedia":[{"embeddable":true,"href":"https:\/\/baldumarket.lt\/lt\/wp-json\/wp\/v2\/media\/161256"}],"wp:attachment":[{"href":"https:\/\/baldumarket.lt\/lt\/wp-json\/wp\/v2\/media?parent=161255"}],"wp:term":[{"taxonomy":"product_brand","embeddable":true,"href":"https:\/\/baldumarket.lt\/lt\/wp-json\/wp\/v2\/product_brand?post=161255"},{"taxonomy":"product_cat","embeddable":true,"href":"https:\/\/baldumarket.lt\/lt\/wp-json\/wp\/v2\/product_cat?post=161255"},{"taxonomy":"product_tag","embeddable":true,"href":"https:\/\/baldumarket.lt\/lt\/wp-json\/wp\/v2\/product_tag?post=161255"}],"curies":[{"name":"wp","href":"https:\/\/api.w.org\/{rel}","templated":true}]}}