{"id":161251,"date":"2025-12-19T01:37:21","date_gmt":"2025-12-18T22:37:21","guid":{"rendered":"https:\/\/baldumarket.lt\/product\/lucca-w2d1s-witryna-2d1s-bialy-opal-dab-craft\/"},"modified":"2026-02-08T11:39:36","modified_gmt":"2026-02-08T08:39:36","slug":"lucca-w2d1s-witryna-2d1s-bialy-opal-dab-craft","status":"publish","type":"product","link":"https:\/\/baldumarket.lt\/lt\/product\/lucca-w2d1s-witryna-2d1s-bialy-opal-dab-craft\/","title":{"rendered":"Lucca W2D1S \u2013 Vitrina 2D1S, baltas opalas \/ \u0105\u017euolas"},"content":{"rendered":"<p>Atraskite nepaprast\u0105 \u201eLucca W2D1S\u201c vitrinos elegancij\u0105 ir funkcionalum\u0105 \u2013 ji puikiai tiks j\u016bs\u0173 nam\u0173 interjerui pagyvinti. \u201eGa\u0142a Meble\u201c sukurtas modelis derina modern\u0173 dizain\u0105 su prakti\u0161kais sprendimais, kurie suteiks j\u016bs\u0173 namams nauj\u0105 dimensij\u0105. \u201eWhite Opal\u201c ir \u201eCraft Oak\u201c spalvos suteikia \u0161ilumos ir klas\u0117s bet kokiam interjerui.<\/p>\n<p>I\u0161radingas vitrinos dizainas \u2013 63,5 cm plo\u010dio, 200 cm auk\u0161\u010dio ir 40,5 cm gylio \u2013 leid\u017eia jai b\u016bti kompakti\u0161kai i\u0161d\u0117stytai ir kartu suteikti daug vietos dekoratyviniams daiktams laikyti bei eksponuoti. Stikliniai fasadai ir masyvus 86 mm auk\u0161\u010dio cokolis traukia ak\u012f ir suteikia visam i\u0161d\u0117stymui lengvumo. Vitrina pagaminta i\u0161 laminuotos plok\u0161t\u0117s ir MDF, tod\u0117l yra patvari ir atspari pa\u017eeidimams.<\/p>\n<p>Stilingas 70 mm auk\u0161\u010dio kar\u016bn\u0117l\u0117 ir 15 mm plo\u010dio MDF stiklinimo juostos suteikia unikali\u0105 i\u0161vaizd\u0105. D\u0117l savo dizaino vitrin\u0105 lengva surinkti, tod\u0117l j\u0105 galima greitai ir be vargo \u012frengti namuose. Opal White ir Craft Oak spalvos sukuria harmoning\u0105 spalv\u0173 derin\u012f, kuris puikiai tiks bet kurioje modernioje svetain\u0117je, biure ar valgomajame.<\/p>\n<p>U\u017etikrinkite nepriekai\u0161ting\u0105 i\u0161vaizd\u0105 ir funkcionalum\u0105 su \u201eLucca W2D1S\u201c vitrina. \u0160i investicija suteiks j\u016bs\u0173 namams i\u0161skirtinio blizgesio ir prakti\u0161kumo, kasdien su\u017eav\u0117s sve\u010dius ir d\u017eiugins \u0161eimos narius.<\/p>","protected":false},"excerpt":{"rendered":"<p>Plotis (cm): 63,5<br \/>\n\u016agis (cm): 200<br \/>\nGylis (cm): 40,5<\/p>","protected":false},"featured_media":161252,"comment_status":"open","ping_status":"open","template":"","meta":[],"product_brand":[],"product_cat":[9453,4106,2006],"product_tag":[],"class_list":{"0":"post-161251","1":"product","2":"type-product","3":"status-publish","4":"has-post-thumbnail","6":"product_cat-furniture-system-lucca-gala-meble","7":"product_cat-gala-meble","8":"product_cat-vitrines","10":"first","11":"instock","12":"purchasable","13":"product-type-simple"},"_links":{"self":[{"href":"https:\/\/baldumarket.lt\/lt\/wp-json\/wp\/v2\/product\/161251","targetHints":{"allow":["GET"]}}],"collection":[{"href":"https:\/\/baldumarket.lt\/lt\/wp-json\/wp\/v2\/product"}],"about":[{"href":"https:\/\/baldumarket.lt\/lt\/wp-json\/wp\/v2\/types\/product"}],"replies":[{"embeddable":true,"href":"https:\/\/baldumarket.lt\/lt\/wp-json\/wp\/v2\/comments?post=161251"}],"wp:featuredmedia":[{"embeddable":true,"href":"https:\/\/baldumarket.lt\/lt\/wp-json\/wp\/v2\/media\/161252"}],"wp:attachment":[{"href":"https:\/\/baldumarket.lt\/lt\/wp-json\/wp\/v2\/media?parent=161251"}],"wp:term":[{"taxonomy":"product_brand","embeddable":true,"href":"https:\/\/baldumarket.lt\/lt\/wp-json\/wp\/v2\/product_brand?post=161251"},{"taxonomy":"product_cat","embeddable":true,"href":"https:\/\/baldumarket.lt\/lt\/wp-json\/wp\/v2\/product_cat?post=161251"},{"taxonomy":"product_tag","embeddable":true,"href":"https:\/\/baldumarket.lt\/lt\/wp-json\/wp\/v2\/product_tag?post=161251"}],"curies":[{"name":"wp","href":"https:\/\/api.w.org\/{rel}","templated":true}]}}