{"id":161247,"date":"2025-12-19T01:37:14","date_gmt":"2025-12-18T22:37:14","guid":{"rendered":"https:\/\/baldumarket.lt\/product\/lucca-w2d1s-witryna-2d1s-czarny-grafit-dab-craft\/"},"modified":"2026-02-08T11:39:36","modified_gmt":"2026-02-08T08:39:36","slug":"lucca-w2d1s-witryna-2d1s-czarny-grafit-dab-craft","status":"publish","type":"product","link":"https:\/\/baldumarket.lt\/lt\/product\/lucca-w2d1s-witryna-2d1s-czarny-grafit-dab-craft\/","title":{"rendered":"Lucca W2D1S \u2013 Vitrina 2D1S, juodo grafito\/\u0105\u017euolo spalvos"},"content":{"rendered":"<p>Juodo grafito ir \u0105\u017euolo spalv\u0173 \u201eLucca W2D1S\u201c vitrina \u2013 eleganti\u0161kas baldas, kuris j\u016bs\u0173 interjerui suteiks charakterio. D\u0117l unikalaus modernaus juodo grafito ir nat\u016bralaus \u0105\u017euolo apdailos derinio \u0161is baldas papuo\u0161 bet kuri\u0105 svetain\u0119 ar valgom\u0105j\u012f. Stikliniai fasadai su subtiliomis stiklinimo juostel\u0117mis suteikia spintelei lengvumo poj\u016bt\u012f ir pabr\u0117\u017eia stiling\u0105 dizain\u0105.<\/p>\n<p>\u0160i vitrina ne tik \u017eavi savo i\u0161vaizda, bet ir yra funkcionalus daikt\u0173 laikymo sprendimas. Auk\u0161ta konstrukcija (200 cm) ir erdvus vidus leid\u017eia eksponuoti m\u0117gstamus papuo\u0161alus, porceliano kolekcijas ar knygas.<\/p>\n<p>Kiekviena \u201eLucca W2D1S\u201c vitrinos detal\u0117 rodo auk\u0161t\u0105 kokyb\u0119 ir precizi\u0161k\u0105 meistri\u0161kum\u0105. Aukso spalvos metalin\u0117s rankenos suteikia elegancijos ir rafinuotumo, o tvirta laminuota plok\u0161t\u0117 u\u017etikrina patvarum\u0105 ir atsparum\u0105 kasdieniam naudojimui. Surinkimas paprastas, tod\u0117l galite greitai d\u017eiaugtis naujais baldais be ilgo surinkimo.<\/p>\n<p>Unikali\u0105 vitrinos i\u0161vaizd\u0105 taip pat lemia dekoratyvin\u0117s MDF apdailos ir masyvus cokolis, kurie suteikia stabilumo ir charakterio. Dekoratyvin\u0117 kar\u016bn\u0117l\u0117 spintel\u0117s vir\u0161uje suteikia gra\u017e\u0173 apdailos akcent\u0105, pabr\u0117\u017eiant\u012f stiling\u0105 ir klasikin\u012f charakter\u012f. \u201eLucca W2D1S\u201c vitrina \u2013 tai tobulas estetikos ir funkcionalumo derinys, patenkinantis net ir i\u0161rankiausius klientus.<\/p>","protected":false},"excerpt":{"rendered":"<p>Plotis (cm): 63,5<br \/>\n\u016agis (cm): 200<br \/>\nGylis (cm): 40,5<\/p>","protected":false},"featured_media":161248,"comment_status":"open","ping_status":"open","template":"","meta":[],"product_brand":[],"product_cat":[9453,4106,2006],"product_tag":[],"class_list":{"0":"post-161247","1":"product","2":"type-product","3":"status-publish","4":"has-post-thumbnail","6":"product_cat-furniture-system-lucca-gala-meble","7":"product_cat-gala-meble","8":"product_cat-vitrines","10":"first","11":"instock","12":"purchasable","13":"product-type-simple"},"_links":{"self":[{"href":"https:\/\/baldumarket.lt\/lt\/wp-json\/wp\/v2\/product\/161247","targetHints":{"allow":["GET"]}}],"collection":[{"href":"https:\/\/baldumarket.lt\/lt\/wp-json\/wp\/v2\/product"}],"about":[{"href":"https:\/\/baldumarket.lt\/lt\/wp-json\/wp\/v2\/types\/product"}],"replies":[{"embeddable":true,"href":"https:\/\/baldumarket.lt\/lt\/wp-json\/wp\/v2\/comments?post=161247"}],"wp:featuredmedia":[{"embeddable":true,"href":"https:\/\/baldumarket.lt\/lt\/wp-json\/wp\/v2\/media\/161248"}],"wp:attachment":[{"href":"https:\/\/baldumarket.lt\/lt\/wp-json\/wp\/v2\/media?parent=161247"}],"wp:term":[{"taxonomy":"product_brand","embeddable":true,"href":"https:\/\/baldumarket.lt\/lt\/wp-json\/wp\/v2\/product_brand?post=161247"},{"taxonomy":"product_cat","embeddable":true,"href":"https:\/\/baldumarket.lt\/lt\/wp-json\/wp\/v2\/product_cat?post=161247"},{"taxonomy":"product_tag","embeddable":true,"href":"https:\/\/baldumarket.lt\/lt\/wp-json\/wp\/v2\/product_tag?post=161247"}],"curies":[{"name":"wp","href":"https:\/\/api.w.org\/{rel}","templated":true}]}}