{"id":161243,"date":"2025-12-19T01:37:06","date_gmt":"2025-12-18T22:37:06","guid":{"rendered":"https:\/\/baldumarket.lt\/product\/lucca-w4d2s-witryna-4d2s-bialy-opal-dab-craft\/"},"modified":"2026-02-08T11:39:36","modified_gmt":"2026-02-08T08:39:36","slug":"lucca-w4d2s-witryna-4d2s-bialy-opal-dab-craft","status":"publish","type":"product","link":"https:\/\/baldumarket.lt\/lt\/product\/lucca-w4d2s-witryna-4d2s-bialy-opal-dab-craft\/","title":{"rendered":"Lucca W4D2S \u2013 Vitrina 4D2S, baltas opalas \/ \u0105\u017euolas"},"content":{"rendered":"<p>Pristatome jums \u201eLucca W4D2S\u201c vitrin\u0105, kuri neabejotinai taps bet kurio interjero akcentu. Jos modernus dizainas sujungia balto opalo elegancij\u0105 su nat\u016braliu \u0105\u017euolo \u017eavesiu. \u0160is baldas \u2013 tai estetikos ir funkcionalumo derinys, d\u017eiuginantis i\u0161 pirmo \u017evilgsnio.<\/p>\n<p>D\u0117l stiklini\u0173 fasad\u0173 \u201eLucca W4D2S\u201c vitrina puikiai tinka eksponuoti m\u0117gstamiausias dekoracijas, knyg\u0173 kolekcijas ar vertingus suvenyrus.<\/p>\n<p>\u201eLucca W4D2S\u201c yra ne tik gra\u017eus, bet ir patvarus bei prakti\u0161kas. Pagamintas i\u0161 laminuotos plok\u0161t\u0117s ir MDF, jis garantuoja atsparum\u0105 pa\u017eeidimams, o klasikin\u0117s juodo metalo rankenos suteikia elegancijos. Tvirtas cokolis ir dekoratyvin\u0117s MDF juostel\u0117s suteikia jam stabilumo ir unikalaus, rafinuoto stiliaus.<\/p>\n<p>Vitrina suprojektuota taip, kad j\u0105 b\u016bt\u0173 lengva surinkti, tod\u0117l j\u0105 galite surinkti patys, nereikalaujant profesional\u0173 paslaug\u0173. D\u0117l modernaus ir eleganti\u0161ko dizaino \u201eLucca W4D2S\u201c vitrina puikiai dera prie \u012fvairi\u0173 interjero dizain\u0173, suteikdama jai klas\u0117s ir subtilaus elegancijos prisilietim\u0105.<\/p>\n<p>Pasirinkdami \u201eLucca W4D2S\u201c vitrin\u0105, prisidedate prie unikalaus ir funkcionalaus interjero k\u016brimo, kuris tikrai prad\u017eiugins tiek \u0161eim\u0105, tiek sve\u010dius. \u0160is baldas \u2013 tobulas estetikos, kokyb\u0117s ir prakti\u0161kumo derinys.<\/p>","protected":false},"excerpt":{"rendered":"<p>Plotis (cm): 118,5<br \/>\n\u016agis (cm): 164,5<br \/>\nGylis (cm): 41,5<\/p>","protected":false},"featured_media":161244,"comment_status":"open","ping_status":"open","template":"","meta":[],"product_brand":[],"product_cat":[9453,4106,2006],"product_tag":[],"class_list":{"0":"post-161243","1":"product","2":"type-product","3":"status-publish","4":"has-post-thumbnail","6":"product_cat-furniture-system-lucca-gala-meble","7":"product_cat-gala-meble","8":"product_cat-vitrines","10":"first","11":"instock","12":"purchasable","13":"product-type-simple"},"_links":{"self":[{"href":"https:\/\/baldumarket.lt\/lt\/wp-json\/wp\/v2\/product\/161243","targetHints":{"allow":["GET"]}}],"collection":[{"href":"https:\/\/baldumarket.lt\/lt\/wp-json\/wp\/v2\/product"}],"about":[{"href":"https:\/\/baldumarket.lt\/lt\/wp-json\/wp\/v2\/types\/product"}],"replies":[{"embeddable":true,"href":"https:\/\/baldumarket.lt\/lt\/wp-json\/wp\/v2\/comments?post=161243"}],"wp:featuredmedia":[{"embeddable":true,"href":"https:\/\/baldumarket.lt\/lt\/wp-json\/wp\/v2\/media\/161244"}],"wp:attachment":[{"href":"https:\/\/baldumarket.lt\/lt\/wp-json\/wp\/v2\/media?parent=161243"}],"wp:term":[{"taxonomy":"product_brand","embeddable":true,"href":"https:\/\/baldumarket.lt\/lt\/wp-json\/wp\/v2\/product_brand?post=161243"},{"taxonomy":"product_cat","embeddable":true,"href":"https:\/\/baldumarket.lt\/lt\/wp-json\/wp\/v2\/product_cat?post=161243"},{"taxonomy":"product_tag","embeddable":true,"href":"https:\/\/baldumarket.lt\/lt\/wp-json\/wp\/v2\/product_tag?post=161243"}],"curies":[{"name":"wp","href":"https:\/\/api.w.org\/{rel}","templated":true}]}}