{"id":161239,"date":"2025-12-19T01:36:57","date_gmt":"2025-12-18T22:36:57","guid":{"rendered":"https:\/\/baldumarket.lt\/product\/lucca-w4d2s-witryna-4d2s-czarny-grafit-dab-craft\/"},"modified":"2026-02-08T11:39:36","modified_gmt":"2026-02-08T08:39:36","slug":"lucca-w4d2s-witryna-4d2s-czarny-grafit-dab-craft","status":"publish","type":"product","link":"https:\/\/baldumarket.lt\/lt\/product\/lucca-w4d2s-witryna-4d2s-czarny-grafit-dab-craft\/","title":{"rendered":"Lucca W4D2S \u2013 Vitrina 4D2S, juodo grafito\/\u0105\u017euolo spalvos"},"content":{"rendered":"<p>\u201eLucca W4D2S\u201c vitrina \u2013 tai elegancijos ir modernumo \u012fsik\u016bnijimas, neabejotinai patrauksiantis ak\u012f bet kuriame interjere. Juodo grafito korpusas ir \u201eCraft Oak\u201c fasadai sukuria unikal\u0173 derin\u012f, puikiai derant\u012f klasikin\u012f ir modern\u0173 stili\u0173. Juodo grafito apdaila suteikia prabangos elemento, o subtil\u016bs \u0105\u017euolo akcentai \u2013 \u0161ilumos ir jaukumo.<\/p>\n<p>Vienas pagrindini\u0173 \u0161ios vitrinos privalum\u0173 \u2013 funkcionalumo ir estetikos derinys. Skaidraus stiklo fasadai leid\u017eia pademonstruoti pagrindinius dekoratyvinius elementus ir kartu apsaugoti juos nuo dulki\u0173.<\/p>\n<p>Auksin\u0117s metalin\u0117s rankenos eleganti\u0161kai kontrastuoja su tamsiais ir mediniais elementais, suteikdamos visam dizainui rafinuotumo. Tvirtas cokolis ir dekoratyvin\u0117s MDF juostel\u0117s pabr\u0117\u017eia meistri\u0161kumo tvirtum\u0105 ir suteikia klas\u0117s bei presti\u017eo akcent\u0105. \u201eLucca W4D2S\u201c vitrina yra ne tik gra\u017eus baldas, bet ir prakti\u0161kas sprendimas, kuriame tilps visi j\u016bs\u0173 m\u0117gstamiausi daiktai.<\/p>\n<p>\u201eLucca W4D2S\u201c taip pat lengva surinkti, tod\u0117l galite greitai ir lengvai j\u012f pastatyti pasirinktoje vietoje. Jo laminuotos lentos yra atsparios pa\u017eeidimams, u\u017etikrinan\u010dios ilgamet\u012f naudojim\u0105 nepakenkiant kokybei. Tai puikus pasirinkimas tiems, kurie vertina estetik\u0105 ir funkcionalum\u0105 viename gaminyje.<\/p>\n<p>Nedelskite ir \u012fsid\u0117kite \u201eLucca W4D2S\u201c vitrin\u0105 \u012f savo krep\u0161el\u012f, kad gal\u0117tum\u0117te m\u0117gautis kasdieniu komfortu ir i\u0161skirtine elegancija savo namuose. \u0160is unikalus baldas neabejotinai taps neatsiejama j\u016bs\u0173 interjero dalimi, suteikdamas unikalaus stiliaus ir klasikinio \u017eavesio.<\/p>","protected":false},"excerpt":{"rendered":"<p>Plotis (cm): 118,5<br \/>\n\u016agis (cm): 164,5<br \/>\nGylis (cm): 41,5<\/p>","protected":false},"featured_media":161240,"comment_status":"open","ping_status":"open","template":"","meta":[],"product_brand":[],"product_cat":[9453,4106,2006],"product_tag":[],"class_list":{"0":"post-161239","1":"product","2":"type-product","3":"status-publish","4":"has-post-thumbnail","6":"product_cat-furniture-system-lucca-gala-meble","7":"product_cat-gala-meble","8":"product_cat-vitrines","10":"first","11":"instock","12":"purchasable","13":"product-type-simple"},"_links":{"self":[{"href":"https:\/\/baldumarket.lt\/lt\/wp-json\/wp\/v2\/product\/161239","targetHints":{"allow":["GET"]}}],"collection":[{"href":"https:\/\/baldumarket.lt\/lt\/wp-json\/wp\/v2\/product"}],"about":[{"href":"https:\/\/baldumarket.lt\/lt\/wp-json\/wp\/v2\/types\/product"}],"replies":[{"embeddable":true,"href":"https:\/\/baldumarket.lt\/lt\/wp-json\/wp\/v2\/comments?post=161239"}],"wp:featuredmedia":[{"embeddable":true,"href":"https:\/\/baldumarket.lt\/lt\/wp-json\/wp\/v2\/media\/161240"}],"wp:attachment":[{"href":"https:\/\/baldumarket.lt\/lt\/wp-json\/wp\/v2\/media?parent=161239"}],"wp:term":[{"taxonomy":"product_brand","embeddable":true,"href":"https:\/\/baldumarket.lt\/lt\/wp-json\/wp\/v2\/product_brand?post=161239"},{"taxonomy":"product_cat","embeddable":true,"href":"https:\/\/baldumarket.lt\/lt\/wp-json\/wp\/v2\/product_cat?post=161239"},{"taxonomy":"product_tag","embeddable":true,"href":"https:\/\/baldumarket.lt\/lt\/wp-json\/wp\/v2\/product_tag?post=161239"}],"curies":[{"name":"wp","href":"https:\/\/api.w.org\/{rel}","templated":true}]}}