{"id":161233,"date":"2025-12-19T01:36:46","date_gmt":"2025-12-18T22:36:46","guid":{"rendered":"https:\/\/baldumarket.lt\/product\/manami-k1d1s-komoda-waska-1d1s-cremona\/"},"modified":"2026-02-08T11:44:26","modified_gmt":"2026-02-08T08:44:26","slug":"manami-k1d1s-komoda-waska-1d1s-cremona","status":"publish","type":"product","link":"https:\/\/baldumarket.lt\/lt\/product\/manami-k1d1s-komoda-waska-1d1s-cremona\/","title":{"rendered":"Manami K1D1S \u2013 Siaura komoda 1D1S Cremona"},"content":{"rendered":"<p>\u201eManami K1D1S\u201c komoda \u2013 tai tobulas modernaus stiliaus ir funkcionalumo derinys, puikiai tinkantis bet kokiam interjerui. Siaura, 47 cm plo\u010dio forma paver\u010dia j\u0105 puikiu sprendimu ma\u017eoms erdv\u0117ms, kur svarbus kiekvienas centimetras. \u201eCremona\u201c spalva suteikia jai eleganti\u0161k\u0105, ta\u010diau \u0161ilt\u0105 i\u0161vaizd\u0105, suteikdama kambariui jaukumo. Subalansuota jos fasad\u0173 forma ir minimalistinis dizainas papildo modernius i\u0161d\u0117stymus, kurie pabr\u0117\u017eia paprastum\u0105 ir estetik\u0105. \u017dinoma, \u201eManami\u201c komoda pasi\u017eymi ne tik gro\u017eiu, bet ir neprilygstamu prakti\u0161kumu. \u012erengta trimis erdviais stal\u010diais, ji pasi\u017eymi puikia organizuotumu \u2013 puikiai tinka laikyti \u012fvairius smulkius daiktus, tokius kaip dokumentai, \u017eaislai ar tekstil\u0117. Sistema be ranken\u0117li\u0173 ir kampuoti fasadai ne tik palengvina stal\u010di\u0173 naudojim\u0105, bet ir suteikia elegancijos. Lengva prieiga prie daikt\u0173, kuriuos reikia tur\u0117ti po ranka kiekvien\u0105 dien\u0105, yra nesud\u0117tinga, o tai dar labiau pabr\u0117\u017eia \u0161ios komodos prakti\u0161kum\u0105 kasdieniame gyvenime. Auk\u0161tos kokyb\u0117s meistri\u0161kumas yra vienas i\u0161 pagrindini\u0173 \u201eManami K1D1S\u201c komodos privalum\u0173. Naudojama laminuota plok\u0161t\u0117 yra ne tik esteti\u0161kai patraukli, bet ir itin atspari pa\u017eeidimams, u\u017etikrinant, kad baldas tarnaus ilgus metus. Be to, metaliniai vyriai ir rutuliniai guoliai u\u017etikrina tyl\u0173 stal\u010di\u0173 veikim\u0105, o tai ypa\u010d svarbu namuose, kuriuose yra vaik\u0173 ar pagyvenusi\u0173 \u017emoni\u0173.<\/p>","protected":false},"excerpt":{"rendered":"<p>Plotis (cm): 47<br \/>\n\u016agis (cm): 87<br \/>\nGylis (cm): 40<\/p>","protected":false},"featured_media":161234,"comment_status":"open","ping_status":"open","template":"","meta":[],"product_brand":[],"product_cat":[9454,1173,4106],"product_tag":[],"class_list":{"0":"post-161233","1":"product","2":"type-product","3":"status-publish","4":"has-post-thumbnail","6":"product_cat-furniture-system-manami-gala-meble","7":"product_cat-chests-of-drawers","8":"product_cat-gala-meble","10":"first","11":"instock","12":"purchasable","13":"product-type-simple"},"_links":{"self":[{"href":"https:\/\/baldumarket.lt\/lt\/wp-json\/wp\/v2\/product\/161233","targetHints":{"allow":["GET"]}}],"collection":[{"href":"https:\/\/baldumarket.lt\/lt\/wp-json\/wp\/v2\/product"}],"about":[{"href":"https:\/\/baldumarket.lt\/lt\/wp-json\/wp\/v2\/types\/product"}],"replies":[{"embeddable":true,"href":"https:\/\/baldumarket.lt\/lt\/wp-json\/wp\/v2\/comments?post=161233"}],"wp:featuredmedia":[{"embeddable":true,"href":"https:\/\/baldumarket.lt\/lt\/wp-json\/wp\/v2\/media\/161234"}],"wp:attachment":[{"href":"https:\/\/baldumarket.lt\/lt\/wp-json\/wp\/v2\/media?parent=161233"}],"wp:term":[{"taxonomy":"product_brand","embeddable":true,"href":"https:\/\/baldumarket.lt\/lt\/wp-json\/wp\/v2\/product_brand?post=161233"},{"taxonomy":"product_cat","embeddable":true,"href":"https:\/\/baldumarket.lt\/lt\/wp-json\/wp\/v2\/product_cat?post=161233"},{"taxonomy":"product_tag","embeddable":true,"href":"https:\/\/baldumarket.lt\/lt\/wp-json\/wp\/v2\/product_tag?post=161233"}],"curies":[{"name":"wp","href":"https:\/\/api.w.org\/{rel}","templated":true}]}}